{"id":13774,"date":"2025-07-15T12:39:38","date_gmt":"2025-07-15T10:39:38","guid":{"rendered":"https:\/\/uj.adatbank.ro\/lexikon\/termek\/lazar-imre-gyulakuti-gr\/"},"modified":"2025-07-15T12:39:38","modified_gmt":"2025-07-15T10:39:38","slug":"lazar-imre-gyulakuti-gr","status":"publish","type":"product","link":"https:\/\/uj.adatbank.ro\/lexikon\/termek\/lazar-imre-gyulakuti-gr\/","title":{"rendered":"L\u00c1Z\u00c1R Imre, gyulakuti gr."},"content":{"rendered":"<p>1743. okt. 29., \u2020\u00a0Drass\u00f3, 1761. jan. 18., Gyulakut\u00e1n temett\u00e9k el. L.J\u00e1nos (1703\u20131772) \u00e9s gr. Teleki Kata (\u2020 1758) fia. N\u0151tlen. \u2013 Apja nyomait k\u00f6vetve, latin nyelven \u00edrt verseket. <br \/><strong>Irod.:<\/strong> Halotti besz\u00e9dek gr. L\u00e1z\u00e1r Imre felett (Nagyszeben, 1761); Halotti besz\u00e9dek \u00e9s versek b\u00e1r\u00f3 L. I. felett (Kv., 1761); Kov\u00e1sznai S\u00e1ndor: Laudatio funebris memoriae com. Emerici L\u00e1z\u00e1r, 1761. m\u00e1j. 17. (Lugduni Batavorum, 1761); Nagy Iv\u00e1n<\/br><\/p>\n","protected":false},"excerpt":{"rendered":"<p>1743. okt. 29., \u2020\u00a0Drass\u00f3, 1761. jan. 18., Gyulakut\u00e1n temett\u00e9k el. L.J\u00e1nos (1703\u20131772) \u00e9s gr. Teleki Kata (\u2020 1758) fia. N\u0151tlen. \u2013 Apja nyomait k\u00f6vetve, latin nyelven \u00edrt verseket. Irod.: Halotti besz\u00e9dek gr. L\u00e1z\u00e1r Imre felett (Nagyszeben, 1761); Halotti besz\u00e9dek \u00e9s versek b\u00e1r\u00f3 L. I. felett (Kv., 1761); Kov\u00e1sznai S\u00e1ndor: Laudatio funebris memoriae com. Emerici L\u00e1z\u00e1r, [&hellip;]<\/p>\n","protected":false},"featured_media":0,"comment_status":"open","ping_status":"closed","template":"","meta":[],"product_brand":[],"product_cat":[137],"product_tag":[],"class_list":{"0":"post-13774","1":"product","2":"type-product","3":"status-publish","5":"product_cat-maros-megyei-eletrajzi-lexikon","7":"first","8":"instock","9":"shipping-taxable","10":"product-type-simple"},"_links":{"self":[{"href":"https:\/\/uj.adatbank.ro\/lexikon\/wp-json\/wp\/v2\/product\/13774","targetHints":{"allow":["GET"]}}],"collection":[{"href":"https:\/\/uj.adatbank.ro\/lexikon\/wp-json\/wp\/v2\/product"}],"about":[{"href":"https:\/\/uj.adatbank.ro\/lexikon\/wp-json\/wp\/v2\/types\/product"}],"replies":[{"embeddable":true,"href":"https:\/\/uj.adatbank.ro\/lexikon\/wp-json\/wp\/v2\/comments?post=13774"}],"wp:attachment":[{"href":"https:\/\/uj.adatbank.ro\/lexikon\/wp-json\/wp\/v2\/media?parent=13774"}],"wp:term":[{"taxonomy":"product_brand","embeddable":true,"href":"https:\/\/uj.adatbank.ro\/lexikon\/wp-json\/wp\/v2\/product_brand?post=13774"},{"taxonomy":"product_cat","embeddable":true,"href":"https:\/\/uj.adatbank.ro\/lexikon\/wp-json\/wp\/v2\/product_cat?post=13774"},{"taxonomy":"product_tag","embeddable":true,"href":"https:\/\/uj.adatbank.ro\/lexikon\/wp-json\/wp\/v2\/product_tag?post=13774"}],"curies":[{"name":"wp","href":"https:\/\/api.w.org\/{rel}","templated":true}]}}