{"id":13775,"date":"2025-07-15T12:39:40","date_gmt":"2025-07-15T10:39:40","guid":{"rendered":"https:\/\/uj.adatbank.ro\/lexikon\/termek\/lazar-imre-szarhegyi-grof\/"},"modified":"2025-07-15T12:39:40","modified_gmt":"2025-07-15T10:39:40","slug":"lazar-imre-szarhegyi-grof","status":"publish","type":"product","link":"https:\/\/uj.adatbank.ro\/lexikon\/termek\/lazar-imre-szarhegyi-grof\/","title":{"rendered":"L\u00c1Z\u00c1R Imre, sz\u00e1rhegyi gr\u00f3f"},"content":{"rendered":"<p>? \u2020\u00a0K\u00f6rtv\u00e9lyf\u00e1ja, 1836.: hadnagy. \u2013 Tanult B\u00e9csben a Theresi\u00e1numban. <br \/><strong>Irod.:<\/strong> Szab\u00f3\u2013Sz\u00f6gi<\/br><\/p>\n","protected":false},"excerpt":{"rendered":"<p>? \u2020\u00a0K\u00f6rtv\u00e9lyf\u00e1ja, 1836.: hadnagy. \u2013 Tanult B\u00e9csben a Theresi\u00e1numban. Irod.: Szab\u00f3\u2013Sz\u00f6gi<\/p>\n","protected":false},"featured_media":0,"comment_status":"open","ping_status":"closed","template":"","meta":[],"product_brand":[],"product_cat":[137],"product_tag":[],"class_list":{"0":"post-13775","1":"product","2":"type-product","3":"status-publish","5":"product_cat-maros-megyei-eletrajzi-lexikon","7":"first","8":"instock","9":"shipping-taxable","10":"product-type-simple"},"_links":{"self":[{"href":"https:\/\/uj.adatbank.ro\/lexikon\/wp-json\/wp\/v2\/product\/13775","targetHints":{"allow":["GET"]}}],"collection":[{"href":"https:\/\/uj.adatbank.ro\/lexikon\/wp-json\/wp\/v2\/product"}],"about":[{"href":"https:\/\/uj.adatbank.ro\/lexikon\/wp-json\/wp\/v2\/types\/product"}],"replies":[{"embeddable":true,"href":"https:\/\/uj.adatbank.ro\/lexikon\/wp-json\/wp\/v2\/comments?post=13775"}],"wp:attachment":[{"href":"https:\/\/uj.adatbank.ro\/lexikon\/wp-json\/wp\/v2\/media?parent=13775"}],"wp:term":[{"taxonomy":"product_brand","embeddable":true,"href":"https:\/\/uj.adatbank.ro\/lexikon\/wp-json\/wp\/v2\/product_brand?post=13775"},{"taxonomy":"product_cat","embeddable":true,"href":"https:\/\/uj.adatbank.ro\/lexikon\/wp-json\/wp\/v2\/product_cat?post=13775"},{"taxonomy":"product_tag","embeddable":true,"href":"https:\/\/uj.adatbank.ro\/lexikon\/wp-json\/wp\/v2\/product_tag?post=13775"}],"curies":[{"name":"wp","href":"https:\/\/api.w.org\/{rel}","templated":true}]}}