{"id":13776,"date":"2025-07-15T12:39:42","date_gmt":"2025-07-15T10:39:42","guid":{"rendered":"https:\/\/uj.adatbank.ro\/lexikon\/termek\/lazar-imre-szentannai-es-gyalakuti\/"},"modified":"2025-07-15T12:39:42","modified_gmt":"2025-07-15T10:39:42","slug":"lazar-imre-szentannai-es-gyalakuti","status":"publish","type":"product","link":"https:\/\/uj.adatbank.ro\/lexikon\/termek\/lazar-imre-szentannai-es-gyalakuti\/","title":{"rendered":"L\u00c1Z\u00c1R Imre, szentannai \u00e9s gyalakuti"},"content":{"rendered":"<p>Gyulakuta, ? \u2020\u00a0Ap\u00e1ca, 1578.: ny\u00e1r\u00e1dszentannai birtokos, marossz\u00e9ki f\u0151kir\u00e1lyb\u00edr\u00f3. \u2013 L. J\u00e1nos \u00e9s Apafi Kl\u00e1ra (\u2020 1549 e.) fia.Testv\u00e9reivel Ferenc \u00e9s J\u00e1nossal apjukt\u00f3l a szentannai uradalmat \u00e9s a kisfaludi malmot \u00e9s j\u00f3sz\u00e1got \u00f6r\u00f6k\u00f6lt\u00e9k. Feles\u00e9ge: 1. Safarith Krisztina; 2. Gyalakuti Borb\u00e1la. \u0150 lett a gyulakuti \u00e9s szeredaszentannai \u00e1g alap\u00edt\u00f3ja. Gyermekeik: Gy\u00f6rgy (\u20201603), Kata, J\u00e1nos (\u20201607). \u2013 Testv\u00e9reivel Ferenc \u00e9s J\u00e1nossal apjukt\u00f3l a szentannai uradalmat \u00e9s a kisfaludi malmot \u00e9s j\u00f3sz\u00e1got \u00f6r\u00f6k\u00f6lt\u00e9k. Birtokai voltak m\u00e9g Gyalakut\u00e1n, Andr\u00e1sfalv\u00e1n, Torboszl\u00f3n. Nagy k\u00f6z\u00e9leti szerepe volt Erd\u00e9ly akkori mozgalmas \u00e9let\u00e9ben. A szamos\u00fajv\u00e1ri ogy.-en, az Izabella kir\u00e1lyn\u00e9 el\u00e9 k\u00fcld\u00f6tt k\u00f6vetek k\u00f6z\u00e9 v\u00e1lasztott\u00e1k (1556). A gyulafeh\u00e9rv\u00e1ri gy\u0171l\u00e9sen a sz\u00e9kelyek r\u00e9sz\u00e9r\u0151l az ad\u00f3 sz\u00e1mba v\u00e9tel\u00e9re rendelt\u00e9k ki a 7. t\u00f6rv. cikk szerint, ahol marossz\u00e9ki el\u0151n\u00e9vvel eml\u00edtett\u00e9k (1558). Az orsz\u00e1g rendei \u00e1ltal az urvacsora f\u00f6l\u00f6tti vall\u00e1si vita hallgat\u00e1s\u00e1ra kik\u00fcld\u00f6tt f\u0151urak k\u00f6z\u00f6tt volt (1560). Ott k\u00fczd\u00f6tt a J\u00e1nos Zsigmond fejedelmi hadsereg\u00e9ben a \u201esz\u00e9kely t\u00e1mad\u00e1s\u201d alkalm\u00e1val (1562). Szolg\u00e1latai jutalm\u00e1ul 16 jobb\u00e1gyh\u00e1zat nyert Gyulakut\u00e1n (1566. j\u00fal. 11.).Testv\u00e9r\u00e9vel Ferenccel J\u00e1nos Zsigmondt\u00f3l adom\u00e1nyk\u00e9nt a marossz\u00e9ki Ny\u00e1r\u00e1dandr\u00e1sfalv\u00e1n l\u00e9v\u0151 kir. r\u00e9szj\u00f3sz\u00e1got kapt\u00e1k (1570. m\u00e1rc. 29.). A sz\u00e9kb\u00edr\u00f3i, majd marossz\u00e9ki f\u0151kir\u00e1lyb\u00edr\u00f3i tisztet kaptak mind a ketten (1571). R\u00e9szt vett a szentp\u00e1li csat\u00e1ban, \u00e9s seg\u00edts\u00e9get adott B\u00e1thori Istv\u00e1n fejedelemnek B\u00e9k\u00e9s G\u00e1sp\u00e1r lever\u00e9s\u00e9ben (1575). Imr\u00e9vel, Ferenccel,mint a korabeli Marossz\u00e9k kir\u00e1lyb\u00edr\u00e1i, tagjai voltak B\u00e1thory Istv\u00e1n lengyel kir. k\u00eds\u00e9ret\u00e9nek (1576. febr. 8.). mint a korabeli Marossz\u00e9k Kir\u00e1lyb\u00edr\u00e1i, tagjai voltak B\u00e1thory Istv\u00e1n lengyel kir. k\u00eds\u00e9ret\u00e9nek (1576. febr. 8.). Sz\u00e9kely M\u00f3zes t\u00e1bor\u00e1ban, Ap\u00e1c\u00e1n\u00e1l halt meg. \u0150 az utols\u00f3 L\u00e1z\u00e1r Ny\u00e1r\u00e1dszentann\u00e1n, feles\u00e9g\u00e9vel, Gyulakuti Borb\u00e1l\u00e1val, Gyulakut\u00e1ra k\u00f6lt\u00f6z\u00f6tt \u00e9s a csal\u00e1di \u00e1g ott folytat\u00f3dott tov\u00e1bb. <br \/><strong>Irod.:<\/strong> Bicsok-Orb\u00e1n; Em\u0151d Tam\u00e1s; Garda Dezs\u0151: A L\u00e1z\u00e1r csal\u00e1d marossz\u00e9ki otthonalap\u00edt\u00e1sa\u2026 =  P\u00e1l-Antal \u2013 Simon; Gudenus; Gyulakuta \u00e9s egyh\u00e1za; Kornis; Ny\u00e1r\u00e1dszereda k\u00f6zs\u00e9g; ; Nagy Iv\u00e1n; P\u00e1l-Antal; P\u00e1l-Antal 2002; Remeteszeg; SzOkl 2; Sepsisz\u00e9ki, Szov\u00e1ta; \u00daIL<\/br><\/p>\n","protected":false},"excerpt":{"rendered":"<p>Gyulakuta, ? \u2020\u00a0Ap\u00e1ca, 1578.: ny\u00e1r\u00e1dszentannai birtokos, marossz\u00e9ki f\u0151kir\u00e1lyb\u00edr\u00f3. \u2013 L. J\u00e1nos \u00e9s Apafi Kl\u00e1ra (\u2020 1549 e.) fia.Testv\u00e9reivel Ferenc \u00e9s J\u00e1nossal apjukt\u00f3l a szentannai uradalmat \u00e9s a kisfaludi malmot \u00e9s j\u00f3sz\u00e1got \u00f6r\u00f6k\u00f6lt\u00e9k. Feles\u00e9ge: 1. Safarith Krisztina; 2. Gyalakuti Borb\u00e1la. \u0150 lett a gyulakuti \u00e9s szeredaszentannai \u00e1g alap\u00edt\u00f3ja. Gyermekeik: Gy\u00f6rgy (\u20201603), Kata, J\u00e1nos (\u20201607). \u2013 Testv\u00e9reivel [&hellip;]<\/p>\n","protected":false},"featured_media":0,"comment_status":"open","ping_status":"closed","template":"","meta":[],"product_brand":[],"product_cat":[137],"product_tag":[],"class_list":{"0":"post-13776","1":"product","2":"type-product","3":"status-publish","5":"product_cat-maros-megyei-eletrajzi-lexikon","7":"first","8":"instock","9":"shipping-taxable","10":"product-type-simple"},"_links":{"self":[{"href":"https:\/\/uj.adatbank.ro\/lexikon\/wp-json\/wp\/v2\/product\/13776","targetHints":{"allow":["GET"]}}],"collection":[{"href":"https:\/\/uj.adatbank.ro\/lexikon\/wp-json\/wp\/v2\/product"}],"about":[{"href":"https:\/\/uj.adatbank.ro\/lexikon\/wp-json\/wp\/v2\/types\/product"}],"replies":[{"embeddable":true,"href":"https:\/\/uj.adatbank.ro\/lexikon\/wp-json\/wp\/v2\/comments?post=13776"}],"wp:attachment":[{"href":"https:\/\/uj.adatbank.ro\/lexikon\/wp-json\/wp\/v2\/media?parent=13776"}],"wp:term":[{"taxonomy":"product_brand","embeddable":true,"href":"https:\/\/uj.adatbank.ro\/lexikon\/wp-json\/wp\/v2\/product_brand?post=13776"},{"taxonomy":"product_cat","embeddable":true,"href":"https:\/\/uj.adatbank.ro\/lexikon\/wp-json\/wp\/v2\/product_cat?post=13776"},{"taxonomy":"product_tag","embeddable":true,"href":"https:\/\/uj.adatbank.ro\/lexikon\/wp-json\/wp\/v2\/product_tag?post=13776"}],"curies":[{"name":"wp","href":"https:\/\/api.w.org\/{rel}","templated":true}]}}