{"id":13778,"date":"2025-07-15T12:39:44","date_gmt":"2025-07-15T10:39:44","guid":{"rendered":"https:\/\/uj.adatbank.ro\/lexikon\/termek\/lazar-istvan\/"},"modified":"2025-07-15T12:39:44","modified_gmt":"2025-07-15T10:39:44","slug":"lazar-istvan","status":"publish","type":"product","link":"https:\/\/uj.adatbank.ro\/lexikon\/termek\/lazar-istvan\/","title":{"rendered":"L\u00c1Z\u00c1R Istv\u00e1n"},"content":{"rendered":"<p>Halmi, 1909. febr. 22., \u2020\u00a0?: gy\u00f3gyszer\u00e9sz. \u2013 Oklevelet a kv.-i I. Ferdin\u00e1nd Kir. Egyet.-en kapott (1933. m\u00e1rc. 1.). Kv.-on, majd Mv.-en a M. Korona gy\u00f3gyszert\u00e1rban volt alkalmazott (1937. j\u00fan. 15.\u201344. \u00e1pr. 30.). <br \/><strong>Irod.:<\/strong> P\u00e9ter H. M.; P\u00e9ter H. M. 2013<\/br><\/p>\n","protected":false},"excerpt":{"rendered":"<p>Halmi, 1909. febr. 22., \u2020\u00a0?: gy\u00f3gyszer\u00e9sz. \u2013 Oklevelet a kv.-i I. Ferdin\u00e1nd Kir. Egyet.-en kapott (1933. m\u00e1rc. 1.). Kv.-on, majd Mv.-en a M. Korona gy\u00f3gyszert\u00e1rban volt alkalmazott (1937. j\u00fan. 15.\u201344. \u00e1pr. 30.). Irod.: P\u00e9ter H. M.; P\u00e9ter H. M. 2013<\/p>\n","protected":false},"featured_media":0,"comment_status":"open","ping_status":"closed","template":"","meta":[],"product_brand":[],"product_cat":[137],"product_tag":[],"class_list":{"0":"post-13778","1":"product","2":"type-product","3":"status-publish","5":"product_cat-maros-megyei-eletrajzi-lexikon","7":"first","8":"instock","9":"shipping-taxable","10":"product-type-simple"},"_links":{"self":[{"href":"https:\/\/uj.adatbank.ro\/lexikon\/wp-json\/wp\/v2\/product\/13778","targetHints":{"allow":["GET"]}}],"collection":[{"href":"https:\/\/uj.adatbank.ro\/lexikon\/wp-json\/wp\/v2\/product"}],"about":[{"href":"https:\/\/uj.adatbank.ro\/lexikon\/wp-json\/wp\/v2\/types\/product"}],"replies":[{"embeddable":true,"href":"https:\/\/uj.adatbank.ro\/lexikon\/wp-json\/wp\/v2\/comments?post=13778"}],"wp:attachment":[{"href":"https:\/\/uj.adatbank.ro\/lexikon\/wp-json\/wp\/v2\/media?parent=13778"}],"wp:term":[{"taxonomy":"product_brand","embeddable":true,"href":"https:\/\/uj.adatbank.ro\/lexikon\/wp-json\/wp\/v2\/product_brand?post=13778"},{"taxonomy":"product_cat","embeddable":true,"href":"https:\/\/uj.adatbank.ro\/lexikon\/wp-json\/wp\/v2\/product_cat?post=13778"},{"taxonomy":"product_tag","embeddable":true,"href":"https:\/\/uj.adatbank.ro\/lexikon\/wp-json\/wp\/v2\/product_tag?post=13778"}],"curies":[{"name":"wp","href":"https:\/\/api.w.org\/{rel}","templated":true}]}}