{"id":13782,"date":"2025-07-15T12:39:50","date_gmt":"2025-07-15T10:39:50","guid":{"rendered":"https:\/\/uj.adatbank.ro\/lexikon\/termek\/lazar-janos\/"},"modified":"2025-07-15T12:39:50","modified_gmt":"2025-07-15T10:39:50","slug":"lazar-janos","status":"publish","type":"product","link":"https:\/\/uj.adatbank.ro\/lexikon\/termek\/lazar-janos\/","title":{"rendered":"L\u00c1Z\u00c1R J\u00e1nos"},"content":{"rendered":"<p>? \u2020\u00a0?: r. k. pap. \u2013 Ny\u00e1r\u00e1dremet\u00e9n szolg\u00e1lt mint c\u00edmzetes alesperes pl\u00e9b\u00e1nos (1931. jan. 1.\u20131938. m\u00e1rc. 21.). <br \/><strong>Irod.:<\/strong> Maros-K\u00fck\u00fcll\u0151i f\u0151esp.<\/br><\/p>\n","protected":false},"excerpt":{"rendered":"<p>? \u2020\u00a0?: r. k. pap. \u2013 Ny\u00e1r\u00e1dremet\u00e9n szolg\u00e1lt mint c\u00edmzetes alesperes pl\u00e9b\u00e1nos (1931. jan. 1.\u20131938. m\u00e1rc. 21.). Irod.: Maros-K\u00fck\u00fcll\u0151i f\u0151esp.<\/p>\n","protected":false},"featured_media":0,"comment_status":"open","ping_status":"closed","template":"","meta":[],"product_brand":[],"product_cat":[137],"product_tag":[],"class_list":{"0":"post-13782","1":"product","2":"type-product","3":"status-publish","5":"product_cat-maros-megyei-eletrajzi-lexikon","7":"first","8":"instock","9":"shipping-taxable","10":"product-type-simple"},"_links":{"self":[{"href":"https:\/\/uj.adatbank.ro\/lexikon\/wp-json\/wp\/v2\/product\/13782","targetHints":{"allow":["GET"]}}],"collection":[{"href":"https:\/\/uj.adatbank.ro\/lexikon\/wp-json\/wp\/v2\/product"}],"about":[{"href":"https:\/\/uj.adatbank.ro\/lexikon\/wp-json\/wp\/v2\/types\/product"}],"replies":[{"embeddable":true,"href":"https:\/\/uj.adatbank.ro\/lexikon\/wp-json\/wp\/v2\/comments?post=13782"}],"wp:attachment":[{"href":"https:\/\/uj.adatbank.ro\/lexikon\/wp-json\/wp\/v2\/media?parent=13782"}],"wp:term":[{"taxonomy":"product_brand","embeddable":true,"href":"https:\/\/uj.adatbank.ro\/lexikon\/wp-json\/wp\/v2\/product_brand?post=13782"},{"taxonomy":"product_cat","embeddable":true,"href":"https:\/\/uj.adatbank.ro\/lexikon\/wp-json\/wp\/v2\/product_cat?post=13782"},{"taxonomy":"product_tag","embeddable":true,"href":"https:\/\/uj.adatbank.ro\/lexikon\/wp-json\/wp\/v2\/product_tag?post=13782"}],"curies":[{"name":"wp","href":"https:\/\/api.w.org\/{rel}","templated":true}]}}