{"id":13783,"date":"2025-07-15T12:39:54","date_gmt":"2025-07-15T10:39:54","guid":{"rendered":"https:\/\/uj.adatbank.ro\/lexikon\/termek\/lazar-janos-csikszenttamasi\/"},"modified":"2025-07-15T12:39:54","modified_gmt":"2025-07-15T10:39:54","slug":"lazar-janos-csikszenttamasi","status":"publish","type":"product","link":"https:\/\/uj.adatbank.ro\/lexikon\/termek\/lazar-janos-csikszenttamasi\/","title":{"rendered":"L\u00c1Z\u00c1R J\u00e1nos, cs\u00edkszenttam\u00e1si"},"content":{"rendered":"<p>? \u2020 ?: szabadi birtokos. \u2013 \u0150 \u00e9s feles\u00e9ge Judit eladt\u00e1k Mv.-nek a szabadi hat\u00e1rban lev\u0151 puszta h\u00e1zhely\u00fcket, sz\u00e1nt\u00f3f\u00f6ldeiket \u00e9s r\u00e9tjeiket, erdej\u00fcket \u00e9s t\u00f3hely\u00fcket (1608). <br \/><strong>Irod.:<\/strong> Id\u0151t\u00e1r 1; P\u00e1l-Antal 2009<\/br><\/p>\n","protected":false},"excerpt":{"rendered":"<p>? \u2020 ?: szabadi birtokos. \u2013 \u0150 \u00e9s feles\u00e9ge Judit eladt\u00e1k Mv.-nek a szabadi hat\u00e1rban lev\u0151 puszta h\u00e1zhely\u00fcket, sz\u00e1nt\u00f3f\u00f6ldeiket \u00e9s r\u00e9tjeiket, erdej\u00fcket \u00e9s t\u00f3hely\u00fcket (1608). Irod.: Id\u0151t\u00e1r 1; P\u00e1l-Antal 2009<\/p>\n","protected":false},"featured_media":0,"comment_status":"open","ping_status":"closed","template":"","meta":[],"product_brand":[],"product_cat":[137],"product_tag":[],"class_list":{"0":"post-13783","1":"product","2":"type-product","3":"status-publish","5":"product_cat-maros-megyei-eletrajzi-lexikon","7":"first","8":"instock","9":"shipping-taxable","10":"product-type-simple"},"_links":{"self":[{"href":"https:\/\/uj.adatbank.ro\/lexikon\/wp-json\/wp\/v2\/product\/13783","targetHints":{"allow":["GET"]}}],"collection":[{"href":"https:\/\/uj.adatbank.ro\/lexikon\/wp-json\/wp\/v2\/product"}],"about":[{"href":"https:\/\/uj.adatbank.ro\/lexikon\/wp-json\/wp\/v2\/types\/product"}],"replies":[{"embeddable":true,"href":"https:\/\/uj.adatbank.ro\/lexikon\/wp-json\/wp\/v2\/comments?post=13783"}],"wp:attachment":[{"href":"https:\/\/uj.adatbank.ro\/lexikon\/wp-json\/wp\/v2\/media?parent=13783"}],"wp:term":[{"taxonomy":"product_brand","embeddable":true,"href":"https:\/\/uj.adatbank.ro\/lexikon\/wp-json\/wp\/v2\/product_brand?post=13783"},{"taxonomy":"product_cat","embeddable":true,"href":"https:\/\/uj.adatbank.ro\/lexikon\/wp-json\/wp\/v2\/product_cat?post=13783"},{"taxonomy":"product_tag","embeddable":true,"href":"https:\/\/uj.adatbank.ro\/lexikon\/wp-json\/wp\/v2\/product_tag?post=13783"}],"curies":[{"name":"wp","href":"https:\/\/api.w.org\/{rel}","templated":true}]}}