{"id":13787,"date":"2025-07-15T12:39:59","date_gmt":"2025-07-15T10:39:59","guid":{"rendered":"https:\/\/uj.adatbank.ro\/lexikon\/termek\/lazar-janos-gyalakuti\/"},"modified":"2025-07-15T12:39:59","modified_gmt":"2025-07-15T10:39:59","slug":"lazar-janos-gyalakuti","status":"publish","type":"product","link":"https:\/\/uj.adatbank.ro\/lexikon\/termek\/lazar-janos-gyalakuti\/","title":{"rendered":"L\u00c1Z\u00c1R J\u00e1nos, gyalakuti"},"content":{"rendered":"<p>? \u2020 1626 e.: gyulakuti birtokos. \u2013 J\u00e1nos (\u20201607 e.) \u00e9s Bercs\u00e9nyi Borb\u00e1la fia. \u2013 A L\u00e1z\u00e1rok tulajdon\u00e1ban l\u00e9v\u0151 gyulakutai birtokot, kiskor\u00fas\u00e1ga idej\u00e9n sz\u00f6v\u00e9rdi G\u00e1sp\u00e1r J\u00e1nos marossz\u00e9ki f\u0151kapit\u00e1ny, anyja m\u00e1sodik f\u00e9rje gondozta (1607\u2013). Fia Gy\u00f6rgy (\u2020Szentdemeter, 1660 nov. 29, meg\u0151lt\u00e9k). <br \/><strong>Irod.:<\/strong> Keresztes Gyula: Kast\u00e9lyaink 24.: A gyulakutai udvarh\u00e1z (N\u00fa., 1992. okt. 3.); Nagy Iv\u00e1n<\/br><\/p>\n","protected":false},"excerpt":{"rendered":"<p>? \u2020 1626 e.: gyulakuti birtokos. \u2013 J\u00e1nos (\u20201607 e.) \u00e9s Bercs\u00e9nyi Borb\u00e1la fia. \u2013 A L\u00e1z\u00e1rok tulajdon\u00e1ban l\u00e9v\u0151 gyulakutai birtokot, kiskor\u00fas\u00e1ga idej\u00e9n sz\u00f6v\u00e9rdi G\u00e1sp\u00e1r J\u00e1nos marossz\u00e9ki f\u0151kapit\u00e1ny, anyja m\u00e1sodik f\u00e9rje gondozta (1607\u2013). Fia Gy\u00f6rgy (\u2020Szentdemeter, 1660 nov. 29, meg\u0151lt\u00e9k). Irod.: Keresztes Gyula: Kast\u00e9lyaink 24.: A gyulakutai udvarh\u00e1z (N\u00fa., 1992. okt. 3.); Nagy Iv\u00e1n<\/p>\n","protected":false},"featured_media":0,"comment_status":"open","ping_status":"closed","template":"","meta":[],"product_brand":[],"product_cat":[137],"product_tag":[],"class_list":{"0":"post-13787","1":"product","2":"type-product","3":"status-publish","5":"product_cat-maros-megyei-eletrajzi-lexikon","7":"first","8":"instock","9":"shipping-taxable","10":"product-type-simple"},"_links":{"self":[{"href":"https:\/\/uj.adatbank.ro\/lexikon\/wp-json\/wp\/v2\/product\/13787","targetHints":{"allow":["GET"]}}],"collection":[{"href":"https:\/\/uj.adatbank.ro\/lexikon\/wp-json\/wp\/v2\/product"}],"about":[{"href":"https:\/\/uj.adatbank.ro\/lexikon\/wp-json\/wp\/v2\/types\/product"}],"replies":[{"embeddable":true,"href":"https:\/\/uj.adatbank.ro\/lexikon\/wp-json\/wp\/v2\/comments?post=13787"}],"wp:attachment":[{"href":"https:\/\/uj.adatbank.ro\/lexikon\/wp-json\/wp\/v2\/media?parent=13787"}],"wp:term":[{"taxonomy":"product_brand","embeddable":true,"href":"https:\/\/uj.adatbank.ro\/lexikon\/wp-json\/wp\/v2\/product_brand?post=13787"},{"taxonomy":"product_cat","embeddable":true,"href":"https:\/\/uj.adatbank.ro\/lexikon\/wp-json\/wp\/v2\/product_cat?post=13787"},{"taxonomy":"product_tag","embeddable":true,"href":"https:\/\/uj.adatbank.ro\/lexikon\/wp-json\/wp\/v2\/product_tag?post=13787"}],"curies":[{"name":"wp","href":"https:\/\/api.w.org\/{rel}","templated":true}]}}