{"id":13788,"date":"2025-07-15T12:40:01","date_gmt":"2025-07-15T10:40:01","guid":{"rendered":"https:\/\/uj.adatbank.ro\/lexikon\/termek\/lazar-janos-gyalakuti-es-szentannai-gr\/"},"modified":"2025-07-15T12:40:01","modified_gmt":"2025-07-15T10:40:01","slug":"lazar-janos-gyalakuti-es-szentannai-gr","status":"publish","type":"product","link":"https:\/\/uj.adatbank.ro\/lexikon\/termek\/lazar-janos-gyalakuti-es-szentannai-gr\/","title":{"rendered":"L\u00c1Z\u00c1R J\u00e1nos, gyalakuti \u00e9s szentannai gr."},"content":{"rendered":"<p>? \u2020 1607 el\u0151tt: s\u00e1msondi \u00e9s szentannai birtokos.- L. Imre (\u20201578) marossz\u00e9ki f\u0151kir\u00e1lyb\u00edr\u00f3 \u00e9s Safarith Krisztina fia. Feles\u00e9ge sz\u00e9kesi Bercs\u00e9nyi Borb\u00e1la. Fia J\u00e1nos. \u2013 Szentannai \u00e9s gyalakuti predicatummal is \u00e9lt. Kat. vall\u00e1s\u00e1t a reform\u00e1tussal cser\u00e9lte fe. \u2013 Irod. : Gudenus; Nagy Iv\u00e1n<\/br><\/p>\n","protected":false},"excerpt":{"rendered":"<p>? \u2020 1607 el\u0151tt: s\u00e1msondi \u00e9s szentannai birtokos.- L. Imre (\u20201578) marossz\u00e9ki f\u0151kir\u00e1lyb\u00edr\u00f3 \u00e9s Safarith Krisztina fia. Feles\u00e9ge sz\u00e9kesi Bercs\u00e9nyi Borb\u00e1la. Fia J\u00e1nos. \u2013 Szentannai \u00e9s gyalakuti predicatummal is \u00e9lt. Kat. vall\u00e1s\u00e1t a reform\u00e1tussal cser\u00e9lte fe. \u2013 Irod. : Gudenus; Nagy Iv\u00e1n<\/p>\n","protected":false},"featured_media":0,"comment_status":"open","ping_status":"closed","template":"","meta":[],"product_brand":[],"product_cat":[137],"product_tag":[],"class_list":{"0":"post-13788","1":"product","2":"type-product","3":"status-publish","5":"product_cat-maros-megyei-eletrajzi-lexikon","7":"first","8":"instock","9":"shipping-taxable","10":"product-type-simple"},"_links":{"self":[{"href":"https:\/\/uj.adatbank.ro\/lexikon\/wp-json\/wp\/v2\/product\/13788","targetHints":{"allow":["GET"]}}],"collection":[{"href":"https:\/\/uj.adatbank.ro\/lexikon\/wp-json\/wp\/v2\/product"}],"about":[{"href":"https:\/\/uj.adatbank.ro\/lexikon\/wp-json\/wp\/v2\/types\/product"}],"replies":[{"embeddable":true,"href":"https:\/\/uj.adatbank.ro\/lexikon\/wp-json\/wp\/v2\/comments?post=13788"}],"wp:attachment":[{"href":"https:\/\/uj.adatbank.ro\/lexikon\/wp-json\/wp\/v2\/media?parent=13788"}],"wp:term":[{"taxonomy":"product_brand","embeddable":true,"href":"https:\/\/uj.adatbank.ro\/lexikon\/wp-json\/wp\/v2\/product_brand?post=13788"},{"taxonomy":"product_cat","embeddable":true,"href":"https:\/\/uj.adatbank.ro\/lexikon\/wp-json\/wp\/v2\/product_cat?post=13788"},{"taxonomy":"product_tag","embeddable":true,"href":"https:\/\/uj.adatbank.ro\/lexikon\/wp-json\/wp\/v2\/product_tag?post=13788"}],"curies":[{"name":"wp","href":"https:\/\/api.w.org\/{rel}","templated":true}]}}