{"id":13793,"date":"2025-07-15T12:40:09","date_gmt":"2025-07-15T10:40:09","guid":{"rendered":"https:\/\/uj.adatbank.ro\/lexikon\/termek\/lazar-jeno-szarhegyi-es-gyalakuti-gr\/"},"modified":"2025-07-15T12:40:09","modified_gmt":"2025-07-15T10:40:09","slug":"lazar-jeno-szarhegyi-es-gyalakuti-gr","status":"publish","type":"product","link":"https:\/\/uj.adatbank.ro\/lexikon\/termek\/lazar-jeno-szarhegyi-es-gyalakuti-gr\/","title":{"rendered":"L\u00c1Z\u00c1R Jen\u0151, sz\u00e1rhegyi \u00e9s gyalakuti gr."},"content":{"rendered":"<p>Meggyesfalva, 1845. okt. 12.,\u2020\u00a0Meggyesfalva, 1900. dec. 10., a csal\u00e1di k\u00e1poln\u00e1ba temett\u00e9k: f\u00f6ldbirtokos, fest\u0151, iparm\u0171v\u00e9sz, ogy.-i k\u00e9pvisel\u0151. \u2013 M\u00f3ric (1817\u20131865) \u00e9s nagybarcsai Barcsai Polix\u00e9nia (1822\u20131906) fia. Feles\u00e9ge: borsodi Bors Rudolfine Emanuella Ludmilla (1845\u20131894). L\u00e1nyai: Eleonora (Meggyesfalva,1871-Mv.,1952), Margit (Meggyesfalva, 1872. aug. 4.- Sz\u00e9cs\u00e9ny, 1954. j\u00fal. 26), f\u00e9rje kisfaludi \u00e9s lubellei br. Lipthay Frigyes (Lovrin, 1865- Lovrin, 1917)..A csal\u00e1dja f\u0151\u00e1ga gr. m\u00e9lt\u00f3s\u00e1got nyert (1702). Tanulm\u00e1nyait befejez\u00e9se ut\u00e1n n\u0151s\u00fclt meg (1869. aug. 25.). Meggyesfalvai birtok\u00e1ra vonult vissza. Kast\u00e9ly\u00e1ban m\u0171farag\u00f3 m\u0171helyt rendezett be, sz\u00f6v\u00e9szeti iskol\u00e1t alap\u00edtott, a r\u00e9gi h\u00e1ziipart akarta meghonos\u00edtani. Felismerte K\u00f6ll\u0151 Mikl\u00f3s szobr\u00e1sztehets\u00e9g\u00e9t.Sz\u00e9p gy\u00fcjtem\u00e9nye volt himz\u00e9si mint\u00e1kb\u00f3l \u00e9s kors\u00f3kb\u00f3l. Gy\u00fcjtem\u00e9ny\u00e9nek egy r\u00e9sze a bp.-i Iparm\u0171v\u00e9szeti M\u00fazeumban l\u00e1that\u00f3k. Maga j\u00f3l rajzolt, festett, sz\u00e9pen faragott, k\u00fcl\u00f6n szob\u00e1t rendeztetett be saj\u00e1t farag\u00e1sai sz\u00e1m\u00e1ra. A Bp.-i Orsz\u00e1gos Ki\u00e1ll.-on (1885), j\u00f3 munka-, j\u00f3 izl\u00e9s- \u00e9s k\u00f6zhaszn\u00fa tev\u00e9kenys\u00e9g\u00e9rt d\u00edszoklev\u00e9llel jutalmazt\u00e1k. A politikai \u00e9lett\u0151l sok\u00e1ig t\u00e1vol tartotta mag\u00e1t; a Szabadelv\u00fc P\u00e1rthoz csatlakozott, megv\u00e1lasztott\u00e1k a gernyeszegi ker\u00fcletben ogy.-i k\u00e9pvisel\u0151nek. Virilista (1887).Az EMKE alap\u00edt\u00f3 \u00e9s v\u00e1lasztott v\u00e1lasztm\u00e1nyi tagja (1885.\u00e1pr.12.-.). <br \/><strong>Irod.:<\/strong> 1885. \u00e9vi ki\u00e1ll.; \u00c1ltal\u00e1nos Ki\u00e1ll\u00edt\u00e1s (Bp., 1885); Bicsok-Orb\u00e1n; Bor\u00e1szati t\u00f6rzsk\u00f6nyv (Bp., 1883); \u00c9ber; EMKE 120; Gudenus; Id\u0151t\u00e1r 2; Gudenus; Keresztes Gyula: \u00d6r\u00f6ks\u00e9g\u00fcnk 45.: A meggyesfalvi kast\u00e9ly \u00e9p\u00fcletei (N\u00fa., 1993. nov. 19.); Moln\u00e1r; [Nekrol\u00f3g] (Sz\u00e9kely Lapok, 1900. dec. 11.); Ol\u00e1h-G\u00e1l Elvira; Pallas Lexikon; P\u00e1lmay; RNL; S\u00e1ndor; Szab\u00f3-K\u00e1llai; \u00daj orsz\u00e1ggy\u0171l\u00e9si almanach (Bp., 1888)<\/br><\/p>\n","protected":false},"excerpt":{"rendered":"<p>Meggyesfalva, 1845. okt. 12.,\u2020\u00a0Meggyesfalva, 1900. dec. 10., a csal\u00e1di k\u00e1poln\u00e1ba temett\u00e9k: f\u00f6ldbirtokos, fest\u0151, iparm\u0171v\u00e9sz, ogy.-i k\u00e9pvisel\u0151. \u2013 M\u00f3ric (1817\u20131865) \u00e9s nagybarcsai Barcsai Polix\u00e9nia (1822\u20131906) fia. Feles\u00e9ge: borsodi Bors Rudolfine Emanuella Ludmilla (1845\u20131894). L\u00e1nyai: Eleonora (Meggyesfalva,1871-Mv.,1952), Margit (Meggyesfalva, 1872. aug. 4.- Sz\u00e9cs\u00e9ny, 1954. j\u00fal. 26), f\u00e9rje kisfaludi \u00e9s lubellei br. Lipthay Frigyes (Lovrin, 1865- Lovrin, 1917)..A [&hellip;]<\/p>\n","protected":false},"featured_media":0,"comment_status":"open","ping_status":"closed","template":"","meta":[],"product_brand":[],"product_cat":[137],"product_tag":[],"class_list":{"0":"post-13793","1":"product","2":"type-product","3":"status-publish","5":"product_cat-maros-megyei-eletrajzi-lexikon","7":"first","8":"instock","9":"shipping-taxable","10":"product-type-simple"},"_links":{"self":[{"href":"https:\/\/uj.adatbank.ro\/lexikon\/wp-json\/wp\/v2\/product\/13793","targetHints":{"allow":["GET"]}}],"collection":[{"href":"https:\/\/uj.adatbank.ro\/lexikon\/wp-json\/wp\/v2\/product"}],"about":[{"href":"https:\/\/uj.adatbank.ro\/lexikon\/wp-json\/wp\/v2\/types\/product"}],"replies":[{"embeddable":true,"href":"https:\/\/uj.adatbank.ro\/lexikon\/wp-json\/wp\/v2\/comments?post=13793"}],"wp:attachment":[{"href":"https:\/\/uj.adatbank.ro\/lexikon\/wp-json\/wp\/v2\/media?parent=13793"}],"wp:term":[{"taxonomy":"product_brand","embeddable":true,"href":"https:\/\/uj.adatbank.ro\/lexikon\/wp-json\/wp\/v2\/product_brand?post=13793"},{"taxonomy":"product_cat","embeddable":true,"href":"https:\/\/uj.adatbank.ro\/lexikon\/wp-json\/wp\/v2\/product_cat?post=13793"},{"taxonomy":"product_tag","embeddable":true,"href":"https:\/\/uj.adatbank.ro\/lexikon\/wp-json\/wp\/v2\/product_tag?post=13793"}],"curies":[{"name":"wp","href":"https:\/\/api.w.org\/{rel}","templated":true}]}}