{"id":13794,"date":"2025-07-15T12:40:11","date_gmt":"2025-07-15T10:40:11","guid":{"rendered":"https:\/\/uj.adatbank.ro\/lexikon\/termek\/lazar-jozsef-csikvacsarcsi\/"},"modified":"2025-07-15T12:40:11","modified_gmt":"2025-07-15T10:40:11","slug":"lazar-jozsef-csikvacsarcsi","status":"publish","type":"product","link":"https:\/\/uj.adatbank.ro\/lexikon\/termek\/lazar-jozsef-csikvacsarcsi\/","title":{"rendered":"L\u00c1Z\u00c1R J\u00f3zsef, cs\u00edkvacs\u00e1rcsi"},"content":{"rendered":"<p>1821.? \u2020 Mv., 1858. nov. 8.: hadnagy. \u2013 Feles\u00e9ge: M\u00e1tyus \u00c1m\u00e1lia. \u2013 A Sz\u00e9kely-hat\u00e1r\u0151rezredbeli hadnagy, majd cs. kir. j\u00e1r\u00e1shivatalnok. <br \/><strong>Irod.:<\/strong> Gy\u00e1szjelent\u0151<\/br><\/p>\n","protected":false},"excerpt":{"rendered":"<p>1821.? \u2020 Mv., 1858. nov. 8.: hadnagy. \u2013 Feles\u00e9ge: M\u00e1tyus \u00c1m\u00e1lia. \u2013 A Sz\u00e9kely-hat\u00e1r\u0151rezredbeli hadnagy, majd cs. kir. j\u00e1r\u00e1shivatalnok. Irod.: Gy\u00e1szjelent\u0151<\/p>\n","protected":false},"featured_media":0,"comment_status":"open","ping_status":"closed","template":"","meta":[],"product_brand":[],"product_cat":[137],"product_tag":[],"class_list":{"0":"post-13794","1":"product","2":"type-product","3":"status-publish","5":"product_cat-maros-megyei-eletrajzi-lexikon","7":"first","8":"instock","9":"shipping-taxable","10":"product-type-simple"},"_links":{"self":[{"href":"https:\/\/uj.adatbank.ro\/lexikon\/wp-json\/wp\/v2\/product\/13794","targetHints":{"allow":["GET"]}}],"collection":[{"href":"https:\/\/uj.adatbank.ro\/lexikon\/wp-json\/wp\/v2\/product"}],"about":[{"href":"https:\/\/uj.adatbank.ro\/lexikon\/wp-json\/wp\/v2\/types\/product"}],"replies":[{"embeddable":true,"href":"https:\/\/uj.adatbank.ro\/lexikon\/wp-json\/wp\/v2\/comments?post=13794"}],"wp:attachment":[{"href":"https:\/\/uj.adatbank.ro\/lexikon\/wp-json\/wp\/v2\/media?parent=13794"}],"wp:term":[{"taxonomy":"product_brand","embeddable":true,"href":"https:\/\/uj.adatbank.ro\/lexikon\/wp-json\/wp\/v2\/product_brand?post=13794"},{"taxonomy":"product_cat","embeddable":true,"href":"https:\/\/uj.adatbank.ro\/lexikon\/wp-json\/wp\/v2\/product_cat?post=13794"},{"taxonomy":"product_tag","embeddable":true,"href":"https:\/\/uj.adatbank.ro\/lexikon\/wp-json\/wp\/v2\/product_tag?post=13794"}],"curies":[{"name":"wp","href":"https:\/\/api.w.org\/{rel}","templated":true}]}}