{"id":13797,"date":"2025-07-15T12:40:18","date_gmt":"2025-07-15T10:40:18","guid":{"rendered":"https:\/\/uj.adatbank.ro\/lexikon\/termek\/lazar-jozsef-szarhegyi-gr\/"},"modified":"2025-07-15T12:40:18","modified_gmt":"2025-07-15T10:40:18","slug":"lazar-jozsef-szarhegyi-gr","status":"publish","type":"product","link":"https:\/\/uj.adatbank.ro\/lexikon\/termek\/lazar-jozsef-szarhegyi-gr\/","title":{"rendered":"L\u00c1Z\u00c1R J\u00f3zsef, sz\u00e1rhegyi gr."},"content":{"rendered":"<p>? \u2020\u00a0Sz\u00e1szerked, 1819. okt. 16.: cs. kir. kamar\u00e1s \u00e9s az erd\u00e9lyi m. nemes insurgensekn\u00e9l f\u0151str\u00e1zsamester. \u2013 L. Antal (1731\u20131783) \u00e9s Torma \u00c9va fia. Feles\u00e9ge: Bornemisza Roz\u00e1lia (\u2020\u00a0Sz\u00e1szerked, 1783. sept. 14.). br. Bornemisza P\u00e1l \u00e9s gr. Mikes Anna le\u00e1nya, br. Bornemisza Roz\u00e1lia (\u2020\u00a0Sz\u00e1szerked, 1783. sept. 14.), fi\u00fak J\u00f3zsef (1782\u20131865. marc. 13); 2. gr. Bethlen M\u00e1ria, volt gr. F\u00f6ldv\u00e1ri Ferencn\u00e9 \u00f6zv. (esk\u00fcv\u0151: 1804) (1763.?- Marosgezse,1817. m\u00e1j. 1.). \u2013 Mint kir\u00e1lyi hivatalos k\u00f6ld\u00f6tt minden di\u00e9t\u00e1n jelen volt (1790\u20131811, kiv\u00e9ve 1792). Medgyesfalv\u00e1n volt birtokos. Kiv\u00e1ltotta az elz\u00e1logos\u00edtott serlingi j\u00f3sz\u00e1got. \u2013 F.m. : Egy sz\u00f3 az erd\u00e9lyi nemes ifjus\u00e1ghoz. (Mv., 1812; Kv, 1816). Mind a k\u00e9t p\u00e9ld\u00e1ny v\u00e9g\u00e9n: (B\u00e9cs, november 1806). A bevezet\u00e9s szerint n\u00e9metb\u0151l van ford\u00edtva Demi\u00e1n \u00e1ltal \u00e9s L. a kiad\u00f3. Ezen munka az Anleitung zum Selbstsudium der milit\u00e4rischen Dienstwisserschaft. (Wien, 1809). c. munka el\u0151besz\u00e9d\u00e9nek ford\u00edt\u00e1sa; Besz\u00e9dje, melyet a vit\u00e9z felk\u00f6lt nemes harmadik lovas ezred elbocs\u00e1ttat\u00e1sa alkalmatoss\u00e1g\u00e1val, a mid\u0151n a nemes marossz\u00e9ki oszt\u00e1lyt a nemes sz\u00e9k tiszts\u00e9g\u00e9nek sz\u00e1mba adta volna, elmondott Marosv\u00e1s\u00e1rhelyt b\u0151jtm\u00e1s hav\u00e1nak 3. 1810. (Mv, 1816.). <br \/><strong>Irod.:<\/strong> Gudenus; Gy\u00f6rgy: A ferencrendiek; Halotti besz\u00e9dek; Kornis; Kr\u00f3n F\u00fcz. (1939.4\/9); L\u00e1z\u00e1r Mikl\u00f3s gr.: A gr\u00f3f L\u00e1z\u00e1r csal\u00e1d (Kv., 1858); Lev\u00e9lt\u00e1ri gy\u00e1szj.; Nagy Iv\u00e1n; Szinnyei<\/br><\/p>\n","protected":false},"excerpt":{"rendered":"<p>? \u2020\u00a0Sz\u00e1szerked, 1819. okt. 16.: cs. kir. kamar\u00e1s \u00e9s az erd\u00e9lyi m. nemes insurgensekn\u00e9l f\u0151str\u00e1zsamester. \u2013 L. Antal (1731\u20131783) \u00e9s Torma \u00c9va fia. Feles\u00e9ge: Bornemisza Roz\u00e1lia (\u2020\u00a0Sz\u00e1szerked, 1783. sept. 14.). br. Bornemisza P\u00e1l \u00e9s gr. Mikes Anna le\u00e1nya, br. Bornemisza Roz\u00e1lia (\u2020\u00a0Sz\u00e1szerked, 1783. sept. 14.), fi\u00fak J\u00f3zsef (1782\u20131865. marc. 13); 2. gr. Bethlen M\u00e1ria, volt [&hellip;]<\/p>\n","protected":false},"featured_media":0,"comment_status":"open","ping_status":"closed","template":"","meta":[],"product_brand":[],"product_cat":[137],"product_tag":[],"class_list":{"0":"post-13797","1":"product","2":"type-product","3":"status-publish","5":"product_cat-maros-megyei-eletrajzi-lexikon","7":"first","8":"instock","9":"shipping-taxable","10":"product-type-simple"},"_links":{"self":[{"href":"https:\/\/uj.adatbank.ro\/lexikon\/wp-json\/wp\/v2\/product\/13797","targetHints":{"allow":["GET"]}}],"collection":[{"href":"https:\/\/uj.adatbank.ro\/lexikon\/wp-json\/wp\/v2\/product"}],"about":[{"href":"https:\/\/uj.adatbank.ro\/lexikon\/wp-json\/wp\/v2\/types\/product"}],"replies":[{"embeddable":true,"href":"https:\/\/uj.adatbank.ro\/lexikon\/wp-json\/wp\/v2\/comments?post=13797"}],"wp:attachment":[{"href":"https:\/\/uj.adatbank.ro\/lexikon\/wp-json\/wp\/v2\/media?parent=13797"}],"wp:term":[{"taxonomy":"product_brand","embeddable":true,"href":"https:\/\/uj.adatbank.ro\/lexikon\/wp-json\/wp\/v2\/product_brand?post=13797"},{"taxonomy":"product_cat","embeddable":true,"href":"https:\/\/uj.adatbank.ro\/lexikon\/wp-json\/wp\/v2\/product_cat?post=13797"},{"taxonomy":"product_tag","embeddable":true,"href":"https:\/\/uj.adatbank.ro\/lexikon\/wp-json\/wp\/v2\/product_tag?post=13797"}],"curies":[{"name":"wp","href":"https:\/\/api.w.org\/{rel}","templated":true}]}}