{"id":13801,"date":"2025-07-15T12:40:25","date_gmt":"2025-07-15T10:40:25","guid":{"rendered":"https:\/\/uj.adatbank.ro\/lexikon\/termek\/lazar-kalman\/"},"modified":"2025-07-15T12:40:25","modified_gmt":"2025-07-15T10:40:25","slug":"lazar-kalman","status":"publish","type":"product","link":"https:\/\/uj.adatbank.ro\/lexikon\/termek\/lazar-kalman\/","title":{"rendered":"L\u00c1Z\u00c1R K\u00e1lm\u00e1n"},"content":{"rendered":"<p>? \u2020\u00a0?: sportol\u00f3. \u2013 Az MTE rendes tagja (1884). H\u00e1za Sz\u00e1szbog\u00e1cson (1773-b\u00f3l val\u00f3) \u201eB\u201d kateg\u00f3ri\u00e1s m\u0171eml\u00e9k. <br \/><strong>Irod.:<\/strong> Sikl\u00f3ssy; Valori mure\u015fene de patrimoniu<\/br><\/p>\n","protected":false},"excerpt":{"rendered":"<p>? \u2020\u00a0?: sportol\u00f3. \u2013 Az MTE rendes tagja (1884). H\u00e1za Sz\u00e1szbog\u00e1cson (1773-b\u00f3l val\u00f3) \u201eB\u201d kateg\u00f3ri\u00e1s m\u0171eml\u00e9k. Irod.: Sikl\u00f3ssy; Valori mure\u015fene de patrimoniu<\/p>\n","protected":false},"featured_media":0,"comment_status":"open","ping_status":"closed","template":"","meta":[],"product_brand":[],"product_cat":[137],"product_tag":[],"class_list":{"0":"post-13801","1":"product","2":"type-product","3":"status-publish","5":"product_cat-maros-megyei-eletrajzi-lexikon","7":"first","8":"instock","9":"shipping-taxable","10":"product-type-simple"},"_links":{"self":[{"href":"https:\/\/uj.adatbank.ro\/lexikon\/wp-json\/wp\/v2\/product\/13801","targetHints":{"allow":["GET"]}}],"collection":[{"href":"https:\/\/uj.adatbank.ro\/lexikon\/wp-json\/wp\/v2\/product"}],"about":[{"href":"https:\/\/uj.adatbank.ro\/lexikon\/wp-json\/wp\/v2\/types\/product"}],"replies":[{"embeddable":true,"href":"https:\/\/uj.adatbank.ro\/lexikon\/wp-json\/wp\/v2\/comments?post=13801"}],"wp:attachment":[{"href":"https:\/\/uj.adatbank.ro\/lexikon\/wp-json\/wp\/v2\/media?parent=13801"}],"wp:term":[{"taxonomy":"product_brand","embeddable":true,"href":"https:\/\/uj.adatbank.ro\/lexikon\/wp-json\/wp\/v2\/product_brand?post=13801"},{"taxonomy":"product_cat","embeddable":true,"href":"https:\/\/uj.adatbank.ro\/lexikon\/wp-json\/wp\/v2\/product_cat?post=13801"},{"taxonomy":"product_tag","embeddable":true,"href":"https:\/\/uj.adatbank.ro\/lexikon\/wp-json\/wp\/v2\/product_tag?post=13801"}],"curies":[{"name":"wp","href":"https:\/\/api.w.org\/{rel}","templated":true}]}}