{"id":13804,"date":"2025-07-15T12:40:30","date_gmt":"2025-07-15T10:40:30","guid":{"rendered":"https:\/\/uj.adatbank.ro\/lexikon\/termek\/lazar-laszlo\/"},"modified":"2025-07-15T12:40:30","modified_gmt":"2025-07-15T10:40:30","slug":"lazar-laszlo","status":"publish","type":"product","link":"https:\/\/uj.adatbank.ro\/lexikon\/termek\/lazar-laszlo\/","title":{"rendered":"L\u00c1Z\u00c1R L\u00e1szl\u00f3"},"content":{"rendered":"<p>? \u2020\u00a0Jobb\u00e1gyfalva, 1779 k.: f\u00f6ldbirtokos. \u2013 Jobb\u00e1gyfalv\u00e1n lakott. Feles\u00e9ge: br. Henter Bora (f\u0151kir\u00e1lybir\u00f3 br. Henter \u00c1d\u00e1m \u00e9s Petki Nagy Borb\u00e1ra le\u00e1nya). Le\u00e1nyuk: \u00c9va Petrichevich Horv\u00e1th D\u00e1nieln\u00e9. (\u2020\u00a0\u00f6zv., 1857. m\u00e1rc. 24. 77-ik \u00e9v\u00e9ben) Jobb\u00e1gyfalv\u00e1n van eltemetve. <br \/><strong>Irod.:<\/strong> Cs\u00edkfalva; Nagy Iv\u00e1n<\/br><\/p>\n","protected":false},"excerpt":{"rendered":"<p>? \u2020\u00a0Jobb\u00e1gyfalva, 1779 k.: f\u00f6ldbirtokos. \u2013 Jobb\u00e1gyfalv\u00e1n lakott. Feles\u00e9ge: br. Henter Bora (f\u0151kir\u00e1lybir\u00f3 br. Henter \u00c1d\u00e1m \u00e9s Petki Nagy Borb\u00e1ra le\u00e1nya). Le\u00e1nyuk: \u00c9va Petrichevich Horv\u00e1th D\u00e1nieln\u00e9. (\u2020\u00a0\u00f6zv., 1857. m\u00e1rc. 24. 77-ik \u00e9v\u00e9ben) Jobb\u00e1gyfalv\u00e1n van eltemetve. Irod.: Cs\u00edkfalva; Nagy Iv\u00e1n<\/p>\n","protected":false},"featured_media":0,"comment_status":"open","ping_status":"closed","template":"","meta":[],"product_brand":[],"product_cat":[137],"product_tag":[],"class_list":{"0":"post-13804","1":"product","2":"type-product","3":"status-publish","5":"product_cat-maros-megyei-eletrajzi-lexikon","7":"first","8":"instock","9":"shipping-taxable","10":"product-type-simple"},"_links":{"self":[{"href":"https:\/\/uj.adatbank.ro\/lexikon\/wp-json\/wp\/v2\/product\/13804","targetHints":{"allow":["GET"]}}],"collection":[{"href":"https:\/\/uj.adatbank.ro\/lexikon\/wp-json\/wp\/v2\/product"}],"about":[{"href":"https:\/\/uj.adatbank.ro\/lexikon\/wp-json\/wp\/v2\/types\/product"}],"replies":[{"embeddable":true,"href":"https:\/\/uj.adatbank.ro\/lexikon\/wp-json\/wp\/v2\/comments?post=13804"}],"wp:attachment":[{"href":"https:\/\/uj.adatbank.ro\/lexikon\/wp-json\/wp\/v2\/media?parent=13804"}],"wp:term":[{"taxonomy":"product_brand","embeddable":true,"href":"https:\/\/uj.adatbank.ro\/lexikon\/wp-json\/wp\/v2\/product_brand?post=13804"},{"taxonomy":"product_cat","embeddable":true,"href":"https:\/\/uj.adatbank.ro\/lexikon\/wp-json\/wp\/v2\/product_cat?post=13804"},{"taxonomy":"product_tag","embeddable":true,"href":"https:\/\/uj.adatbank.ro\/lexikon\/wp-json\/wp\/v2\/product_tag?post=13804"}],"curies":[{"name":"wp","href":"https:\/\/api.w.org\/{rel}","templated":true}]}}