{"id":13808,"date":"2025-07-15T12:40:40","date_gmt":"2025-07-15T10:40:40","guid":{"rendered":"https:\/\/uj.adatbank.ro\/lexikon\/termek\/lazar-lorinc\/"},"modified":"2025-07-15T12:40:40","modified_gmt":"2025-07-15T10:40:40","slug":"lazar-lorinc","status":"publish","type":"product","link":"https:\/\/uj.adatbank.ro\/lexikon\/termek\/lazar-lorinc\/","title":{"rendered":"L\u00c1Z\u00c1R L\u0151rinc"},"content":{"rendered":"<p>? \u2020\u00a0?\u00a0: marossz\u00e9ki f\u0151ember. \u2013 II. J\u00e1nos kir\u00e1ly had\u00e1ban h\u00edven szolg\u00e1lt (1566. j\u00fal. 11 el\u0151tt). <br \/><strong>Irod.:<\/strong> SzOkl, 2<\/br><\/p>\n","protected":false},"excerpt":{"rendered":"<p>? \u2020\u00a0?\u00a0: marossz\u00e9ki f\u0151ember. \u2013 II. J\u00e1nos kir\u00e1ly had\u00e1ban h\u00edven szolg\u00e1lt (1566. j\u00fal. 11 el\u0151tt). Irod.: SzOkl, 2<\/p>\n","protected":false},"featured_media":0,"comment_status":"open","ping_status":"closed","template":"","meta":[],"product_brand":[],"product_cat":[137],"product_tag":[],"class_list":{"0":"post-13808","1":"product","2":"type-product","3":"status-publish","5":"product_cat-maros-megyei-eletrajzi-lexikon","7":"first","8":"instock","9":"shipping-taxable","10":"product-type-simple"},"_links":{"self":[{"href":"https:\/\/uj.adatbank.ro\/lexikon\/wp-json\/wp\/v2\/product\/13808","targetHints":{"allow":["GET"]}}],"collection":[{"href":"https:\/\/uj.adatbank.ro\/lexikon\/wp-json\/wp\/v2\/product"}],"about":[{"href":"https:\/\/uj.adatbank.ro\/lexikon\/wp-json\/wp\/v2\/types\/product"}],"replies":[{"embeddable":true,"href":"https:\/\/uj.adatbank.ro\/lexikon\/wp-json\/wp\/v2\/comments?post=13808"}],"wp:attachment":[{"href":"https:\/\/uj.adatbank.ro\/lexikon\/wp-json\/wp\/v2\/media?parent=13808"}],"wp:term":[{"taxonomy":"product_brand","embeddable":true,"href":"https:\/\/uj.adatbank.ro\/lexikon\/wp-json\/wp\/v2\/product_brand?post=13808"},{"taxonomy":"product_cat","embeddable":true,"href":"https:\/\/uj.adatbank.ro\/lexikon\/wp-json\/wp\/v2\/product_cat?post=13808"},{"taxonomy":"product_tag","embeddable":true,"href":"https:\/\/uj.adatbank.ro\/lexikon\/wp-json\/wp\/v2\/product_tag?post=13808"}],"curies":[{"name":"wp","href":"https:\/\/api.w.org\/{rel}","templated":true}]}}