{"id":13809,"date":"2025-07-15T12:40:42","date_gmt":"2025-07-15T10:40:42","guid":{"rendered":"https:\/\/uj.adatbank.ro\/lexikon\/termek\/lazar-mano\/"},"modified":"2025-07-15T12:40:42","modified_gmt":"2025-07-15T10:40:42","slug":"lazar-mano","status":"publish","type":"product","link":"https:\/\/uj.adatbank.ro\/lexikon\/termek\/lazar-mano\/","title":{"rendered":"L\u00c1Z\u00c1R Man\u00f3"},"content":{"rendered":"<p>? \u2020\u00a0?: f\u00f6ldbirtokos. \u2013 Nagys\u00e1rm\u00e1son birtokos. Az EMKE alap\u00edt\u00f3 \u00e9s \u00f6r\u00f6k\u00f6s tagja (1885\u2013). Nagys\u00e1rm\u00e1si ki\u00e1ll\u00edt\u00f3 (1881) \u00e9s a ki\u00e1ll.-i nagy \u00e9remmel \u00fcntetett\u00e9k ki az Orsz\u00e1gos \u00c1ltal\u00e1nos Ki\u00e1ll.-on az 1834-iki feh\u00e9r asztali bor\u00e1\u00e9rt (1885). <br \/><strong>Irod.:<\/strong> 1885.\u00e9vi ki\u00e1ll.; EMKE 120; S\u00e1ndor<\/br><\/p>\n","protected":false},"excerpt":{"rendered":"<p>? \u2020\u00a0?: f\u00f6ldbirtokos. \u2013 Nagys\u00e1rm\u00e1son birtokos. Az EMKE alap\u00edt\u00f3 \u00e9s \u00f6r\u00f6k\u00f6s tagja (1885\u2013). Nagys\u00e1rm\u00e1si ki\u00e1ll\u00edt\u00f3 (1881) \u00e9s a ki\u00e1ll.-i nagy \u00e9remmel \u00fcntetett\u00e9k ki az Orsz\u00e1gos \u00c1ltal\u00e1nos Ki\u00e1ll.-on az 1834-iki feh\u00e9r asztali bor\u00e1\u00e9rt (1885). Irod.: 1885.\u00e9vi ki\u00e1ll.; EMKE 120; S\u00e1ndor<\/p>\n","protected":false},"featured_media":0,"comment_status":"open","ping_status":"closed","template":"","meta":[],"product_brand":[],"product_cat":[137],"product_tag":[],"class_list":{"0":"post-13809","1":"product","2":"type-product","3":"status-publish","5":"product_cat-maros-megyei-eletrajzi-lexikon","7":"first","8":"instock","9":"shipping-taxable","10":"product-type-simple"},"_links":{"self":[{"href":"https:\/\/uj.adatbank.ro\/lexikon\/wp-json\/wp\/v2\/product\/13809","targetHints":{"allow":["GET"]}}],"collection":[{"href":"https:\/\/uj.adatbank.ro\/lexikon\/wp-json\/wp\/v2\/product"}],"about":[{"href":"https:\/\/uj.adatbank.ro\/lexikon\/wp-json\/wp\/v2\/types\/product"}],"replies":[{"embeddable":true,"href":"https:\/\/uj.adatbank.ro\/lexikon\/wp-json\/wp\/v2\/comments?post=13809"}],"wp:attachment":[{"href":"https:\/\/uj.adatbank.ro\/lexikon\/wp-json\/wp\/v2\/media?parent=13809"}],"wp:term":[{"taxonomy":"product_brand","embeddable":true,"href":"https:\/\/uj.adatbank.ro\/lexikon\/wp-json\/wp\/v2\/product_brand?post=13809"},{"taxonomy":"product_cat","embeddable":true,"href":"https:\/\/uj.adatbank.ro\/lexikon\/wp-json\/wp\/v2\/product_cat?post=13809"},{"taxonomy":"product_tag","embeddable":true,"href":"https:\/\/uj.adatbank.ro\/lexikon\/wp-json\/wp\/v2\/product_tag?post=13809"}],"curies":[{"name":"wp","href":"https:\/\/api.w.org\/{rel}","templated":true}]}}