{"id":13810,"date":"2025-07-15T12:40:44","date_gmt":"2025-07-15T10:40:44","guid":{"rendered":"https:\/\/uj.adatbank.ro\/lexikon\/termek\/lazar-margit-szarhegyi-gr-lazar-bors-margit-lipthay-frigyesne\/"},"modified":"2025-07-15T12:40:44","modified_gmt":"2025-07-15T10:40:44","slug":"lazar-margit-szarhegyi-gr-lazar-bors-margit-lipthay-frigyesne","status":"publish","type":"product","link":"https:\/\/uj.adatbank.ro\/lexikon\/termek\/lazar-margit-szarhegyi-gr-lazar-bors-margit-lipthay-frigyesne\/","title":{"rendered":"L\u00c1Z\u00c1R Margit, sz\u00e1rhegyi gr., L\u00e1z\u00e1r-Bors Margit; Lipthay Frigyesn\u00e9"},"content":{"rendered":"<p>Meggyesfalva, 1872. aug. 4. \u2020 Sz\u00e9cs\u00e9ny,1954. j\u00fal. 26.: f\u00f6ldbirtokos. \u2013 Adopt\u00e1lta nagyn\u00e9nje gr. L\u00e1z\u00e1r Corina borsodi br. Bors \u00c1gost Lip\u00f3t Viktorn\u00e9. Gr\u00f3fi rangj\u00e1t \u00e9s kett\u0151s csal\u00e1dnev\u00e9t a M. Kir. BM 57.503\/1938. sz\u00e1m alatt igazolta. F\u00e9rjhez ment br. Lipthay Frigyeshez (1865- Lovrin, 1917. nov. 22.) a f\u0151rendih\u00e1z \u00f6r\u00f6k\u00f6s tagj\u00e1hoz (Meggyesfalva, 1891. aug. 15.). Fia Antal, a gyergy\u00f3sz\u00e1rhegyi kast\u00e9ly \u00f6r\u00f6k\u00f6se, amit visszaig\u00e9nyelt, N\u00f3ra unok\u00e1j\u00e1val az Argentin\u00e1ban \u00e9l\u0151 Apor Kl\u00e1r\u00e1val egy\u00fctt.<br \/><strong>Irod.:<\/strong> Bicsok-Orb\u00e1n; Gudenus; Lev\u00e9lt\u00e1ri gy\u00e1szj; Ol\u00e1h-G\u00e1l Elvira<\/br><\/p>\n","protected":false},"excerpt":{"rendered":"<p>Meggyesfalva, 1872. aug. 4. \u2020 Sz\u00e9cs\u00e9ny,1954. j\u00fal. 26.: f\u00f6ldbirtokos. \u2013 Adopt\u00e1lta nagyn\u00e9nje gr. L\u00e1z\u00e1r Corina borsodi br. Bors \u00c1gost Lip\u00f3t Viktorn\u00e9. Gr\u00f3fi rangj\u00e1t \u00e9s kett\u0151s csal\u00e1dnev\u00e9t a M. Kir. BM 57.503\/1938. sz\u00e1m alatt igazolta. F\u00e9rjhez ment br. Lipthay Frigyeshez (1865- Lovrin, 1917. nov. 22.) a f\u0151rendih\u00e1z \u00f6r\u00f6k\u00f6s tagj\u00e1hoz (Meggyesfalva, 1891. aug. 15.). Fia Antal, a [&hellip;]<\/p>\n","protected":false},"featured_media":0,"comment_status":"open","ping_status":"closed","template":"","meta":[],"product_brand":[],"product_cat":[137],"product_tag":[],"class_list":{"0":"post-13810","1":"product","2":"type-product","3":"status-publish","5":"product_cat-maros-megyei-eletrajzi-lexikon","7":"first","8":"instock","9":"shipping-taxable","10":"product-type-simple"},"_links":{"self":[{"href":"https:\/\/uj.adatbank.ro\/lexikon\/wp-json\/wp\/v2\/product\/13810","targetHints":{"allow":["GET"]}}],"collection":[{"href":"https:\/\/uj.adatbank.ro\/lexikon\/wp-json\/wp\/v2\/product"}],"about":[{"href":"https:\/\/uj.adatbank.ro\/lexikon\/wp-json\/wp\/v2\/types\/product"}],"replies":[{"embeddable":true,"href":"https:\/\/uj.adatbank.ro\/lexikon\/wp-json\/wp\/v2\/comments?post=13810"}],"wp:attachment":[{"href":"https:\/\/uj.adatbank.ro\/lexikon\/wp-json\/wp\/v2\/media?parent=13810"}],"wp:term":[{"taxonomy":"product_brand","embeddable":true,"href":"https:\/\/uj.adatbank.ro\/lexikon\/wp-json\/wp\/v2\/product_brand?post=13810"},{"taxonomy":"product_cat","embeddable":true,"href":"https:\/\/uj.adatbank.ro\/lexikon\/wp-json\/wp\/v2\/product_cat?post=13810"},{"taxonomy":"product_tag","embeddable":true,"href":"https:\/\/uj.adatbank.ro\/lexikon\/wp-json\/wp\/v2\/product_tag?post=13810"}],"curies":[{"name":"wp","href":"https:\/\/api.w.org\/{rel}","templated":true}]}}