{"id":13812,"date":"2025-07-15T12:40:48","date_gmt":"2025-07-15T10:40:48","guid":{"rendered":"https:\/\/uj.adatbank.ro\/lexikon\/termek\/lazar-mihaly-szarhegyi\/"},"modified":"2025-07-15T12:40:48","modified_gmt":"2025-07-15T10:40:48","slug":"lazar-mihaly-szarhegyi","status":"publish","type":"product","link":"https:\/\/uj.adatbank.ro\/lexikon\/termek\/lazar-mihaly-szarhegyi\/","title":{"rendered":"L\u00c1Z\u00c1R Mih\u00e1ly, sz\u00e1rhegyi"},"content":{"rendered":"<p>? \u2020\u00a0?: f\u00f6ldbirtokos. \u2013 L. J\u00e1nos \u00e9s Apafi Kl\u00e1ra fia. \u2013 A J\u00e1nos Zsigmond fejedelmi hadsereg\u00e9ben k\u00fczd\u00f6tt testv\u00e9reivel Imr\u00e9vel \u00e9s J\u00e1nossal. Szolg\u00e1latai jutalm\u00e1ul 7 h\u00e1z jobb\u00e1gyot nyert Sz\u00e9kelys\u00e1rdon (1566. j\u00fal. 11.). <br \/><strong>Irod.:<\/strong> Garda Dezs\u0151: A L\u00e1z\u00e1r csal\u00e1d marossz\u00e9ki otthonalap\u00edt\u00e1sa\u2026 =  P\u00e1l-Antal \u2013 Simon<\/br><\/p>\n","protected":false},"excerpt":{"rendered":"<p>? \u2020\u00a0?: f\u00f6ldbirtokos. \u2013 L. J\u00e1nos \u00e9s Apafi Kl\u00e1ra fia. \u2013 A J\u00e1nos Zsigmond fejedelmi hadsereg\u00e9ben k\u00fczd\u00f6tt testv\u00e9reivel Imr\u00e9vel \u00e9s J\u00e1nossal. Szolg\u00e1latai jutalm\u00e1ul 7 h\u00e1z jobb\u00e1gyot nyert Sz\u00e9kelys\u00e1rdon (1566. j\u00fal. 11.). Irod.: Garda Dezs\u0151: A L\u00e1z\u00e1r csal\u00e1d marossz\u00e9ki otthonalap\u00edt\u00e1sa\u2026 = P\u00e1l-Antal \u2013 Simon<\/p>\n","protected":false},"featured_media":0,"comment_status":"open","ping_status":"closed","template":"","meta":[],"product_brand":[],"product_cat":[137],"product_tag":[],"class_list":{"0":"post-13812","1":"product","2":"type-product","3":"status-publish","5":"product_cat-maros-megyei-eletrajzi-lexikon","7":"first","8":"instock","9":"shipping-taxable","10":"product-type-simple"},"_links":{"self":[{"href":"https:\/\/uj.adatbank.ro\/lexikon\/wp-json\/wp\/v2\/product\/13812","targetHints":{"allow":["GET"]}}],"collection":[{"href":"https:\/\/uj.adatbank.ro\/lexikon\/wp-json\/wp\/v2\/product"}],"about":[{"href":"https:\/\/uj.adatbank.ro\/lexikon\/wp-json\/wp\/v2\/types\/product"}],"replies":[{"embeddable":true,"href":"https:\/\/uj.adatbank.ro\/lexikon\/wp-json\/wp\/v2\/comments?post=13812"}],"wp:attachment":[{"href":"https:\/\/uj.adatbank.ro\/lexikon\/wp-json\/wp\/v2\/media?parent=13812"}],"wp:term":[{"taxonomy":"product_brand","embeddable":true,"href":"https:\/\/uj.adatbank.ro\/lexikon\/wp-json\/wp\/v2\/product_brand?post=13812"},{"taxonomy":"product_cat","embeddable":true,"href":"https:\/\/uj.adatbank.ro\/lexikon\/wp-json\/wp\/v2\/product_cat?post=13812"},{"taxonomy":"product_tag","embeddable":true,"href":"https:\/\/uj.adatbank.ro\/lexikon\/wp-json\/wp\/v2\/product_tag?post=13812"}],"curies":[{"name":"wp","href":"https:\/\/api.w.org\/{rel}","templated":true}]}}