{"id":13813,"date":"2025-07-15T12:40:50","date_gmt":"2025-07-15T10:40:50","guid":{"rendered":"https:\/\/uj.adatbank.ro\/lexikon\/termek\/lazar-miklos-szarhegyi-gr\/"},"modified":"2025-07-15T12:40:50","modified_gmt":"2025-07-15T10:40:50","slug":"lazar-miklos-szarhegyi-gr","status":"publish","type":"product","link":"https:\/\/uj.adatbank.ro\/lexikon\/termek\/lazar-miklos-szarhegyi-gr\/","title":{"rendered":"L\u00c1Z\u00c1R Mikl\u00f3s, sz\u00e1rhegyi gr."},"content":{"rendered":"<p>Becenc, 1861. okt. 26, \u2020\u00a0Bp., 1932. dec. 20.:t\u00e1blab\u00edr\u00f3, \u00fcgyv\u00e9d, nagybirtokos. \u2013 K\u00e1lm\u00e1n (1827\u20131874) \u00e9s s\u00e1rdi Sim\u00e9n Am\u00e1lia (1835\u20131907) fia. Feles\u00e9ge Welskirchi Wahl Stef\u00e1nia. \u2013 It\u00e9l\u0151t\u00e1blai b\u00edr\u00f3, a Kir. T\u00f6rv\u00e9nysz\u00e9k eln\u00f6ke volt (1913. nov. 19.). Tagja volt a mv.-i h\u00f3dolattev\u0151 k\u00fcld\u00f6tts\u00e9gnek, amely Ferenc J\u00f3zsef cs. \u00e9s k. 85. sz\u00fclet\u00e9snapi \u00fcnneps\u00e9g\u00e9re B\u00e9csbe utazott. \u2013 <strong>F. m.:<\/strong> el\u0151sz\u00f3: Maros-V\u00e1s\u00e1rhely \u00e9s a h\u00e1bor\u00fa, 1\u20132 k. (1915). <br \/><strong>Irod.:<\/strong> F\u00fcl\u00f6p\u2013Ferencz; Gudenus; Id\u0151t\u00e1r 2; Mv. \u00e9s a h\u00e1bor\u00fa<\/br><\/p>\n","protected":false},"excerpt":{"rendered":"<p>Becenc, 1861. okt. 26, \u2020\u00a0Bp., 1932. dec. 20.:t\u00e1blab\u00edr\u00f3, \u00fcgyv\u00e9d, nagybirtokos. \u2013 K\u00e1lm\u00e1n (1827\u20131874) \u00e9s s\u00e1rdi Sim\u00e9n Am\u00e1lia (1835\u20131907) fia. Feles\u00e9ge Welskirchi Wahl Stef\u00e1nia. \u2013 It\u00e9l\u0151t\u00e1blai b\u00edr\u00f3, a Kir. T\u00f6rv\u00e9nysz\u00e9k eln\u00f6ke volt (1913. nov. 19.). Tagja volt a mv.-i h\u00f3dolattev\u0151 k\u00fcld\u00f6tts\u00e9gnek, amely Ferenc J\u00f3zsef cs. \u00e9s k. 85. sz\u00fclet\u00e9snapi \u00fcnneps\u00e9g\u00e9re B\u00e9csbe utazott. \u2013 F. m.: el\u0151sz\u00f3: [&hellip;]<\/p>\n","protected":false},"featured_media":0,"comment_status":"open","ping_status":"closed","template":"","meta":[],"product_brand":[],"product_cat":[137],"product_tag":[],"class_list":{"0":"post-13813","1":"product","2":"type-product","3":"status-publish","5":"product_cat-maros-megyei-eletrajzi-lexikon","7":"first","8":"instock","9":"shipping-taxable","10":"product-type-simple"},"_links":{"self":[{"href":"https:\/\/uj.adatbank.ro\/lexikon\/wp-json\/wp\/v2\/product\/13813","targetHints":{"allow":["GET"]}}],"collection":[{"href":"https:\/\/uj.adatbank.ro\/lexikon\/wp-json\/wp\/v2\/product"}],"about":[{"href":"https:\/\/uj.adatbank.ro\/lexikon\/wp-json\/wp\/v2\/types\/product"}],"replies":[{"embeddable":true,"href":"https:\/\/uj.adatbank.ro\/lexikon\/wp-json\/wp\/v2\/comments?post=13813"}],"wp:attachment":[{"href":"https:\/\/uj.adatbank.ro\/lexikon\/wp-json\/wp\/v2\/media?parent=13813"}],"wp:term":[{"taxonomy":"product_brand","embeddable":true,"href":"https:\/\/uj.adatbank.ro\/lexikon\/wp-json\/wp\/v2\/product_brand?post=13813"},{"taxonomy":"product_cat","embeddable":true,"href":"https:\/\/uj.adatbank.ro\/lexikon\/wp-json\/wp\/v2\/product_cat?post=13813"},{"taxonomy":"product_tag","embeddable":true,"href":"https:\/\/uj.adatbank.ro\/lexikon\/wp-json\/wp\/v2\/product_tag?post=13813"}],"curies":[{"name":"wp","href":"https:\/\/api.w.org\/{rel}","templated":true}]}}