{"id":13814,"date":"2025-07-15T12:40:53","date_gmt":"2025-07-15T10:40:53","guid":{"rendered":"https:\/\/uj.adatbank.ro\/lexikon\/termek\/lazar-mor\/"},"modified":"2025-07-15T12:40:53","modified_gmt":"2025-07-15T10:40:53","slug":"lazar-mor","status":"publish","type":"product","link":"https:\/\/uj.adatbank.ro\/lexikon\/termek\/lazar-mor\/","title":{"rendered":"L\u00c1Z\u00c1R M\u00f3r"},"content":{"rendered":"<p>? \u2020\u00a0?: f\u00f6ldbirtokos. \u2013 Feles\u00e9ge: Barcsai Polix\u00e9nia \u2013 Magyar\u00f3n volt f\u00f6ldbirtokos. Bidermann-nal l\u00e9trehozta a Tutajoz\u00e1si T\u00e1rsulatot (1858 illetve 1863) \u00e9s fel\u00e9p\u00edtett\u00e9k az els\u0151 l\u00f3vontat\u00e1s\u00fa fas\u00ednes vas\u00fatat a fa sz\u00e1ll\u00edt\u00e1s\u00e1nak megk\u00f6nny\u00edt\u00e9s\u00e9re. A l\u00f3vasutat Orb\u00e1n Bal\u00e1zs is megeml\u00edti.<br \/><strong>Irod.:<\/strong> Magyar\u00f3 h\u00e9tk\u00f6znapjai<\/br><\/p>\n","protected":false},"excerpt":{"rendered":"<p>? \u2020\u00a0?: f\u00f6ldbirtokos. \u2013 Feles\u00e9ge: Barcsai Polix\u00e9nia \u2013 Magyar\u00f3n volt f\u00f6ldbirtokos. Bidermann-nal l\u00e9trehozta a Tutajoz\u00e1si T\u00e1rsulatot (1858 illetve 1863) \u00e9s fel\u00e9p\u00edtett\u00e9k az els\u0151 l\u00f3vontat\u00e1s\u00fa fas\u00ednes vas\u00fatat a fa sz\u00e1ll\u00edt\u00e1s\u00e1nak megk\u00f6nny\u00edt\u00e9s\u00e9re. A l\u00f3vasutat Orb\u00e1n Bal\u00e1zs is megeml\u00edti.Irod.: Magyar\u00f3 h\u00e9tk\u00f6znapjai<\/p>\n","protected":false},"featured_media":0,"comment_status":"open","ping_status":"closed","template":"","meta":[],"product_brand":[],"product_cat":[137],"product_tag":[],"class_list":{"0":"post-13814","1":"product","2":"type-product","3":"status-publish","5":"product_cat-maros-megyei-eletrajzi-lexikon","7":"first","8":"instock","9":"shipping-taxable","10":"product-type-simple"},"_links":{"self":[{"href":"https:\/\/uj.adatbank.ro\/lexikon\/wp-json\/wp\/v2\/product\/13814","targetHints":{"allow":["GET"]}}],"collection":[{"href":"https:\/\/uj.adatbank.ro\/lexikon\/wp-json\/wp\/v2\/product"}],"about":[{"href":"https:\/\/uj.adatbank.ro\/lexikon\/wp-json\/wp\/v2\/types\/product"}],"replies":[{"embeddable":true,"href":"https:\/\/uj.adatbank.ro\/lexikon\/wp-json\/wp\/v2\/comments?post=13814"}],"wp:attachment":[{"href":"https:\/\/uj.adatbank.ro\/lexikon\/wp-json\/wp\/v2\/media?parent=13814"}],"wp:term":[{"taxonomy":"product_brand","embeddable":true,"href":"https:\/\/uj.adatbank.ro\/lexikon\/wp-json\/wp\/v2\/product_brand?post=13814"},{"taxonomy":"product_cat","embeddable":true,"href":"https:\/\/uj.adatbank.ro\/lexikon\/wp-json\/wp\/v2\/product_cat?post=13814"},{"taxonomy":"product_tag","embeddable":true,"href":"https:\/\/uj.adatbank.ro\/lexikon\/wp-json\/wp\/v2\/product_tag?post=13814"}],"curies":[{"name":"wp","href":"https:\/\/api.w.org\/{rel}","templated":true}]}}