{"id":13819,"date":"2025-07-15T12:41:03","date_gmt":"2025-07-15T10:41:03","guid":{"rendered":"https:\/\/uj.adatbank.ro\/lexikon\/termek\/lazar-pal-tapolcai\/"},"modified":"2025-07-15T12:41:03","modified_gmt":"2025-07-15T10:41:03","slug":"lazar-pal-tapolcai","status":"publish","type":"product","link":"https:\/\/uj.adatbank.ro\/lexikon\/termek\/lazar-pal-tapolcai\/","title":{"rendered":"L\u00c1Z\u00c1R P\u00e1l, tapolcai"},"content":{"rendered":"<p>1752., \u2020\u00a01810.:kir. t\u00e1blai protokollista. \u2013 Apja L\u00e1z\u00e1r Imre, br. Daniel Zs\u00f3fia j\u00f3sz\u00e1gigazgat\u00f3ja Hunyad megy\u00e9ben. Feles\u00e9ge: K\u0151szegi M\u00e1ria. Fiaik: Farkas (\u2020\u00a01841), P\u00e1l (1788\u20131858), Imre (1793\u20131862) \u00e9s Antal (1797\u20131859). \u2013 A mv.-i kir. t\u00e1bl\u00e1n\u00e1l volt protokollista (1806\u2013). <br \/><strong>Irod.:<\/strong> Fondok \u00e9s gy\u00fajtem\u00e9nyek a Rom\u00e1n Orsz\u00e1gos Lev\u00e9lt\u00e1r cs\u00edkszeredai Igazgat\u00f3s\u00e1g\u00e1nak kezel\u00e9s\u00e9ben, 3. (\u00d6r\u00f6ks\u00e9g\u00fcnk, 3. sz., 2009)<\/br><\/p>\n","protected":false},"excerpt":{"rendered":"<p>1752., \u2020\u00a01810.:kir. t\u00e1blai protokollista. \u2013 Apja L\u00e1z\u00e1r Imre, br. Daniel Zs\u00f3fia j\u00f3sz\u00e1gigazgat\u00f3ja Hunyad megy\u00e9ben. Feles\u00e9ge: K\u0151szegi M\u00e1ria. Fiaik: Farkas (\u2020\u00a01841), P\u00e1l (1788\u20131858), Imre (1793\u20131862) \u00e9s Antal (1797\u20131859). \u2013 A mv.-i kir. t\u00e1bl\u00e1n\u00e1l volt protokollista (1806\u2013). Irod.: Fondok \u00e9s gy\u00fajtem\u00e9nyek a Rom\u00e1n Orsz\u00e1gos Lev\u00e9lt\u00e1r cs\u00edkszeredai Igazgat\u00f3s\u00e1g\u00e1nak kezel\u00e9s\u00e9ben, 3. (\u00d6r\u00f6ks\u00e9g\u00fcnk, 3. sz., 2009)<\/p>\n","protected":false},"featured_media":0,"comment_status":"open","ping_status":"closed","template":"","meta":[],"product_brand":[],"product_cat":[137],"product_tag":[],"class_list":{"0":"post-13819","1":"product","2":"type-product","3":"status-publish","5":"product_cat-maros-megyei-eletrajzi-lexikon","7":"first","8":"instock","9":"shipping-taxable","10":"product-type-simple"},"_links":{"self":[{"href":"https:\/\/uj.adatbank.ro\/lexikon\/wp-json\/wp\/v2\/product\/13819","targetHints":{"allow":["GET"]}}],"collection":[{"href":"https:\/\/uj.adatbank.ro\/lexikon\/wp-json\/wp\/v2\/product"}],"about":[{"href":"https:\/\/uj.adatbank.ro\/lexikon\/wp-json\/wp\/v2\/types\/product"}],"replies":[{"embeddable":true,"href":"https:\/\/uj.adatbank.ro\/lexikon\/wp-json\/wp\/v2\/comments?post=13819"}],"wp:attachment":[{"href":"https:\/\/uj.adatbank.ro\/lexikon\/wp-json\/wp\/v2\/media?parent=13819"}],"wp:term":[{"taxonomy":"product_brand","embeddable":true,"href":"https:\/\/uj.adatbank.ro\/lexikon\/wp-json\/wp\/v2\/product_brand?post=13819"},{"taxonomy":"product_cat","embeddable":true,"href":"https:\/\/uj.adatbank.ro\/lexikon\/wp-json\/wp\/v2\/product_cat?post=13819"},{"taxonomy":"product_tag","embeddable":true,"href":"https:\/\/uj.adatbank.ro\/lexikon\/wp-json\/wp\/v2\/product_tag?post=13819"}],"curies":[{"name":"wp","href":"https:\/\/api.w.org\/{rel}","templated":true}]}}