{"id":13826,"date":"2025-07-15T12:41:17","date_gmt":"2025-07-15T10:41:17","guid":{"rendered":"https:\/\/uj.adatbank.ro\/lexikon\/termek\/lazar-valeriu-%c2%a7\/"},"modified":"2025-07-15T12:41:17","modified_gmt":"2025-07-15T10:41:17","slug":"lazar-valeriu-%c2%a7","status":"publish","type":"product","link":"https:\/\/uj.adatbank.ro\/lexikon\/termek\/lazar-valeriu-%c2%a7\/","title":{"rendered":"LAZ\u0102R, Valeriu, \u00a7"},"content":{"rendered":"<p>Mittye, 1931. jan. 21., \u2020 Mv., 1999. szept. 8. : dr., t\u00f6rt\u00e9n\u00e9sz, tudom\u00e1nyos kutat\u00f3. \u2013 A k\u00f6z\u00e9piskol\u00e1t Nasz\u00f3don, Nagyv\u00e1radon v\u00e9gezte, majd a kv.-i egyetemen t\u00f6rt\u00e9n\u00e9szi diplom\u00e1t szerzett (1953\u201357); Ia\u015fiban doktor\u00e1lt (1978). A nagyenyedi M\u00fazeum igazgat\u00f3ja (1957\u201363); Mv.-en a Gh. \u015eincai T\u00e1rsadalomkuta\u00f3 Int\u00e9zet tudom\u00e1nyos kutat\u00f3ja, majd a Megyei M\u00fazeum igazgat\u00f3ja (1974\u201383), a Marisia foly\u00f3irat l\u00e9trehoz\u00f3ja. T\u00f6bb archeologiai kutat\u00f3munk\u00e1ban vett r\u00e9szt (Ol\u00e1hlap\u00e1d (Feh\u00e9r), Batos, Sincai, Mez\u0151z\u00e1h) Megkapta a Rom\u00e1n Akad\u00e9mia Eudoxiu Hurmuzachi d\u00edj\u00e1t (1997). \u2013 F.m. : Repertoriul arheologic al jude\u0163ului Mure\u015f (TgM., 1995); Antichit\u0103\u0163i ale jude\u0163ului Mure\u015f (TgM, 1998); <strong>t\u00e1rssz.:<\/strong> Tezaure de descoperiri monetare din Muzeul Jude\u0163ean (Buc., 1980). *? \u2020\u00a0?\u00a0: C.L. (1998. j\u00ee\u00fa. 21.)T\u00e2rnava (1996. 6; 1997. dec, 10); MMK; Todea 2013<\/br><\/p>\n","protected":false},"excerpt":{"rendered":"<p>Mittye, 1931. jan. 21., \u2020 Mv., 1999. szept. 8. : dr., t\u00f6rt\u00e9n\u00e9sz, tudom\u00e1nyos kutat\u00f3. \u2013 A k\u00f6z\u00e9piskol\u00e1t Nasz\u00f3don, Nagyv\u00e1radon v\u00e9gezte, majd a kv.-i egyetemen t\u00f6rt\u00e9n\u00e9szi diplom\u00e1t szerzett (1953\u201357); Ia\u015fiban doktor\u00e1lt (1978). A nagyenyedi M\u00fazeum igazgat\u00f3ja (1957\u201363); Mv.-en a Gh. \u015eincai T\u00e1rsadalomkuta\u00f3 Int\u00e9zet tudom\u00e1nyos kutat\u00f3ja, majd a Megyei M\u00fazeum igazgat\u00f3ja (1974\u201383), a Marisia foly\u00f3irat l\u00e9trehoz\u00f3ja. T\u00f6bb [&hellip;]<\/p>\n","protected":false},"featured_media":0,"comment_status":"open","ping_status":"closed","template":"","meta":[],"product_brand":[],"product_cat":[137],"product_tag":[],"class_list":{"0":"post-13826","1":"product","2":"type-product","3":"status-publish","5":"product_cat-maros-megyei-eletrajzi-lexikon","7":"first","8":"instock","9":"shipping-taxable","10":"product-type-simple"},"_links":{"self":[{"href":"https:\/\/uj.adatbank.ro\/lexikon\/wp-json\/wp\/v2\/product\/13826","targetHints":{"allow":["GET"]}}],"collection":[{"href":"https:\/\/uj.adatbank.ro\/lexikon\/wp-json\/wp\/v2\/product"}],"about":[{"href":"https:\/\/uj.adatbank.ro\/lexikon\/wp-json\/wp\/v2\/types\/product"}],"replies":[{"embeddable":true,"href":"https:\/\/uj.adatbank.ro\/lexikon\/wp-json\/wp\/v2\/comments?post=13826"}],"wp:attachment":[{"href":"https:\/\/uj.adatbank.ro\/lexikon\/wp-json\/wp\/v2\/media?parent=13826"}],"wp:term":[{"taxonomy":"product_brand","embeddable":true,"href":"https:\/\/uj.adatbank.ro\/lexikon\/wp-json\/wp\/v2\/product_brand?post=13826"},{"taxonomy":"product_cat","embeddable":true,"href":"https:\/\/uj.adatbank.ro\/lexikon\/wp-json\/wp\/v2\/product_cat?post=13826"},{"taxonomy":"product_tag","embeddable":true,"href":"https:\/\/uj.adatbank.ro\/lexikon\/wp-json\/wp\/v2\/product_tag?post=13826"}],"curies":[{"name":"wp","href":"https:\/\/api.w.org\/{rel}","templated":true}]}}