{"id":13828,"date":"2025-07-15T12:41:22","date_gmt":"2025-07-15T10:41:22","guid":{"rendered":"https:\/\/uj.adatbank.ro\/lexikon\/termek\/lazar-vince\/"},"modified":"2025-07-15T12:41:22","modified_gmt":"2025-07-15T10:41:22","slug":"lazar-vince","status":"publish","type":"product","link":"https:\/\/uj.adatbank.ro\/lexikon\/termek\/lazar-vince\/","title":{"rendered":"L\u00c1Z\u00c1R Vince"},"content":{"rendered":"<p>1841.dec. 12 , \u2020\u00a0Kv., 1910.nov. 4, tem. Meggyesfalva, nov. 6. : f\u00f6ldbirtokos. \u2013 L\u00e1z\u00e1r M\u00f3ric (1817\u20131865) \u00e9s Barcsay Polixena fia. Feles\u00e9ge Fekete Franciska (?\u20131898. okt. 26). Esk\u00fcv\u0151 (1884). Az els\u0151 mv.-i l\u00f3verseny egyik szervez\u0151je (1873).T\u00f6bb klub, sakkegylet akt\u00edv, alap\u00edt\u00f3 tagja. Egyik f\u0151szervez\u0151je volt a Liszt Ferenc tisztelet\u00e9re Kv.-on rendezett \u00fcnneps\u00e9gnek (1879). <br \/><strong>Irod.:<\/strong> Gudenus; L\u00e1z\u00e1r csal\u00e1d<\/br><\/p>\n","protected":false},"excerpt":{"rendered":"<p>1841.dec. 12 , \u2020\u00a0Kv., 1910.nov. 4, tem. Meggyesfalva, nov. 6. : f\u00f6ldbirtokos. \u2013 L\u00e1z\u00e1r M\u00f3ric (1817\u20131865) \u00e9s Barcsay Polixena fia. Feles\u00e9ge Fekete Franciska (?\u20131898. okt. 26). Esk\u00fcv\u0151 (1884). Az els\u0151 mv.-i l\u00f3verseny egyik szervez\u0151je (1873).T\u00f6bb klub, sakkegylet akt\u00edv, alap\u00edt\u00f3 tagja. Egyik f\u0151szervez\u0151je volt a Liszt Ferenc tisztelet\u00e9re Kv.-on rendezett \u00fcnneps\u00e9gnek (1879). Irod.: Gudenus; L\u00e1z\u00e1r csal\u00e1d<\/p>\n","protected":false},"featured_media":0,"comment_status":"open","ping_status":"closed","template":"","meta":[],"product_brand":[],"product_cat":[137],"product_tag":[],"class_list":{"0":"post-13828","1":"product","2":"type-product","3":"status-publish","5":"product_cat-maros-megyei-eletrajzi-lexikon","7":"first","8":"instock","9":"shipping-taxable","10":"product-type-simple"},"_links":{"self":[{"href":"https:\/\/uj.adatbank.ro\/lexikon\/wp-json\/wp\/v2\/product\/13828","targetHints":{"allow":["GET"]}}],"collection":[{"href":"https:\/\/uj.adatbank.ro\/lexikon\/wp-json\/wp\/v2\/product"}],"about":[{"href":"https:\/\/uj.adatbank.ro\/lexikon\/wp-json\/wp\/v2\/types\/product"}],"replies":[{"embeddable":true,"href":"https:\/\/uj.adatbank.ro\/lexikon\/wp-json\/wp\/v2\/comments?post=13828"}],"wp:attachment":[{"href":"https:\/\/uj.adatbank.ro\/lexikon\/wp-json\/wp\/v2\/media?parent=13828"}],"wp:term":[{"taxonomy":"product_brand","embeddable":true,"href":"https:\/\/uj.adatbank.ro\/lexikon\/wp-json\/wp\/v2\/product_brand?post=13828"},{"taxonomy":"product_cat","embeddable":true,"href":"https:\/\/uj.adatbank.ro\/lexikon\/wp-json\/wp\/v2\/product_cat?post=13828"},{"taxonomy":"product_tag","embeddable":true,"href":"https:\/\/uj.adatbank.ro\/lexikon\/wp-json\/wp\/v2\/product_tag?post=13828"}],"curies":[{"name":"wp","href":"https:\/\/api.w.org\/{rel}","templated":true}]}}