{"id":13830,"date":"2025-07-15T12:41:26","date_gmt":"2025-07-15T10:41:26","guid":{"rendered":"https:\/\/uj.adatbank.ro\/lexikon\/termek\/lazar-zsigmond-szarhegyi-gr\/"},"modified":"2025-07-15T12:41:26","modified_gmt":"2025-07-15T10:41:26","slug":"lazar-zsigmond-szarhegyi-gr","status":"publish","type":"product","link":"https:\/\/uj.adatbank.ro\/lexikon\/termek\/lazar-zsigmond-szarhegyi-gr\/","title":{"rendered":"L\u00c1Z\u00c1R Zsigmond, sz\u00e1rhegyi gr."},"content":{"rendered":"<p>Disznaj\u00f3, 1740. j\u00fan. 8., \u2020 Sz\u00e1rhegy, 1820.: cs, kir, kamar\u00e1s, lovas kapit\u00e1ny, f\u00f6ldbirtokos. \u2013 G\u00e1bor (\u2020 1775) \u00e9s csap\u00f3i K\u00fan Kl\u00e1ra fia. Feles\u00e9ge: (Zombor, 1787\u2013) Damjanovics N. (\u20201793, a gyermeke is), 2. Klein Anna (1771-Szentdemeter,1856. m\u00e1j. 2.). esk\u00fcv\u0151 (1796) Gyermekeik: S\u00e1ndor (Sz\u00e1rhegy,1800., \u00e1pr. 10 -K\u00f6rtv\u00e9lyf\u00e1ja,1832, \u00e1pr., 6), Jozefa B\u00e1lintitth Lajosn\u00e9 (1803\u20131838); Gy\u00f6rgy cs, k, sz\u00e1zados, honv\u00e9dt\u00e1bornok (Sz\u00e1rhegy, 1807\u20131861), feles\u00e9ge Moga Eleonora, Ant\u00f3nia (Sz\u00e1rhegy, 1817-Szentdemeter, 1883). \u2013 Anyja egyik j\u00f3sz\u00e1ga volt Disznaj\u00f3. Apr\u00f3d gr. Batthy\u00e1nyi J\u00f3zsef \u00e9rsekn\u00e9l (1758 k.), majd a gr. Batthy\u00e1ny \u00c1d\u00e1m nev\u0171 ezredbe l\u00e9pett (1761 k.), egy \u00e9vvel k\u00e9s\u0151bb egy vasas ezredbe volt hadnagyi rangban. K\u00e9s\u0151bb a Czartorinszky vasas ezreddel (1788\u201389.) Belgr\u00e1d ostrom\u00e1n\u00e1l megsebes\u00fclt, \u00edgy k\u00e9nytelen volt nyugalomba l\u00e9pni (1792). A csal\u00e1dnak r\u00e9g\u00f3ta birtok\u00e1ban volt Gazrez \u00e9s K\u00e1pra nevezet\u0171 havasok, a di\u00e9t\u00e1n a csal\u00e1d nev\u00e9ben k\u00e9rte az orsz\u00e1g rendeit\u0151l, a havasok visszaad\u00e1s\u00e1t (1791), az orsz\u00e1g rendei is p\u00e1rtol\u00e1k k\u00e9relm\u00e9t. Az ogy.-en kir. hivatalos volt. <br \/><strong>Irod.:<\/strong> Nagy Iv\u00e1n<\/br><\/p>\n","protected":false},"excerpt":{"rendered":"<p>Disznaj\u00f3, 1740. j\u00fan. 8., \u2020 Sz\u00e1rhegy, 1820.: cs, kir, kamar\u00e1s, lovas kapit\u00e1ny, f\u00f6ldbirtokos. \u2013 G\u00e1bor (\u2020 1775) \u00e9s csap\u00f3i K\u00fan Kl\u00e1ra fia. Feles\u00e9ge: (Zombor, 1787\u2013) Damjanovics N. (\u20201793, a gyermeke is), 2. Klein Anna (1771-Szentdemeter,1856. m\u00e1j. 2.). esk\u00fcv\u0151 (1796) Gyermekeik: S\u00e1ndor (Sz\u00e1rhegy,1800., \u00e1pr. 10 -K\u00f6rtv\u00e9lyf\u00e1ja,1832, \u00e1pr., 6), Jozefa B\u00e1lintitth Lajosn\u00e9 (1803\u20131838); Gy\u00f6rgy cs, k, sz\u00e1zados, [&hellip;]<\/p>\n","protected":false},"featured_media":0,"comment_status":"open","ping_status":"closed","template":"","meta":[],"product_brand":[],"product_cat":[137],"product_tag":[],"class_list":{"0":"post-13830","1":"product","2":"type-product","3":"status-publish","5":"product_cat-maros-megyei-eletrajzi-lexikon","7":"first","8":"instock","9":"shipping-taxable","10":"product-type-simple"},"_links":{"self":[{"href":"https:\/\/uj.adatbank.ro\/lexikon\/wp-json\/wp\/v2\/product\/13830","targetHints":{"allow":["GET"]}}],"collection":[{"href":"https:\/\/uj.adatbank.ro\/lexikon\/wp-json\/wp\/v2\/product"}],"about":[{"href":"https:\/\/uj.adatbank.ro\/lexikon\/wp-json\/wp\/v2\/types\/product"}],"replies":[{"embeddable":true,"href":"https:\/\/uj.adatbank.ro\/lexikon\/wp-json\/wp\/v2\/comments?post=13830"}],"wp:attachment":[{"href":"https:\/\/uj.adatbank.ro\/lexikon\/wp-json\/wp\/v2\/media?parent=13830"}],"wp:term":[{"taxonomy":"product_brand","embeddable":true,"href":"https:\/\/uj.adatbank.ro\/lexikon\/wp-json\/wp\/v2\/product_brand?post=13830"},{"taxonomy":"product_cat","embeddable":true,"href":"https:\/\/uj.adatbank.ro\/lexikon\/wp-json\/wp\/v2\/product_cat?post=13830"},{"taxonomy":"product_tag","embeddable":true,"href":"https:\/\/uj.adatbank.ro\/lexikon\/wp-json\/wp\/v2\/product_tag?post=13830"}],"curies":[{"name":"wp","href":"https:\/\/api.w.org\/{rel}","templated":true}]}}