{"id":13836,"date":"2025-07-15T12:41:37","date_gmt":"2025-07-15T10:41:37","guid":{"rendered":"https:\/\/uj.adatbank.ro\/lexikon\/termek\/lazsati-zsigmond\/"},"modified":"2025-07-15T12:41:37","modified_gmt":"2025-07-15T10:41:37","slug":"lazsati-zsigmond","status":"publish","type":"product","link":"https:\/\/uj.adatbank.ro\/lexikon\/termek\/lazsati-zsigmond\/","title":{"rendered":"LAZS\u00c1TI Zsigmond"},"content":{"rendered":"<p>Felvinc, 1874. jan. 20., \u2020 Mv., 1959. j\u00fal. 20.: szoc. dem munk\u00e1svez\u00e9r. \u2013 Egyike Mv. legr\u00e9gebbi munk\u00e1smozgalmi harcosainak, az SzDP baloldali sz\u00e1rny\u00e1nak k\u00e9pvisel\u0151je, az ifj\u00fas\u00e1gi munk\u00e1smozgalom megszervez\u0151je. Szorgalmazta a marxista-leninista p\u00e1rt megalak\u00edt\u00e1s\u00e1t Mv.en (1918. m\u00e1rc. 2). <br \/><strong>Irod.:<\/strong> Id\u0151t\u00e1r 3; Maros megyei m.-s\u00e1g.4.;  \u00d6kr\u00f6s<\/br><\/p>\n","protected":false},"excerpt":{"rendered":"<p>Felvinc, 1874. jan. 20., \u2020 Mv., 1959. j\u00fal. 20.: szoc. dem munk\u00e1svez\u00e9r. \u2013 Egyike Mv. legr\u00e9gebbi munk\u00e1smozgalmi harcosainak, az SzDP baloldali sz\u00e1rny\u00e1nak k\u00e9pvisel\u0151je, az ifj\u00fas\u00e1gi munk\u00e1smozgalom megszervez\u0151je. Szorgalmazta a marxista-leninista p\u00e1rt megalak\u00edt\u00e1s\u00e1t Mv.en (1918. m\u00e1rc. 2). Irod.: Id\u0151t\u00e1r 3; Maros megyei m.-s\u00e1g.4.; \u00d6kr\u00f6s<\/p>\n","protected":false},"featured_media":0,"comment_status":"open","ping_status":"closed","template":"","meta":[],"product_brand":[],"product_cat":[137],"product_tag":[],"class_list":{"0":"post-13836","1":"product","2":"type-product","3":"status-publish","5":"product_cat-maros-megyei-eletrajzi-lexikon","7":"first","8":"instock","9":"shipping-taxable","10":"product-type-simple"},"_links":{"self":[{"href":"https:\/\/uj.adatbank.ro\/lexikon\/wp-json\/wp\/v2\/product\/13836","targetHints":{"allow":["GET"]}}],"collection":[{"href":"https:\/\/uj.adatbank.ro\/lexikon\/wp-json\/wp\/v2\/product"}],"about":[{"href":"https:\/\/uj.adatbank.ro\/lexikon\/wp-json\/wp\/v2\/types\/product"}],"replies":[{"embeddable":true,"href":"https:\/\/uj.adatbank.ro\/lexikon\/wp-json\/wp\/v2\/comments?post=13836"}],"wp:attachment":[{"href":"https:\/\/uj.adatbank.ro\/lexikon\/wp-json\/wp\/v2\/media?parent=13836"}],"wp:term":[{"taxonomy":"product_brand","embeddable":true,"href":"https:\/\/uj.adatbank.ro\/lexikon\/wp-json\/wp\/v2\/product_brand?post=13836"},{"taxonomy":"product_cat","embeddable":true,"href":"https:\/\/uj.adatbank.ro\/lexikon\/wp-json\/wp\/v2\/product_cat?post=13836"},{"taxonomy":"product_tag","embeddable":true,"href":"https:\/\/uj.adatbank.ro\/lexikon\/wp-json\/wp\/v2\/product_tag?post=13836"}],"curies":[{"name":"wp","href":"https:\/\/api.w.org\/{rel}","templated":true}]}}