{"id":13837,"date":"2025-07-15T12:41:39","date_gmt":"2025-07-15T10:41:39","guid":{"rendered":"https:\/\/uj.adatbank.ro\/lexikon\/termek\/leb-peter\/"},"modified":"2025-07-15T12:41:39","modified_gmt":"2025-07-15T10:41:39","slug":"leb-peter","status":"publish","type":"product","link":"https:\/\/uj.adatbank.ro\/lexikon\/termek\/leb-peter\/","title":{"rendered":"L\u00c9B P\u00e9ter"},"content":{"rendered":"<p>Gal\u00f3c\u00e1s,1957. m\u00e1j. 7., \u2020\u00a0Mv.,2008. febr. 13.: \u00fajs\u00e1g\u00edr\u00f3, reg\u00e9ny\u00edr\u00f3. \u2013 Mv.-en tanult az Unirea L\u00edc.-ban (1976).). Essz\u00e9vel mutatkozott be az Almanahul Anticipa\u0163ia-ban: Dragonul de la Vorone\u0163 c\u00edmmel (1986). Szerkeszt\u0151 \u00e9s szerkeszt\u0151s\u00e9gi titk\u00e1r a Gazeta de Mure\u015f hetilapn\u00e1l (1991\u201393), szerkeszt\u0151 a buk.-i az Evenimentul Zilei \u00fajs\u00e1gn\u00e1l (1992\u201394), publicista a 24 Ore mure\u015fene c lapn\u00e1l (1994\u2013), f\u0151szerkeszt\u0151je a Rufor foly\u00f3iratnak (1994). f\u0151szerkeszt\u0151 a Rufor c. foly\u00f3iratn\u00e1l (1994); ter\u00fcleti tudos\u00edt\u00f3 a Ziua c. lapn\u00e1l \u00e9s a BBC-n\u00e9l (1994). Munkat\u00e1rsa volt m\u00e9g : a Carul mic; Vatra; Transilvania; Jurnal; Capital; K\u00f6zt\u00e1rsas\u00e1g (Mo.); de szlov\u00e1k, bolg\u00e1r, lengyel lapoknak, a francia Pheliomena \u00e9s az AE\u00c1-beli Uncaptive Minds c. lapnak is; Irodalmi d\u00edjat nyert: SF Bac\u0103u (1989); SF S\u00e2ngeorz B\u0103i (Beszterce,1992) c \u00edr\u00e1s\u00e1val. A F\u00f6ld\u00f6n k\u00edv\u00fcli civiliz\u00e1ci\u00f3 k\u00e9rd\u00e9se volt egyik kutat\u00e1si ter\u00fclete. Cikkei, k\u00f6nyve jelent meg e t\u00e9m\u00e1ban a V. Z., a N\u00fa. has\u00e1bjain. Pl. Rep\u00fcl\u0151 cs\u00e9szealjak Maros megye f\u00f6l\u00f6tt (N\u00fa., 1990. m\u00e1rc. 3.); \u00c9p\u00edts\u00fcnk egy piramist (N\u00fa., 1990. 7.). K\u00f6z\u00f6l 24 Ore mure\u015fene, Gazeta de Mure\u015f, Evenimentul zilei, Ziua, Carul mic, Vatra, Transilvania Jurnal, Capital,stb.A tudom\u00e1nyos-fantasztikus irod.-i d\u00edjat nyert Bak\u00f3ban (1989) \u00e9s Ol\u00e1hszentgy\u00f6rgy\u00f6n (1992). \u2013 <strong>F. m.:<\/strong> Euthanasie (reg.; Buc., 1992); V\u00e2n\u0103torul de iluzii (Buc., 1995); P\u0103durea Hoia-Baciu: Enigmele sale \u015fi lipsa unei explica\u0163ii coerente  =  P\u0103tru\u0163, Adrian: Fenomenele de la p\u0103durea Hoia-Baciu (Cluj-N-, 1995). <br \/><strong>Irod.:<\/strong> Cosma<\/br><\/p>\n","protected":false},"excerpt":{"rendered":"<p>Gal\u00f3c\u00e1s,1957. m\u00e1j. 7., \u2020\u00a0Mv.,2008. febr. 13.: \u00fajs\u00e1g\u00edr\u00f3, reg\u00e9ny\u00edr\u00f3. \u2013 Mv.-en tanult az Unirea L\u00edc.-ban (1976).). Essz\u00e9vel mutatkozott be az Almanahul Anticipa\u0163ia-ban: Dragonul de la Vorone\u0163 c\u00edmmel (1986). Szerkeszt\u0151 \u00e9s szerkeszt\u0151s\u00e9gi titk\u00e1r a Gazeta de Mure\u015f hetilapn\u00e1l (1991\u201393), szerkeszt\u0151 a buk.-i az Evenimentul Zilei \u00fajs\u00e1gn\u00e1l (1992\u201394), publicista a 24 Ore mure\u015fene c lapn\u00e1l (1994\u2013), f\u0151szerkeszt\u0151je a [&hellip;]<\/p>\n","protected":false},"featured_media":0,"comment_status":"open","ping_status":"closed","template":"","meta":[],"product_brand":[],"product_cat":[137],"product_tag":[],"class_list":{"0":"post-13837","1":"product","2":"type-product","3":"status-publish","5":"product_cat-maros-megyei-eletrajzi-lexikon","7":"first","8":"instock","9":"shipping-taxable","10":"product-type-simple"},"_links":{"self":[{"href":"https:\/\/uj.adatbank.ro\/lexikon\/wp-json\/wp\/v2\/product\/13837","targetHints":{"allow":["GET"]}}],"collection":[{"href":"https:\/\/uj.adatbank.ro\/lexikon\/wp-json\/wp\/v2\/product"}],"about":[{"href":"https:\/\/uj.adatbank.ro\/lexikon\/wp-json\/wp\/v2\/types\/product"}],"replies":[{"embeddable":true,"href":"https:\/\/uj.adatbank.ro\/lexikon\/wp-json\/wp\/v2\/comments?post=13837"}],"wp:attachment":[{"href":"https:\/\/uj.adatbank.ro\/lexikon\/wp-json\/wp\/v2\/media?parent=13837"}],"wp:term":[{"taxonomy":"product_brand","embeddable":true,"href":"https:\/\/uj.adatbank.ro\/lexikon\/wp-json\/wp\/v2\/product_brand?post=13837"},{"taxonomy":"product_cat","embeddable":true,"href":"https:\/\/uj.adatbank.ro\/lexikon\/wp-json\/wp\/v2\/product_cat?post=13837"},{"taxonomy":"product_tag","embeddable":true,"href":"https:\/\/uj.adatbank.ro\/lexikon\/wp-json\/wp\/v2\/product_tag?post=13837"}],"curies":[{"name":"wp","href":"https:\/\/api.w.org\/{rel}","templated":true}]}}