{"id":13838,"date":"2025-07-15T12:41:42","date_gmt":"2025-07-15T10:41:42","guid":{"rendered":"https:\/\/uj.adatbank.ro\/lexikon\/termek\/leb-samu-%c2%a7\/"},"modified":"2025-07-15T12:41:42","modified_gmt":"2025-07-15T10:41:42","slug":"leb-samu-%c2%a7","status":"publish","type":"product","link":"https:\/\/uj.adatbank.ro\/lexikon\/termek\/leb-samu-%c2%a7\/","title":{"rendered":"L\u00c9B Samu, \u00a7"},"content":{"rendered":"<p>? \u2020\u00a0?: keresked\u0151. \u2013 Fia: L. Jen\u0151. \u2013 Sz\u00e1szr\u00e9genben volt keresked\u0151. Az I. vh.-ban bevonult a 63. gy.-e.-hez \u00e9s a szerb v. orosz harct\u00e9ren h\u0151si hal\u00e1lt halt. <br \/><strong>Irod.:<\/strong> M. hadviselt zsid\u00f3k<\/br><\/p>\n","protected":false},"excerpt":{"rendered":"<p>? \u2020\u00a0?: keresked\u0151. \u2013 Fia: L. Jen\u0151. \u2013 Sz\u00e1szr\u00e9genben volt keresked\u0151. Az I. vh.-ban bevonult a 63. gy.-e.-hez \u00e9s a szerb v. orosz harct\u00e9ren h\u0151si hal\u00e1lt halt. Irod.: M. hadviselt zsid\u00f3k<\/p>\n","protected":false},"featured_media":0,"comment_status":"open","ping_status":"closed","template":"","meta":[],"product_brand":[],"product_cat":[137],"product_tag":[],"class_list":{"0":"post-13838","1":"product","2":"type-product","3":"status-publish","5":"product_cat-maros-megyei-eletrajzi-lexikon","7":"first","8":"instock","9":"shipping-taxable","10":"product-type-simple"},"_links":{"self":[{"href":"https:\/\/uj.adatbank.ro\/lexikon\/wp-json\/wp\/v2\/product\/13838","targetHints":{"allow":["GET"]}}],"collection":[{"href":"https:\/\/uj.adatbank.ro\/lexikon\/wp-json\/wp\/v2\/product"}],"about":[{"href":"https:\/\/uj.adatbank.ro\/lexikon\/wp-json\/wp\/v2\/types\/product"}],"replies":[{"embeddable":true,"href":"https:\/\/uj.adatbank.ro\/lexikon\/wp-json\/wp\/v2\/comments?post=13838"}],"wp:attachment":[{"href":"https:\/\/uj.adatbank.ro\/lexikon\/wp-json\/wp\/v2\/media?parent=13838"}],"wp:term":[{"taxonomy":"product_brand","embeddable":true,"href":"https:\/\/uj.adatbank.ro\/lexikon\/wp-json\/wp\/v2\/product_brand?post=13838"},{"taxonomy":"product_cat","embeddable":true,"href":"https:\/\/uj.adatbank.ro\/lexikon\/wp-json\/wp\/v2\/product_cat?post=13838"},{"taxonomy":"product_tag","embeddable":true,"href":"https:\/\/uj.adatbank.ro\/lexikon\/wp-json\/wp\/v2\/product_tag?post=13838"}],"curies":[{"name":"wp","href":"https:\/\/api.w.org\/{rel}","templated":true}]}}