{"id":13839,"date":"2025-07-15T12:41:44","date_gmt":"2025-07-15T10:41:44","guid":{"rendered":"https:\/\/uj.adatbank.ro\/lexikon\/termek\/leb-samuel\/"},"modified":"2025-07-15T12:41:44","modified_gmt":"2025-07-15T10:41:44","slug":"leb-samuel","status":"publish","type":"product","link":"https:\/\/uj.adatbank.ro\/lexikon\/termek\/leb-samuel\/","title":{"rendered":"L\u00c9B S\u00e1muel"},"content":{"rendered":"<p>Mv., 1898, \u2020\u00a0Auschwitz, 1944: keresked\u0151. \u2013 Mv.-en tanult, azut\u00e1n keresked\u0151 lett, \u00f6n\u00e1ll\u00f3an vezette \u00fczlet\u00e9t (1934\u2013). Az els\u0151 vh.-ban a 62. gy. e.-ben az orosz \u00e9s az olasz fronton harcolt \u00e9s a K\u00e1roly Csapatkereszt kit\u00fcntet\u00e9st kapta. Mv.-r\u0151l deport\u00e1lt\u00e1k feles\u00e9g\u00e9vel (1906\u2013) egy\u00fctt (1944. m\u00e1j. 29.). <br \/><strong>Irod.:<\/strong> Mv. zsid\u00f3s\u00e1ga; Sz\u00e9kelyf\u00f6ld \u00ed.k<\/br><\/p>\n","protected":false},"excerpt":{"rendered":"<p>Mv., 1898, \u2020\u00a0Auschwitz, 1944: keresked\u0151. \u2013 Mv.-en tanult, azut\u00e1n keresked\u0151 lett, \u00f6n\u00e1ll\u00f3an vezette \u00fczlet\u00e9t (1934\u2013). Az els\u0151 vh.-ban a 62. gy. e.-ben az orosz \u00e9s az olasz fronton harcolt \u00e9s a K\u00e1roly Csapatkereszt kit\u00fcntet\u00e9st kapta. Mv.-r\u0151l deport\u00e1lt\u00e1k feles\u00e9g\u00e9vel (1906\u2013) egy\u00fctt (1944. m\u00e1j. 29.). Irod.: Mv. zsid\u00f3s\u00e1ga; Sz\u00e9kelyf\u00f6ld \u00ed.k<\/p>\n","protected":false},"featured_media":0,"comment_status":"open","ping_status":"closed","template":"","meta":[],"product_brand":[],"product_cat":[137],"product_tag":[],"class_list":{"0":"post-13839","1":"product","2":"type-product","3":"status-publish","5":"product_cat-maros-megyei-eletrajzi-lexikon","7":"first","8":"instock","9":"shipping-taxable","10":"product-type-simple"},"_links":{"self":[{"href":"https:\/\/uj.adatbank.ro\/lexikon\/wp-json\/wp\/v2\/product\/13839","targetHints":{"allow":["GET"]}}],"collection":[{"href":"https:\/\/uj.adatbank.ro\/lexikon\/wp-json\/wp\/v2\/product"}],"about":[{"href":"https:\/\/uj.adatbank.ro\/lexikon\/wp-json\/wp\/v2\/types\/product"}],"replies":[{"embeddable":true,"href":"https:\/\/uj.adatbank.ro\/lexikon\/wp-json\/wp\/v2\/comments?post=13839"}],"wp:attachment":[{"href":"https:\/\/uj.adatbank.ro\/lexikon\/wp-json\/wp\/v2\/media?parent=13839"}],"wp:term":[{"taxonomy":"product_brand","embeddable":true,"href":"https:\/\/uj.adatbank.ro\/lexikon\/wp-json\/wp\/v2\/product_brand?post=13839"},{"taxonomy":"product_cat","embeddable":true,"href":"https:\/\/uj.adatbank.ro\/lexikon\/wp-json\/wp\/v2\/product_cat?post=13839"},{"taxonomy":"product_tag","embeddable":true,"href":"https:\/\/uj.adatbank.ro\/lexikon\/wp-json\/wp\/v2\/product_tag?post=13839"}],"curies":[{"name":"wp","href":"https:\/\/api.w.org\/{rel}","templated":true}]}}