{"id":13841,"date":"2025-07-15T12:41:47","date_gmt":"2025-07-15T10:41:47","guid":{"rendered":"https:\/\/uj.adatbank.ro\/lexikon\/termek\/lebovits-salamon\/"},"modified":"2025-07-15T12:41:47","modified_gmt":"2025-07-15T10:41:47","slug":"lebovits-salamon","status":"publish","type":"product","link":"https:\/\/uj.adatbank.ro\/lexikon\/termek\/lebovits-salamon\/","title":{"rendered":"LEBOVITS Salamon"},"content":{"rendered":"<p>Marosk\u00f6vesd, 1889.,\u00a0\u2020\u00a0?\u00a0: keresked\u0151. \u2013 Iskol\u00e1i elv\u00e9gz\u00e9se ut\u00e1n keresk\u0151 lett, el\u0151bb apja \u00fczlet\u00e9ben dolgozott, majd Szent\u00e1brah\u00e1mon nyitott \u00fczletet. Az els\u0151 vh.-ban a 27. t\u0171z\u00e9rezreddel az orosz \u00e9s az alb\u00e1n fronton harcolt, megsebes\u00fclt \u00e9s mint szakaszvezet\u0151 szerelt le, t\u00f6bb kit\u00fcntet\u00e9ssel. <br \/><strong>Irod.:<\/strong> Sz\u00e9kelyf\u00f6ld \u00ed.k<\/br><\/p>\n","protected":false},"excerpt":{"rendered":"<p>Marosk\u00f6vesd, 1889.,\u00a0\u2020\u00a0?\u00a0: keresked\u0151. \u2013 Iskol\u00e1i elv\u00e9gz\u00e9se ut\u00e1n keresk\u0151 lett, el\u0151bb apja \u00fczlet\u00e9ben dolgozott, majd Szent\u00e1brah\u00e1mon nyitott \u00fczletet. Az els\u0151 vh.-ban a 27. t\u0171z\u00e9rezreddel az orosz \u00e9s az alb\u00e1n fronton harcolt, megsebes\u00fclt \u00e9s mint szakaszvezet\u0151 szerelt le, t\u00f6bb kit\u00fcntet\u00e9ssel. Irod.: Sz\u00e9kelyf\u00f6ld \u00ed.k<\/p>\n","protected":false},"featured_media":0,"comment_status":"open","ping_status":"closed","template":"","meta":[],"product_brand":[],"product_cat":[137],"product_tag":[],"class_list":{"0":"post-13841","1":"product","2":"type-product","3":"status-publish","5":"product_cat-maros-megyei-eletrajzi-lexikon","7":"first","8":"instock","9":"shipping-taxable","10":"product-type-simple"},"_links":{"self":[{"href":"https:\/\/uj.adatbank.ro\/lexikon\/wp-json\/wp\/v2\/product\/13841","targetHints":{"allow":["GET"]}}],"collection":[{"href":"https:\/\/uj.adatbank.ro\/lexikon\/wp-json\/wp\/v2\/product"}],"about":[{"href":"https:\/\/uj.adatbank.ro\/lexikon\/wp-json\/wp\/v2\/types\/product"}],"replies":[{"embeddable":true,"href":"https:\/\/uj.adatbank.ro\/lexikon\/wp-json\/wp\/v2\/comments?post=13841"}],"wp:attachment":[{"href":"https:\/\/uj.adatbank.ro\/lexikon\/wp-json\/wp\/v2\/media?parent=13841"}],"wp:term":[{"taxonomy":"product_brand","embeddable":true,"href":"https:\/\/uj.adatbank.ro\/lexikon\/wp-json\/wp\/v2\/product_brand?post=13841"},{"taxonomy":"product_cat","embeddable":true,"href":"https:\/\/uj.adatbank.ro\/lexikon\/wp-json\/wp\/v2\/product_cat?post=13841"},{"taxonomy":"product_tag","embeddable":true,"href":"https:\/\/uj.adatbank.ro\/lexikon\/wp-json\/wp\/v2\/product_tag?post=13841"}],"curies":[{"name":"wp","href":"https:\/\/api.w.org\/{rel}","templated":true}]}}