{"id":13847,"date":"2025-07-15T12:41:59","date_gmt":"2025-07-15T10:41:59","guid":{"rendered":"https:\/\/uj.adatbank.ro\/lexikon\/termek\/leczfalvi-mihaly-gyorgy\/"},"modified":"2025-07-15T12:41:59","modified_gmt":"2025-07-15T10:41:59","slug":"leczfalvi-mihaly-gyorgy","status":"publish","type":"product","link":"https:\/\/uj.adatbank.ro\/lexikon\/termek\/leczfalvi-mihaly-gyorgy\/","title":{"rendered":"L\u00c9CZFALVI Mih\u00e1ly Gy\u00f6rgy"},"content":{"rendered":"<p>? \u2020 ?: tan\u00edt\u00f3. \u2013 Feles\u00e9ge D\u00e1lnoki M\u00e1ria. \u2013 Nagyenyeden subscrib\u00e1lt (1731). L\u00e9vita volt Magyarherep\u00e9n (1739\u201345) \u00e9s K\u00fck\u00fcll\u0151p\u00f3csfalv\u00e1n (1746\u201358). <br \/><strong>Irod.:<\/strong> K\u00fck\u00fcll\u0151i Ref. Egyh\u00e1zm. 3.<\/br><\/p>\n","protected":false},"excerpt":{"rendered":"<p>? \u2020 ?: tan\u00edt\u00f3. \u2013 Feles\u00e9ge D\u00e1lnoki M\u00e1ria. \u2013 Nagyenyeden subscrib\u00e1lt (1731). L\u00e9vita volt Magyarherep\u00e9n (1739\u201345) \u00e9s K\u00fck\u00fcll\u0151p\u00f3csfalv\u00e1n (1746\u201358). Irod.: K\u00fck\u00fcll\u0151i Ref. Egyh\u00e1zm. 3.<\/p>\n","protected":false},"featured_media":0,"comment_status":"open","ping_status":"closed","template":"","meta":[],"product_brand":[],"product_cat":[137],"product_tag":[],"class_list":{"0":"post-13847","1":"product","2":"type-product","3":"status-publish","5":"product_cat-maros-megyei-eletrajzi-lexikon","7":"first","8":"instock","9":"shipping-taxable","10":"product-type-simple"},"_links":{"self":[{"href":"https:\/\/uj.adatbank.ro\/lexikon\/wp-json\/wp\/v2\/product\/13847","targetHints":{"allow":["GET"]}}],"collection":[{"href":"https:\/\/uj.adatbank.ro\/lexikon\/wp-json\/wp\/v2\/product"}],"about":[{"href":"https:\/\/uj.adatbank.ro\/lexikon\/wp-json\/wp\/v2\/types\/product"}],"replies":[{"embeddable":true,"href":"https:\/\/uj.adatbank.ro\/lexikon\/wp-json\/wp\/v2\/comments?post=13847"}],"wp:attachment":[{"href":"https:\/\/uj.adatbank.ro\/lexikon\/wp-json\/wp\/v2\/media?parent=13847"}],"wp:term":[{"taxonomy":"product_brand","embeddable":true,"href":"https:\/\/uj.adatbank.ro\/lexikon\/wp-json\/wp\/v2\/product_brand?post=13847"},{"taxonomy":"product_cat","embeddable":true,"href":"https:\/\/uj.adatbank.ro\/lexikon\/wp-json\/wp\/v2\/product_cat?post=13847"},{"taxonomy":"product_tag","embeddable":true,"href":"https:\/\/uj.adatbank.ro\/lexikon\/wp-json\/wp\/v2\/product_tag?post=13847"}],"curies":[{"name":"wp","href":"https:\/\/api.w.org\/{rel}","templated":true}]}}