{"id":13848,"date":"2025-07-15T12:42:01","date_gmt":"2025-07-15T10:42:01","guid":{"rendered":"https:\/\/uj.adatbank.ro\/lexikon\/termek\/lederer-adolf-bumi\/"},"modified":"2025-07-15T12:42:01","modified_gmt":"2025-07-15T10:42:01","slug":"lederer-adolf-bumi","status":"publish","type":"product","link":"https:\/\/uj.adatbank.ro\/lexikon\/termek\/lederer-adolf-bumi\/","title":{"rendered":"L\u00c9DERER Adolf Bumi"},"content":{"rendered":"<p>Ny\u00e1r\u00e1dselye, 1894, \u2020 Mv., 1984. febr. 28.: orvos. \u2013 Apja , L\u00e9derer Gergely falusi keresked\u0151, majd f\u00f6ldbirtokot v\u00e1s\u00e1rolt. Mv.-en a ref. gimn\u00e1ziumban v\u00e9gzett (1913). Kv.-on v\u00e9gezte az orvosi egyetemet (1920). Kezdetben Mv.-en, majd Marosh\u00e9v\u00edzen dolgozott. <br \/><strong>Irod.:<\/strong> Almanah Tg.M.; Kiss Cs. M ; [Nekrol\u00f3g] (V. Z., 1984. m\u00e1rc. 1.); Mv.-i zsid\u00f3 temet\u0151 dok.3.<\/br><\/p>\n","protected":false},"excerpt":{"rendered":"<p>Ny\u00e1r\u00e1dselye, 1894, \u2020 Mv., 1984. febr. 28.: orvos. \u2013 Apja , L\u00e9derer Gergely falusi keresked\u0151, majd f\u00f6ldbirtokot v\u00e1s\u00e1rolt. Mv.-en a ref. gimn\u00e1ziumban v\u00e9gzett (1913). Kv.-on v\u00e9gezte az orvosi egyetemet (1920). Kezdetben Mv.-en, majd Marosh\u00e9v\u00edzen dolgozott. Irod.: Almanah Tg.M.; Kiss Cs. M ; [Nekrol\u00f3g] (V. Z., 1984. m\u00e1rc. 1.); Mv.-i zsid\u00f3 temet\u0151 dok.3.<\/p>\n","protected":false},"featured_media":0,"comment_status":"open","ping_status":"closed","template":"","meta":[],"product_brand":[],"product_cat":[137],"product_tag":[],"class_list":{"0":"post-13848","1":"product","2":"type-product","3":"status-publish","5":"product_cat-maros-megyei-eletrajzi-lexikon","7":"first","8":"instock","9":"shipping-taxable","10":"product-type-simple"},"_links":{"self":[{"href":"https:\/\/uj.adatbank.ro\/lexikon\/wp-json\/wp\/v2\/product\/13848","targetHints":{"allow":["GET"]}}],"collection":[{"href":"https:\/\/uj.adatbank.ro\/lexikon\/wp-json\/wp\/v2\/product"}],"about":[{"href":"https:\/\/uj.adatbank.ro\/lexikon\/wp-json\/wp\/v2\/types\/product"}],"replies":[{"embeddable":true,"href":"https:\/\/uj.adatbank.ro\/lexikon\/wp-json\/wp\/v2\/comments?post=13848"}],"wp:attachment":[{"href":"https:\/\/uj.adatbank.ro\/lexikon\/wp-json\/wp\/v2\/media?parent=13848"}],"wp:term":[{"taxonomy":"product_brand","embeddable":true,"href":"https:\/\/uj.adatbank.ro\/lexikon\/wp-json\/wp\/v2\/product_brand?post=13848"},{"taxonomy":"product_cat","embeddable":true,"href":"https:\/\/uj.adatbank.ro\/lexikon\/wp-json\/wp\/v2\/product_cat?post=13848"},{"taxonomy":"product_tag","embeddable":true,"href":"https:\/\/uj.adatbank.ro\/lexikon\/wp-json\/wp\/v2\/product_tag?post=13848"}],"curies":[{"name":"wp","href":"https:\/\/api.w.org\/{rel}","templated":true}]}}