{"id":13849,"date":"2025-07-15T12:42:05","date_gmt":"2025-07-15T10:42:05","guid":{"rendered":"https:\/\/uj.adatbank.ro\/lexikon\/termek\/lederer-dezso\/"},"modified":"2025-07-15T12:42:05","modified_gmt":"2025-07-15T10:42:05","slug":"lederer-dezso","status":"publish","type":"product","link":"https:\/\/uj.adatbank.ro\/lexikon\/termek\/lederer-dezso\/","title":{"rendered":"L\u00c9DERER Dezs\u0151"},"content":{"rendered":"<p>? \u2020\u00a0?: f\u0151titk\u00e1r. \u2013 Az Avoda zsid\u00f3 kultur\u00e1lis \u00e9s j\u00f3t\u00e9konys\u00e1gi szervezet f\u0151titk\u00e1ra (1939), a mv.-i Zsid\u00f3 Tan\u00e1cs tagja (1944). <br \/><strong>Irod.:<\/strong> Id\u0151t\u00e1r 3; Sebesty\u00e9n Mih\u00e1ly 2000<\/br><\/p>\n","protected":false},"excerpt":{"rendered":"<p>? \u2020\u00a0?: f\u0151titk\u00e1r. \u2013 Az Avoda zsid\u00f3 kultur\u00e1lis \u00e9s j\u00f3t\u00e9konys\u00e1gi szervezet f\u0151titk\u00e1ra (1939), a mv.-i Zsid\u00f3 Tan\u00e1cs tagja (1944). Irod.: Id\u0151t\u00e1r 3; Sebesty\u00e9n Mih\u00e1ly 2000<\/p>\n","protected":false},"featured_media":0,"comment_status":"open","ping_status":"closed","template":"","meta":[],"product_brand":[],"product_cat":[137],"product_tag":[],"class_list":{"0":"post-13849","1":"product","2":"type-product","3":"status-publish","5":"product_cat-maros-megyei-eletrajzi-lexikon","7":"first","8":"instock","9":"shipping-taxable","10":"product-type-simple"},"_links":{"self":[{"href":"https:\/\/uj.adatbank.ro\/lexikon\/wp-json\/wp\/v2\/product\/13849","targetHints":{"allow":["GET"]}}],"collection":[{"href":"https:\/\/uj.adatbank.ro\/lexikon\/wp-json\/wp\/v2\/product"}],"about":[{"href":"https:\/\/uj.adatbank.ro\/lexikon\/wp-json\/wp\/v2\/types\/product"}],"replies":[{"embeddable":true,"href":"https:\/\/uj.adatbank.ro\/lexikon\/wp-json\/wp\/v2\/comments?post=13849"}],"wp:attachment":[{"href":"https:\/\/uj.adatbank.ro\/lexikon\/wp-json\/wp\/v2\/media?parent=13849"}],"wp:term":[{"taxonomy":"product_brand","embeddable":true,"href":"https:\/\/uj.adatbank.ro\/lexikon\/wp-json\/wp\/v2\/product_brand?post=13849"},{"taxonomy":"product_cat","embeddable":true,"href":"https:\/\/uj.adatbank.ro\/lexikon\/wp-json\/wp\/v2\/product_cat?post=13849"},{"taxonomy":"product_tag","embeddable":true,"href":"https:\/\/uj.adatbank.ro\/lexikon\/wp-json\/wp\/v2\/product_tag?post=13849"}],"curies":[{"name":"wp","href":"https:\/\/api.w.org\/{rel}","templated":true}]}}