{"id":13850,"date":"2025-07-15T12:42:06","date_gmt":"2025-07-15T10:42:06","guid":{"rendered":"https:\/\/uj.adatbank.ro\/lexikon\/termek\/lederer-sandor\/"},"modified":"2025-07-15T12:42:06","modified_gmt":"2025-07-15T10:42:06","slug":"lederer-sandor","status":"publish","type":"product","link":"https:\/\/uj.adatbank.ro\/lexikon\/termek\/lederer-sandor\/","title":{"rendered":"L\u00c9DERER S\u00e1ndor"},"content":{"rendered":"<p>Kiskunf\u00e9legyh\u00e1za, 1852. j\u00fan. 18, \u2020 Bp., 1927. nov. 28. : k\u00f6zgazd\u00e1sz. min. titk\u00e1r., a pesti izraelita hitk\u00f6zs\u00e9g eln\u00f6ke (1921\u201327). \u2013 Nyugd\u00edjaz\u00e1sa (1891) ut\u00e1n megalap\u00edtotta a mv.-i Cukorgy\u00e1rat. <br \/><strong>Irod.:<\/strong> Guly\u00e1s<\/br><\/p>\n","protected":false},"excerpt":{"rendered":"<p>Kiskunf\u00e9legyh\u00e1za, 1852. j\u00fan. 18, \u2020 Bp., 1927. nov. 28. : k\u00f6zgazd\u00e1sz. min. titk\u00e1r., a pesti izraelita hitk\u00f6zs\u00e9g eln\u00f6ke (1921\u201327). \u2013 Nyugd\u00edjaz\u00e1sa (1891) ut\u00e1n megalap\u00edtotta a mv.-i Cukorgy\u00e1rat. Irod.: Guly\u00e1s<\/p>\n","protected":false},"featured_media":0,"comment_status":"open","ping_status":"closed","template":"","meta":[],"product_brand":[],"product_cat":[137],"product_tag":[],"class_list":{"0":"post-13850","1":"product","2":"type-product","3":"status-publish","5":"product_cat-maros-megyei-eletrajzi-lexikon","7":"first","8":"instock","9":"shipping-taxable","10":"product-type-simple"},"_links":{"self":[{"href":"https:\/\/uj.adatbank.ro\/lexikon\/wp-json\/wp\/v2\/product\/13850","targetHints":{"allow":["GET"]}}],"collection":[{"href":"https:\/\/uj.adatbank.ro\/lexikon\/wp-json\/wp\/v2\/product"}],"about":[{"href":"https:\/\/uj.adatbank.ro\/lexikon\/wp-json\/wp\/v2\/types\/product"}],"replies":[{"embeddable":true,"href":"https:\/\/uj.adatbank.ro\/lexikon\/wp-json\/wp\/v2\/comments?post=13850"}],"wp:attachment":[{"href":"https:\/\/uj.adatbank.ro\/lexikon\/wp-json\/wp\/v2\/media?parent=13850"}],"wp:term":[{"taxonomy":"product_brand","embeddable":true,"href":"https:\/\/uj.adatbank.ro\/lexikon\/wp-json\/wp\/v2\/product_brand?post=13850"},{"taxonomy":"product_cat","embeddable":true,"href":"https:\/\/uj.adatbank.ro\/lexikon\/wp-json\/wp\/v2\/product_cat?post=13850"},{"taxonomy":"product_tag","embeddable":true,"href":"https:\/\/uj.adatbank.ro\/lexikon\/wp-json\/wp\/v2\/product_tag?post=13850"}],"curies":[{"name":"wp","href":"https:\/\/api.w.org\/{rel}","templated":true}]}}