{"id":13857,"date":"2025-07-15T12:42:19","date_gmt":"2025-07-15T10:42:19","guid":{"rendered":"https:\/\/uj.adatbank.ro\/lexikon\/termek\/leicht-hans-janos\/"},"modified":"2025-07-15T12:42:19","modified_gmt":"2025-07-15T10:42:19","slug":"leicht-hans-janos","status":"publish","type":"product","link":"https:\/\/uj.adatbank.ro\/lexikon\/termek\/leicht-hans-janos\/","title":{"rendered":"LEICHT, Hans; J\u00e1nos"},"content":{"rendered":"<p>Segesv\u00e1r, 1886. j\u00fal, 8, \u2020 Bp., 1937. szept. 29 : \u00fcgyv\u00e9d, Nagyk\u00fck\u00fcll\u0151v\u00e1rmegye tb. f\u0151\u00fcgy\u00e9sze, k\u00f6lt\u0151, m\u0171ford\u00edt\u00f3. A kv.-i reform\u00e1tus koll\u00e9giumban m\u00e1r gyermekkor\u00e1ban megtanult magyarul. A kv.-i, berlini \u00e9s m\u00fcncheni egyetemen tanult jogot. Az els\u0151 vil\u00e1gh\u00e1bor\u00faig \u00fcgyv\u00e9dk\u00e9nt dolgozott Segesv\u00e1ron. A K\u00e1rolyi-korm\u00e1ny alatt \u0151 volt a sz\u00e1sz kisebbs\u00e9g referense. A trianoni b\u00e9keszerz\u0151d\u00e9st k\u00f6vet\u0151en Bp.-re k\u00f6lt\u00f6z\u00f6tt. Itt felvette a kapcsolatot Kun B\u00e9l\u00e1val, aki iskolat\u00e1rsa volt Kv.-on, \u00e9s kisebbs\u00e9gi \u00fcgyek\u00e9rt felel\u0151s \u00e1llamtitk\u00e1r-helyettes lett. L\u00e9p\u00e9seket tett a bp.-i n\u00e9met sz\u00ednh\u00e1z megalap\u00edt\u00e1sa \u00e9rdek\u00e9ben; \u0151 tartotta az \u00fcnnepi besz\u00e9det a sz\u00ednh\u00e1z megnyit\u00e1sa alkalm\u00e1b\u00f3l. A tan\u00e1vsk\u00f6zt\u00e1rsas\u00e1g ut\u00e1n Bp.-en \u00fcgyv\u00e9d volt (1926). Verseket, alkalmi k\u00f6ltem\u00e9nyeket \u00edrt. N\u00e9metre ford\u00edtotta V\u00f6r\u00f6smarty, Pet\u0151fi, Arany, Ady verseit, n\u00e9met nyelv\u0171 bevezet\u00e9ssel a r\u00e1di\u00f3ban t\u00f6bbsz\u00f6r is elmondt\u00e1k.- F.m. posthumus k\u00f6tete ford: : Ein Perlenstrauss unbgarischer Dichtungen (A magyar k\u00f6lt\u00e9szer gy\u00f6ngyszemei Bp., 1939); Lyrik aus Ungarn, (Magyarorsz\u00e1gi l\u00edra, Bremen 1941)..antol\u00f3gi\u00e1ban : Herz der Heimat (M\u00fcnchen, 1937). <br \/><strong>Irod.:<\/strong> F\u00fcl\u00f6p\u2013Ferencz; Guly\u00e1s. Wikipedia<\/br><\/p>\n","protected":false},"excerpt":{"rendered":"<p>Segesv\u00e1r, 1886. j\u00fal, 8, \u2020 Bp., 1937. szept. 29 : \u00fcgyv\u00e9d, Nagyk\u00fck\u00fcll\u0151v\u00e1rmegye tb. f\u0151\u00fcgy\u00e9sze, k\u00f6lt\u0151, m\u0171ford\u00edt\u00f3. A kv.-i reform\u00e1tus koll\u00e9giumban m\u00e1r gyermekkor\u00e1ban megtanult magyarul. A kv.-i, berlini \u00e9s m\u00fcncheni egyetemen tanult jogot. Az els\u0151 vil\u00e1gh\u00e1bor\u00faig \u00fcgyv\u00e9dk\u00e9nt dolgozott Segesv\u00e1ron. A K\u00e1rolyi-korm\u00e1ny alatt \u0151 volt a sz\u00e1sz kisebbs\u00e9g referense. A trianoni b\u00e9keszerz\u0151d\u00e9st k\u00f6vet\u0151en Bp.-re k\u00f6lt\u00f6z\u00f6tt. Itt felvette [&hellip;]<\/p>\n","protected":false},"featured_media":0,"comment_status":"open","ping_status":"closed","template":"","meta":[],"product_brand":[],"product_cat":[137],"product_tag":[],"class_list":{"0":"post-13857","1":"product","2":"type-product","3":"status-publish","5":"product_cat-maros-megyei-eletrajzi-lexikon","7":"first","8":"instock","9":"shipping-taxable","10":"product-type-simple"},"_links":{"self":[{"href":"https:\/\/uj.adatbank.ro\/lexikon\/wp-json\/wp\/v2\/product\/13857","targetHints":{"allow":["GET"]}}],"collection":[{"href":"https:\/\/uj.adatbank.ro\/lexikon\/wp-json\/wp\/v2\/product"}],"about":[{"href":"https:\/\/uj.adatbank.ro\/lexikon\/wp-json\/wp\/v2\/types\/product"}],"replies":[{"embeddable":true,"href":"https:\/\/uj.adatbank.ro\/lexikon\/wp-json\/wp\/v2\/comments?post=13857"}],"wp:attachment":[{"href":"https:\/\/uj.adatbank.ro\/lexikon\/wp-json\/wp\/v2\/media?parent=13857"}],"wp:term":[{"taxonomy":"product_brand","embeddable":true,"href":"https:\/\/uj.adatbank.ro\/lexikon\/wp-json\/wp\/v2\/product_brand?post=13857"},{"taxonomy":"product_cat","embeddable":true,"href":"https:\/\/uj.adatbank.ro\/lexikon\/wp-json\/wp\/v2\/product_cat?post=13857"},{"taxonomy":"product_tag","embeddable":true,"href":"https:\/\/uj.adatbank.ro\/lexikon\/wp-json\/wp\/v2\/product_tag?post=13857"}],"curies":[{"name":"wp","href":"https:\/\/api.w.org\/{rel}","templated":true}]}}