{"id":13859,"date":"2025-07-15T12:42:26","date_gmt":"2025-07-15T10:42:26","guid":{"rendered":"https:\/\/uj.adatbank.ro\/lexikon\/termek\/leitner-herman-antal\/"},"modified":"2025-07-15T12:42:26","modified_gmt":"2025-07-15T10:42:26","slug":"leitner-herman-antal","status":"publish","type":"product","link":"https:\/\/uj.adatbank.ro\/lexikon\/termek\/leitner-herman-antal\/","title":{"rendered":"LEITNER Herman Antal"},"content":{"rendered":"<p>? \u2020\u00a0?: \u00e9p\u00edt\u00e9szmester. \u2013 Eklektikus st\u00edlus\u00fa h\u00e1zakat tervezett \u00e9s \u00e9p\u00edtett Mv.en ( 20. sz elej\u00e9n). \u0150 \u00e9p\u00edtette a mai Avram Iancu u. 9\u201311 sz alatti ikerh\u00e1zakat (1900), tulajdonos Csern\u00e1toni Alajos; a Forr\u00e1s u.-ban a Barab\u00e1s Istv\u00e1n h\u00e1z\u00e1t (1897); \u00fagyszint\u00e9n a Simon Gyula U alak\u00fa h\u00e1z\u00e1t a R\u00e9gi K\u00f3rh\u00e1z u.-ban (1901.m\u00e1j.). <br \/><strong>Irod.:<\/strong> Man: Tg. M. 2.<\/br><\/p>\n","protected":false},"excerpt":{"rendered":"<p>? \u2020\u00a0?: \u00e9p\u00edt\u00e9szmester. \u2013 Eklektikus st\u00edlus\u00fa h\u00e1zakat tervezett \u00e9s \u00e9p\u00edtett Mv.en ( 20. sz elej\u00e9n). \u0150 \u00e9p\u00edtette a mai Avram Iancu u. 9\u201311 sz alatti ikerh\u00e1zakat (1900), tulajdonos Csern\u00e1toni Alajos; a Forr\u00e1s u.-ban a Barab\u00e1s Istv\u00e1n h\u00e1z\u00e1t (1897); \u00fagyszint\u00e9n a Simon Gyula U alak\u00fa h\u00e1z\u00e1t a R\u00e9gi K\u00f3rh\u00e1z u.-ban (1901.m\u00e1j.). Irod.: Man: Tg. M. 2.<\/p>\n","protected":false},"featured_media":0,"comment_status":"open","ping_status":"closed","template":"","meta":[],"product_brand":[],"product_cat":[137],"product_tag":[],"class_list":{"0":"post-13859","1":"product","2":"type-product","3":"status-publish","5":"product_cat-maros-megyei-eletrajzi-lexikon","7":"first","8":"instock","9":"shipping-taxable","10":"product-type-simple"},"_links":{"self":[{"href":"https:\/\/uj.adatbank.ro\/lexikon\/wp-json\/wp\/v2\/product\/13859","targetHints":{"allow":["GET"]}}],"collection":[{"href":"https:\/\/uj.adatbank.ro\/lexikon\/wp-json\/wp\/v2\/product"}],"about":[{"href":"https:\/\/uj.adatbank.ro\/lexikon\/wp-json\/wp\/v2\/types\/product"}],"replies":[{"embeddable":true,"href":"https:\/\/uj.adatbank.ro\/lexikon\/wp-json\/wp\/v2\/comments?post=13859"}],"wp:attachment":[{"href":"https:\/\/uj.adatbank.ro\/lexikon\/wp-json\/wp\/v2\/media?parent=13859"}],"wp:term":[{"taxonomy":"product_brand","embeddable":true,"href":"https:\/\/uj.adatbank.ro\/lexikon\/wp-json\/wp\/v2\/product_brand?post=13859"},{"taxonomy":"product_cat","embeddable":true,"href":"https:\/\/uj.adatbank.ro\/lexikon\/wp-json\/wp\/v2\/product_cat?post=13859"},{"taxonomy":"product_tag","embeddable":true,"href":"https:\/\/uj.adatbank.ro\/lexikon\/wp-json\/wp\/v2\/product_tag?post=13859"}],"curies":[{"name":"wp","href":"https:\/\/api.w.org\/{rel}","templated":true}]}}