{"id":13860,"date":"2025-07-15T12:42:28","date_gmt":"2025-07-15T10:42:28","guid":{"rendered":"https:\/\/uj.adatbank.ro\/lexikon\/termek\/leitner-lazar\/"},"modified":"2025-07-15T12:42:28","modified_gmt":"2025-07-15T10:42:28","slug":"leitner-lazar","status":"publish","type":"product","link":"https:\/\/uj.adatbank.ro\/lexikon\/termek\/leitner-lazar\/","title":{"rendered":"LEITNER, L\u00e1z\u00e1r"},"content":{"rendered":"<p>Erd\u0151szentgy\u00f6rgy, 1863 \u2020\u00a0?\u00a0: gy\u00e1riparos. \u2013 Megalap\u00edtotta a nagyv\u00e1radi Triumph cip\u0151gy\u00e1rat, amely a legels\u0151k egyike Rom\u00e1ni\u00e1ban. Eln\u00f6ke volt a v\u00e1radi zsid\u00f3 Szentegyletnek, alatta b\u0151v\u00edtett\u00e9k ki a zsid\u00f3 k\u00f3rh\u00e1zat, mely Erd\u00e9ly egyik legkiv\u00e1l\u00f3bb zsid\u00f3 gy\u00f3gyint\u00e9zete volt. <br \/><strong>Irod.:<\/strong> \u00dajv\u00e1ri<\/br><\/p>\n","protected":false},"excerpt":{"rendered":"<p>Erd\u0151szentgy\u00f6rgy, 1863 \u2020\u00a0?\u00a0: gy\u00e1riparos. \u2013 Megalap\u00edtotta a nagyv\u00e1radi Triumph cip\u0151gy\u00e1rat, amely a legels\u0151k egyike Rom\u00e1ni\u00e1ban. Eln\u00f6ke volt a v\u00e1radi zsid\u00f3 Szentegyletnek, alatta b\u0151v\u00edtett\u00e9k ki a zsid\u00f3 k\u00f3rh\u00e1zat, mely Erd\u00e9ly egyik legkiv\u00e1l\u00f3bb zsid\u00f3 gy\u00f3gyint\u00e9zete volt. Irod.: \u00dajv\u00e1ri<\/p>\n","protected":false},"featured_media":0,"comment_status":"open","ping_status":"closed","template":"","meta":[],"product_brand":[],"product_cat":[137],"product_tag":[],"class_list":{"0":"post-13860","1":"product","2":"type-product","3":"status-publish","5":"product_cat-maros-megyei-eletrajzi-lexikon","7":"first","8":"instock","9":"shipping-taxable","10":"product-type-simple"},"_links":{"self":[{"href":"https:\/\/uj.adatbank.ro\/lexikon\/wp-json\/wp\/v2\/product\/13860","targetHints":{"allow":["GET"]}}],"collection":[{"href":"https:\/\/uj.adatbank.ro\/lexikon\/wp-json\/wp\/v2\/product"}],"about":[{"href":"https:\/\/uj.adatbank.ro\/lexikon\/wp-json\/wp\/v2\/types\/product"}],"replies":[{"embeddable":true,"href":"https:\/\/uj.adatbank.ro\/lexikon\/wp-json\/wp\/v2\/comments?post=13860"}],"wp:attachment":[{"href":"https:\/\/uj.adatbank.ro\/lexikon\/wp-json\/wp\/v2\/media?parent=13860"}],"wp:term":[{"taxonomy":"product_brand","embeddable":true,"href":"https:\/\/uj.adatbank.ro\/lexikon\/wp-json\/wp\/v2\/product_brand?post=13860"},{"taxonomy":"product_cat","embeddable":true,"href":"https:\/\/uj.adatbank.ro\/lexikon\/wp-json\/wp\/v2\/product_cat?post=13860"},{"taxonomy":"product_tag","embeddable":true,"href":"https:\/\/uj.adatbank.ro\/lexikon\/wp-json\/wp\/v2\/product_tag?post=13860"}],"curies":[{"name":"wp","href":"https:\/\/api.w.org\/{rel}","templated":true}]}}