{"id":13861,"date":"2025-07-15T12:42:29","date_gmt":"2025-07-15T10:42:29","guid":{"rendered":"https:\/\/uj.adatbank.ro\/lexikon\/termek\/leitter-josephus\/"},"modified":"2025-07-15T12:42:29","modified_gmt":"2025-07-15T10:42:29","slug":"leitter-josephus","status":"publish","type":"product","link":"https:\/\/uj.adatbank.ro\/lexikon\/termek\/leitter-josephus\/","title":{"rendered":"LEITTER, Josephus"},"content":{"rendered":"<p>Sz\u00e1szr\u00e9gen, 1783. \u2020\u00a0?: gy\u00f3gyszer\u00e9sz. \u2013 Apja Josephus seb\u00e9sz Sz\u00e1szr\u00e9genben. \u2013 27 \u00e9vesen Pesten volt gy\u00f3gyszer\u00e9szhallgat\u00f3 (1810\u201312). Vizsg\u00e1zott, mesterr\u00e9 avatt\u00e1k, esk\u00fct tett, \u00e1tvette az oklevel\u00e9t (1812. \u00e1pr. 3.). <br \/><strong>Irod.:<\/strong> Szab\u00f3 Mikl\u00f3s 2005<\/br><\/p>\n","protected":false},"excerpt":{"rendered":"<p>Sz\u00e1szr\u00e9gen, 1783. \u2020\u00a0?: gy\u00f3gyszer\u00e9sz. \u2013 Apja Josephus seb\u00e9sz Sz\u00e1szr\u00e9genben. \u2013 27 \u00e9vesen Pesten volt gy\u00f3gyszer\u00e9szhallgat\u00f3 (1810\u201312). Vizsg\u00e1zott, mesterr\u00e9 avatt\u00e1k, esk\u00fct tett, \u00e1tvette az oklevel\u00e9t (1812. \u00e1pr. 3.). Irod.: Szab\u00f3 Mikl\u00f3s 2005<\/p>\n","protected":false},"featured_media":0,"comment_status":"open","ping_status":"closed","template":"","meta":[],"product_brand":[],"product_cat":[137],"product_tag":[],"class_list":{"0":"post-13861","1":"product","2":"type-product","3":"status-publish","5":"product_cat-maros-megyei-eletrajzi-lexikon","7":"first","8":"instock","9":"shipping-taxable","10":"product-type-simple"},"_links":{"self":[{"href":"https:\/\/uj.adatbank.ro\/lexikon\/wp-json\/wp\/v2\/product\/13861","targetHints":{"allow":["GET"]}}],"collection":[{"href":"https:\/\/uj.adatbank.ro\/lexikon\/wp-json\/wp\/v2\/product"}],"about":[{"href":"https:\/\/uj.adatbank.ro\/lexikon\/wp-json\/wp\/v2\/types\/product"}],"replies":[{"embeddable":true,"href":"https:\/\/uj.adatbank.ro\/lexikon\/wp-json\/wp\/v2\/comments?post=13861"}],"wp:attachment":[{"href":"https:\/\/uj.adatbank.ro\/lexikon\/wp-json\/wp\/v2\/media?parent=13861"}],"wp:term":[{"taxonomy":"product_brand","embeddable":true,"href":"https:\/\/uj.adatbank.ro\/lexikon\/wp-json\/wp\/v2\/product_brand?post=13861"},{"taxonomy":"product_cat","embeddable":true,"href":"https:\/\/uj.adatbank.ro\/lexikon\/wp-json\/wp\/v2\/product_cat?post=13861"},{"taxonomy":"product_tag","embeddable":true,"href":"https:\/\/uj.adatbank.ro\/lexikon\/wp-json\/wp\/v2\/product_tag?post=13861"}],"curies":[{"name":"wp","href":"https:\/\/api.w.org\/{rel}","templated":true}]}}