{"id":13862,"date":"2025-07-15T12:42:32","date_gmt":"2025-07-15T10:42:32","guid":{"rendered":"https:\/\/uj.adatbank.ro\/lexikon\/termek\/leizer-marton\/"},"modified":"2025-07-15T12:42:32","modified_gmt":"2025-07-15T10:42:32","slug":"leizer-marton","status":"publish","type":"product","link":"https:\/\/uj.adatbank.ro\/lexikon\/termek\/leizer-marton\/","title":{"rendered":"LEIZER M\u00e1rton"},"content":{"rendered":"<p>Mv., 1927. dec. 13. \u2020 ? : szobr\u00e1sz. \u2013 A K\u00e9pz\u0151m\u0171v\u00e9szeti Sz\u00f6vets\u00e9g buk.-i fi\u00f3kj\u00e1nak tagja (1955); \u00e1ttelep\u00fclt Mo.-ra. <br \/><strong>Irod.:<\/strong> Moln\u00e1r<\/br><\/p>\n","protected":false},"excerpt":{"rendered":"<p>Mv., 1927. dec. 13. \u2020 ? : szobr\u00e1sz. \u2013 A K\u00e9pz\u0151m\u0171v\u00e9szeti Sz\u00f6vets\u00e9g buk.-i fi\u00f3kj\u00e1nak tagja (1955); \u00e1ttelep\u00fclt Mo.-ra. Irod.: Moln\u00e1r<\/p>\n","protected":false},"featured_media":0,"comment_status":"open","ping_status":"closed","template":"","meta":[],"product_brand":[],"product_cat":[137],"product_tag":[],"class_list":{"0":"post-13862","1":"product","2":"type-product","3":"status-publish","5":"product_cat-maros-megyei-eletrajzi-lexikon","7":"first","8":"instock","9":"shipping-taxable","10":"product-type-simple"},"_links":{"self":[{"href":"https:\/\/uj.adatbank.ro\/lexikon\/wp-json\/wp\/v2\/product\/13862","targetHints":{"allow":["GET"]}}],"collection":[{"href":"https:\/\/uj.adatbank.ro\/lexikon\/wp-json\/wp\/v2\/product"}],"about":[{"href":"https:\/\/uj.adatbank.ro\/lexikon\/wp-json\/wp\/v2\/types\/product"}],"replies":[{"embeddable":true,"href":"https:\/\/uj.adatbank.ro\/lexikon\/wp-json\/wp\/v2\/comments?post=13862"}],"wp:attachment":[{"href":"https:\/\/uj.adatbank.ro\/lexikon\/wp-json\/wp\/v2\/media?parent=13862"}],"wp:term":[{"taxonomy":"product_brand","embeddable":true,"href":"https:\/\/uj.adatbank.ro\/lexikon\/wp-json\/wp\/v2\/product_brand?post=13862"},{"taxonomy":"product_cat","embeddable":true,"href":"https:\/\/uj.adatbank.ro\/lexikon\/wp-json\/wp\/v2\/product_cat?post=13862"},{"taxonomy":"product_tag","embeddable":true,"href":"https:\/\/uj.adatbank.ro\/lexikon\/wp-json\/wp\/v2\/product_tag?post=13862"}],"curies":[{"name":"wp","href":"https:\/\/api.w.org\/{rel}","templated":true}]}}