{"id":13867,"date":"2025-07-15T12:42:39","date_gmt":"2025-07-15T10:42:39","guid":{"rendered":"https:\/\/uj.adatbank.ro\/lexikon\/termek\/lenard-fabian-andras-fr\/"},"modified":"2025-07-15T12:42:39","modified_gmt":"2025-07-15T10:42:39","slug":"lenard-fabian-andras-fr","status":"publish","type":"product","link":"https:\/\/uj.adatbank.ro\/lexikon\/termek\/lenard-fabian-andras-fr\/","title":{"rendered":"L\u00c9N\u00c1RD F\u00e1bi\u00e1n Andr\u00e1s, Fr."},"content":{"rendered":"<p>Nagyernye, 1884. m\u00e1rc. 20., \u2020 Mv., 1903. febr. 21.: ferences szerzetes. \u2013 Be\u00f6lt\u00f6z\u00f6tt (1900. szept. 8.). <br \/><strong>Irod.:<\/strong> Gy\u00f6rgy: A ferencrendiek<\/br><\/p>\n","protected":false},"excerpt":{"rendered":"<p>Nagyernye, 1884. m\u00e1rc. 20., \u2020 Mv., 1903. febr. 21.: ferences szerzetes. \u2013 Be\u00f6lt\u00f6z\u00f6tt (1900. szept. 8.). Irod.: Gy\u00f6rgy: A ferencrendiek<\/p>\n","protected":false},"featured_media":0,"comment_status":"open","ping_status":"closed","template":"","meta":[],"product_brand":[],"product_cat":[137],"product_tag":[],"class_list":{"0":"post-13867","1":"product","2":"type-product","3":"status-publish","5":"product_cat-maros-megyei-eletrajzi-lexikon","7":"first","8":"instock","9":"shipping-taxable","10":"product-type-simple"},"_links":{"self":[{"href":"https:\/\/uj.adatbank.ro\/lexikon\/wp-json\/wp\/v2\/product\/13867","targetHints":{"allow":["GET"]}}],"collection":[{"href":"https:\/\/uj.adatbank.ro\/lexikon\/wp-json\/wp\/v2\/product"}],"about":[{"href":"https:\/\/uj.adatbank.ro\/lexikon\/wp-json\/wp\/v2\/types\/product"}],"replies":[{"embeddable":true,"href":"https:\/\/uj.adatbank.ro\/lexikon\/wp-json\/wp\/v2\/comments?post=13867"}],"wp:attachment":[{"href":"https:\/\/uj.adatbank.ro\/lexikon\/wp-json\/wp\/v2\/media?parent=13867"}],"wp:term":[{"taxonomy":"product_brand","embeddable":true,"href":"https:\/\/uj.adatbank.ro\/lexikon\/wp-json\/wp\/v2\/product_brand?post=13867"},{"taxonomy":"product_cat","embeddable":true,"href":"https:\/\/uj.adatbank.ro\/lexikon\/wp-json\/wp\/v2\/product_cat?post=13867"},{"taxonomy":"product_tag","embeddable":true,"href":"https:\/\/uj.adatbank.ro\/lexikon\/wp-json\/wp\/v2\/product_tag?post=13867"}],"curies":[{"name":"wp","href":"https:\/\/api.w.org\/{rel}","templated":true}]}}