{"id":13868,"date":"2025-07-15T12:42:42","date_gmt":"2025-07-15T10:42:42","guid":{"rendered":"https:\/\/uj.adatbank.ro\/lexikon\/termek\/lenarduzzi-janos\/"},"modified":"2025-07-15T12:42:42","modified_gmt":"2025-07-15T10:42:42","slug":"lenarduzzi-janos","status":"publish","type":"product","link":"https:\/\/uj.adatbank.ro\/lexikon\/termek\/lenarduzzi-janos\/","title":{"rendered":"LENARDUZZI J\u00e1nos"},"content":{"rendered":"<p>? \u2020\u00a0?: \u00e9p\u00edt\u00e9sz.- Olasz sz\u00e1rmaz\u00e1s\u00fa \u00e9pitkez\u00e9si v\u00e1llalkoz\u00f3 sz\u00e1mos g\u00e1tat, hidat \u00e9s v\u00edztornyot tervezett a Monarchi\u00e1ban. Bp.-i c\u00e9ge Bern\u00e1dy Gy\u00f6rgy megh\u00edv\u00e1s\u00e1ra \u00e9s megb\u00edz\u00e1s\u00e1b\u00f3l a a Maros szab\u00e1lyoz\u00e1sa c\u00e9lj\u00e1b\u00f3l, marosi fag\u00e1t hely\u00e9re betong\u00e1tat \u00e9p\u00edtett (1912), 60 m. sz\u00e9les \u00e1s 10 m.\u2013es zsilipekkel \u00e9s tutaj\u00e1tereszt\u0151vel \u00e9p\u00fclt meg; valamint elk\u00e9sz\u00edtett\u00e9k a m\u0171csatorna turbina\u00e1rkot, amely seg\u00edtett az \u00e1rv\u00edzek levezet\u00e9s\u00e9ben \u00e9s biztos\u00edtotta a vizet a vilanytelepi turbin\u00e1k m\u0171k\u00f6d\u00e9s\u00e9hez. Tervezte \u00e9s fel\u00e9p\u00edtette a v\u00e1ros v\u00edzer\u0151telep\u00e9t. T\u00f6bb h\u00eddat \u00e9p\u00edtettek a Poklos-patak \u00e9s a turbina\u00e1rok fel\u00e9 (1910\u201311). K\u00e9peslapot adott ki a mv.-i 1500 m hossz\u00fa fels\u0151 m\u0171csatorn\u00e1r\u00f3l a Turbin\u00e1r\u00f3l (1910), az alv\u00edzcsatorn\u00e1r\u00f3l (1913),. \u2013 Irod: Csepreghy 2010; Id\u0151t\u00e1r 2; Maros megye Lendaruzzin\u00e1l is van ott kit\u00f6r\u00f6lni<\/br><\/p>\n","protected":false},"excerpt":{"rendered":"<p>? \u2020\u00a0?: \u00e9p\u00edt\u00e9sz.- Olasz sz\u00e1rmaz\u00e1s\u00fa \u00e9pitkez\u00e9si v\u00e1llalkoz\u00f3 sz\u00e1mos g\u00e1tat, hidat \u00e9s v\u00edztornyot tervezett a Monarchi\u00e1ban. Bp.-i c\u00e9ge Bern\u00e1dy Gy\u00f6rgy megh\u00edv\u00e1s\u00e1ra \u00e9s megb\u00edz\u00e1s\u00e1b\u00f3l a a Maros szab\u00e1lyoz\u00e1sa c\u00e9lj\u00e1b\u00f3l, marosi fag\u00e1t hely\u00e9re betong\u00e1tat \u00e9p\u00edtett (1912), 60 m. sz\u00e9les \u00e1s 10 m.\u2013es zsilipekkel \u00e9s tutaj\u00e1tereszt\u0151vel \u00e9p\u00fclt meg; valamint elk\u00e9sz\u00edtett\u00e9k a m\u0171csatorna turbina\u00e1rkot, amely seg\u00edtett az \u00e1rv\u00edzek levezet\u00e9s\u00e9ben \u00e9s [&hellip;]<\/p>\n","protected":false},"featured_media":0,"comment_status":"open","ping_status":"closed","template":"","meta":[],"product_brand":[],"product_cat":[137],"product_tag":[],"class_list":{"0":"post-13868","1":"product","2":"type-product","3":"status-publish","5":"product_cat-maros-megyei-eletrajzi-lexikon","7":"first","8":"instock","9":"shipping-taxable","10":"product-type-simple"},"_links":{"self":[{"href":"https:\/\/uj.adatbank.ro\/lexikon\/wp-json\/wp\/v2\/product\/13868","targetHints":{"allow":["GET"]}}],"collection":[{"href":"https:\/\/uj.adatbank.ro\/lexikon\/wp-json\/wp\/v2\/product"}],"about":[{"href":"https:\/\/uj.adatbank.ro\/lexikon\/wp-json\/wp\/v2\/types\/product"}],"replies":[{"embeddable":true,"href":"https:\/\/uj.adatbank.ro\/lexikon\/wp-json\/wp\/v2\/comments?post=13868"}],"wp:attachment":[{"href":"https:\/\/uj.adatbank.ro\/lexikon\/wp-json\/wp\/v2\/media?parent=13868"}],"wp:term":[{"taxonomy":"product_brand","embeddable":true,"href":"https:\/\/uj.adatbank.ro\/lexikon\/wp-json\/wp\/v2\/product_brand?post=13868"},{"taxonomy":"product_cat","embeddable":true,"href":"https:\/\/uj.adatbank.ro\/lexikon\/wp-json\/wp\/v2\/product_cat?post=13868"},{"taxonomy":"product_tag","embeddable":true,"href":"https:\/\/uj.adatbank.ro\/lexikon\/wp-json\/wp\/v2\/product_tag?post=13868"}],"curies":[{"name":"wp","href":"https:\/\/api.w.org\/{rel}","templated":true}]}}