{"id":13871,"date":"2025-07-15T12:42:49","date_gmt":"2025-07-15T10:42:49","guid":{"rendered":"https:\/\/uj.adatbank.ro\/lexikon\/termek\/lenart-imre\/"},"modified":"2025-07-15T12:42:49","modified_gmt":"2025-07-15T10:42:49","slug":"lenart-imre","status":"publish","type":"product","link":"https:\/\/uj.adatbank.ro\/lexikon\/termek\/lenart-imre\/","title":{"rendered":"L\u00c9N\u00c1RT Imre"},"content":{"rendered":"<p>1826.? \u2020 Mv., 1914. nov. 22.: \u00fcgy\u00e9sz. \u2013 Testv\u00e9re: L. \u00c1gnes M\u00e9sz\u00e1ros J\u00e1nosn\u00e9. Feles\u00e9ge: Adorj\u00e1n Borb\u00e1la. Gyermekeik: Jol\u00e1n, Keresztesi Gyul\u00e1n\u00e9; Gizella; Borb\u00e1la; Eszter, Kov\u00e1cs P\u00e1ln\u00e9; Emma, Imre \u00e9s \u00c1kos (1869 ? \u2013 Mv., 1878. okt. 21.). \u2013 1848-as honv\u00e9d hadnagy. Mv.-en kir. \u00fcgy\u00e9sz, t\u00e1blab\u00edr\u00f3 (1877\u201378) az \u00fan. \u201esz\u00e9kely puccs\u201d idej\u00e9n,<br \/><strong>Irod.:<\/strong> Gy\u00e1szjelent\u0151.<\/br><\/p>\n","protected":false},"excerpt":{"rendered":"<p>1826.? \u2020 Mv., 1914. nov. 22.: \u00fcgy\u00e9sz. \u2013 Testv\u00e9re: L. \u00c1gnes M\u00e9sz\u00e1ros J\u00e1nosn\u00e9. Feles\u00e9ge: Adorj\u00e1n Borb\u00e1la. Gyermekeik: Jol\u00e1n, Keresztesi Gyul\u00e1n\u00e9; Gizella; Borb\u00e1la; Eszter, Kov\u00e1cs P\u00e1ln\u00e9; Emma, Imre \u00e9s \u00c1kos (1869 ? \u2013 Mv., 1878. okt. 21.). \u2013 1848-as honv\u00e9d hadnagy. Mv.-en kir. \u00fcgy\u00e9sz, t\u00e1blab\u00edr\u00f3 (1877\u201378) az \u00fan. \u201esz\u00e9kely puccs\u201d idej\u00e9n,Irod.: Gy\u00e1szjelent\u0151.<\/p>\n","protected":false},"featured_media":0,"comment_status":"open","ping_status":"closed","template":"","meta":[],"product_brand":[],"product_cat":[137],"product_tag":[],"class_list":{"0":"post-13871","1":"product","2":"type-product","3":"status-publish","5":"product_cat-maros-megyei-eletrajzi-lexikon","7":"first","8":"instock","9":"shipping-taxable","10":"product-type-simple"},"_links":{"self":[{"href":"https:\/\/uj.adatbank.ro\/lexikon\/wp-json\/wp\/v2\/product\/13871","targetHints":{"allow":["GET"]}}],"collection":[{"href":"https:\/\/uj.adatbank.ro\/lexikon\/wp-json\/wp\/v2\/product"}],"about":[{"href":"https:\/\/uj.adatbank.ro\/lexikon\/wp-json\/wp\/v2\/types\/product"}],"replies":[{"embeddable":true,"href":"https:\/\/uj.adatbank.ro\/lexikon\/wp-json\/wp\/v2\/comments?post=13871"}],"wp:attachment":[{"href":"https:\/\/uj.adatbank.ro\/lexikon\/wp-json\/wp\/v2\/media?parent=13871"}],"wp:term":[{"taxonomy":"product_brand","embeddable":true,"href":"https:\/\/uj.adatbank.ro\/lexikon\/wp-json\/wp\/v2\/product_brand?post=13871"},{"taxonomy":"product_cat","embeddable":true,"href":"https:\/\/uj.adatbank.ro\/lexikon\/wp-json\/wp\/v2\/product_cat?post=13871"},{"taxonomy":"product_tag","embeddable":true,"href":"https:\/\/uj.adatbank.ro\/lexikon\/wp-json\/wp\/v2\/product_tag?post=13871"}],"curies":[{"name":"wp","href":"https:\/\/api.w.org\/{rel}","templated":true}]}}