{"id":13878,"date":"2025-07-15T12:43:02","date_gmt":"2025-07-15T10:43:02","guid":{"rendered":"https:\/\/uj.adatbank.ro\/lexikon\/termek\/lendaruzzi-janos\/"},"modified":"2025-07-15T12:43:02","modified_gmt":"2025-07-15T10:43:02","slug":"lendaruzzi-janos","status":"publish","type":"product","link":"https:\/\/uj.adatbank.ro\/lexikon\/termek\/lendaruzzi-janos\/","title":{"rendered":"LENDARUZZI J\u00e1nos"},"content":{"rendered":"<p>? \u2020\u00a0?\u00a0: \u00e9p\u00edt\u00e9sz. \u2013 Olasz beton\u00e9p\u00edt\u00e9si v\u00e1llalkoz\u00f3t b\u00edzta meg, Bern\u00e1dy Gy\u00f6rgy javaslat\u00e1ra a mv.-i v\u00e1rosi tan\u00e1cs, az \u00e1rv\u00edzv\u00e9delmi m\u0171vek \u00fajj\u00e1\u00e9p\u00edt\u00e9si terveitnek elk\u00e9sz\u00edt\u00e9ss\u00e9vel (1912. j\u00fal. 5.). V\u00e9g\u00fcl a g\u00e1tak helyre\u00e1ll\u00edt\u00e1sa (az 1912. j\u00fan. 3. \u00e1rv\u00edz ut\u00e1n), a vasbeton duzzaszt\u00f3, a v\u00edzier\u0151m\u0171 terveinek elk\u00e9sz\u00edt\u00e9se ut\u00e1n a kivitelez\u00e9si jogot is megkapta, a jelenlegi v\u00edzier\u0151m\u0171 hely\u00e9n \u00e9p\u00fclt (az \u00e9p\u00edt\u00e9s befejez\u00e9se 1914. j\u00fal. 14.), a visszavonul\u00f3 n\u00e9met katonai alakulatok felrobbantott\u00e1k (1944. szept.). <br \/><strong>Irod.:<\/strong> Makai Zolt\u00e1n. A mv.-i v\u00edzier\u0151m\u0171 r\u00f6vid t\u00f6rt\u00e9nete = M. Z. Szemelv\u00e9nyek Bihar megye \u00e9s t\u00e9rs\u00e9ge ipart\u00f6rt\u00e9net\u00e9b\u0151l (Nagyv\u00e1rad, 2013)<\/br><\/p>\n","protected":false},"excerpt":{"rendered":"<p>? \u2020\u00a0?\u00a0: \u00e9p\u00edt\u00e9sz. \u2013 Olasz beton\u00e9p\u00edt\u00e9si v\u00e1llalkoz\u00f3t b\u00edzta meg, Bern\u00e1dy Gy\u00f6rgy javaslat\u00e1ra a mv.-i v\u00e1rosi tan\u00e1cs, az \u00e1rv\u00edzv\u00e9delmi m\u0171vek \u00fajj\u00e1\u00e9p\u00edt\u00e9si terveitnek elk\u00e9sz\u00edt\u00e9ss\u00e9vel (1912. j\u00fal. 5.). V\u00e9g\u00fcl a g\u00e1tak helyre\u00e1ll\u00edt\u00e1sa (az 1912. j\u00fan. 3. \u00e1rv\u00edz ut\u00e1n), a vasbeton duzzaszt\u00f3, a v\u00edzier\u0151m\u0171 terveinek elk\u00e9sz\u00edt\u00e9se ut\u00e1n a kivitelez\u00e9si jogot is megkapta, a jelenlegi v\u00edzier\u0151m\u0171 hely\u00e9n \u00e9p\u00fclt (az \u00e9p\u00edt\u00e9s [&hellip;]<\/p>\n","protected":false},"featured_media":0,"comment_status":"open","ping_status":"closed","template":"","meta":[],"product_brand":[],"product_cat":[137],"product_tag":[],"class_list":{"0":"post-13878","1":"product","2":"type-product","3":"status-publish","5":"product_cat-maros-megyei-eletrajzi-lexikon","7":"first","8":"instock","9":"shipping-taxable","10":"product-type-simple"},"_links":{"self":[{"href":"https:\/\/uj.adatbank.ro\/lexikon\/wp-json\/wp\/v2\/product\/13878","targetHints":{"allow":["GET"]}}],"collection":[{"href":"https:\/\/uj.adatbank.ro\/lexikon\/wp-json\/wp\/v2\/product"}],"about":[{"href":"https:\/\/uj.adatbank.ro\/lexikon\/wp-json\/wp\/v2\/types\/product"}],"replies":[{"embeddable":true,"href":"https:\/\/uj.adatbank.ro\/lexikon\/wp-json\/wp\/v2\/comments?post=13878"}],"wp:attachment":[{"href":"https:\/\/uj.adatbank.ro\/lexikon\/wp-json\/wp\/v2\/media?parent=13878"}],"wp:term":[{"taxonomy":"product_brand","embeddable":true,"href":"https:\/\/uj.adatbank.ro\/lexikon\/wp-json\/wp\/v2\/product_brand?post=13878"},{"taxonomy":"product_cat","embeddable":true,"href":"https:\/\/uj.adatbank.ro\/lexikon\/wp-json\/wp\/v2\/product_cat?post=13878"},{"taxonomy":"product_tag","embeddable":true,"href":"https:\/\/uj.adatbank.ro\/lexikon\/wp-json\/wp\/v2\/product_tag?post=13878"}],"curies":[{"name":"wp","href":"https:\/\/api.w.org\/{rel}","templated":true}]}}