{"id":13879,"date":"2025-07-15T12:43:04","date_gmt":"2025-07-15T10:43:04","guid":{"rendered":"https:\/\/uj.adatbank.ro\/lexikon\/termek\/lendler-andor\/"},"modified":"2025-07-15T12:43:04","modified_gmt":"2025-07-15T10:43:04","slug":"lendler-andor","status":"publish","type":"product","link":"https:\/\/uj.adatbank.ro\/lexikon\/termek\/lendler-andor\/","title":{"rendered":"LENDLER Andor"},"content":{"rendered":"<p>S\u00f3sk\u00fat, 1898.,\u2020\u00a0?: \u00fczemvezet\u0151. \u2013 Tanulm\u00e1nyait Sz\u00e9kesfeh\u00e9rv\u00e1ron v\u00e9gezte \u00e9s mint b\u00e1nyatisztvisel\u0151 t\u00f6bb \u00fczemben m\u0171k\u00f6d\u00f6tt, Erd\u00e9lyben \u00e9lt Gyergy\u00f3salam\u00e1son (1920\u201326), ezut\u00e1n D\u00e9dabisztr\u00e1n dolgozott. Az els\u0151 vh.-ban r\u00e9szt vett, az I. \u00e9s II. o. ez\u00fcst \u00e9s a bronz v. \u00e9. valamint a K\u00e1roly Csapatkereszt kit\u00fcntetettje volt. <br \/><strong>Irod.:<\/strong> Sz\u00e9kelyf\u00f6ld \u00ed.k<\/br><\/p>\n","protected":false},"excerpt":{"rendered":"<p>S\u00f3sk\u00fat, 1898.,\u2020\u00a0?: \u00fczemvezet\u0151. \u2013 Tanulm\u00e1nyait Sz\u00e9kesfeh\u00e9rv\u00e1ron v\u00e9gezte \u00e9s mint b\u00e1nyatisztvisel\u0151 t\u00f6bb \u00fczemben m\u0171k\u00f6d\u00f6tt, Erd\u00e9lyben \u00e9lt Gyergy\u00f3salam\u00e1son (1920\u201326), ezut\u00e1n D\u00e9dabisztr\u00e1n dolgozott. Az els\u0151 vh.-ban r\u00e9szt vett, az I. \u00e9s II. o. ez\u00fcst \u00e9s a bronz v. \u00e9. valamint a K\u00e1roly Csapatkereszt kit\u00fcntetettje volt. Irod.: Sz\u00e9kelyf\u00f6ld \u00ed.k<\/p>\n","protected":false},"featured_media":0,"comment_status":"open","ping_status":"closed","template":"","meta":[],"product_brand":[],"product_cat":[137],"product_tag":[],"class_list":{"0":"post-13879","1":"product","2":"type-product","3":"status-publish","5":"product_cat-maros-megyei-eletrajzi-lexikon","7":"first","8":"instock","9":"shipping-taxable","10":"product-type-simple"},"_links":{"self":[{"href":"https:\/\/uj.adatbank.ro\/lexikon\/wp-json\/wp\/v2\/product\/13879","targetHints":{"allow":["GET"]}}],"collection":[{"href":"https:\/\/uj.adatbank.ro\/lexikon\/wp-json\/wp\/v2\/product"}],"about":[{"href":"https:\/\/uj.adatbank.ro\/lexikon\/wp-json\/wp\/v2\/types\/product"}],"replies":[{"embeddable":true,"href":"https:\/\/uj.adatbank.ro\/lexikon\/wp-json\/wp\/v2\/comments?post=13879"}],"wp:attachment":[{"href":"https:\/\/uj.adatbank.ro\/lexikon\/wp-json\/wp\/v2\/media?parent=13879"}],"wp:term":[{"taxonomy":"product_brand","embeddable":true,"href":"https:\/\/uj.adatbank.ro\/lexikon\/wp-json\/wp\/v2\/product_brand?post=13879"},{"taxonomy":"product_cat","embeddable":true,"href":"https:\/\/uj.adatbank.ro\/lexikon\/wp-json\/wp\/v2\/product_cat?post=13879"},{"taxonomy":"product_tag","embeddable":true,"href":"https:\/\/uj.adatbank.ro\/lexikon\/wp-json\/wp\/v2\/product_tag?post=13879"}],"curies":[{"name":"wp","href":"https:\/\/api.w.org\/{rel}","templated":true}]}}