{"id":13883,"date":"2025-07-15T12:43:12","date_gmt":"2025-07-15T10:43:12","guid":{"rendered":"https:\/\/uj.adatbank.ro\/lexikon\/termek\/lengyel-denes\/"},"modified":"2025-07-15T12:43:12","modified_gmt":"2025-07-15T10:43:12","slug":"lengyel-denes","status":"publish","type":"product","link":"https:\/\/uj.adatbank.ro\/lexikon\/termek\/lengyel-denes\/","title":{"rendered":"LENGYEL D\u00e9nes"},"content":{"rendered":"<p>Szov\u00e1ta, 1905., \u2020\u00a0?: aut\u00f3fuvaroz\u00f3. \u2013 Iskol\u00e1i elv\u00e9gz\u00e9se ut\u00e1n gr. Haller Jen\u0151n\u00e9l tev\u00e9kenykedett, majd kitanulta az \u00e1csmesters\u00e9get, letette a g\u00e9pkocsivezet\u0151i vizsg\u00e1t (1929), \u00e9s \u00f6n\u00e1ll\u00f3 aut\u00f3fuvaroz\u00f3 lett (1930\u2013) Szov\u00e1t\u00e1n. <br \/><strong>Irod.:<\/strong> Sz\u00e9kelyf\u00f6ld \u00ed.k<\/br><\/p>\n","protected":false},"excerpt":{"rendered":"<p>Szov\u00e1ta, 1905., \u2020\u00a0?: aut\u00f3fuvaroz\u00f3. \u2013 Iskol\u00e1i elv\u00e9gz\u00e9se ut\u00e1n gr. Haller Jen\u0151n\u00e9l tev\u00e9kenykedett, majd kitanulta az \u00e1csmesters\u00e9get, letette a g\u00e9pkocsivezet\u0151i vizsg\u00e1t (1929), \u00e9s \u00f6n\u00e1ll\u00f3 aut\u00f3fuvaroz\u00f3 lett (1930\u2013) Szov\u00e1t\u00e1n. Irod.: Sz\u00e9kelyf\u00f6ld \u00ed.k<\/p>\n","protected":false},"featured_media":0,"comment_status":"open","ping_status":"closed","template":"","meta":[],"product_brand":[],"product_cat":[137],"product_tag":[],"class_list":{"0":"post-13883","1":"product","2":"type-product","3":"status-publish","5":"product_cat-maros-megyei-eletrajzi-lexikon","7":"first","8":"instock","9":"shipping-taxable","10":"product-type-simple"},"_links":{"self":[{"href":"https:\/\/uj.adatbank.ro\/lexikon\/wp-json\/wp\/v2\/product\/13883","targetHints":{"allow":["GET"]}}],"collection":[{"href":"https:\/\/uj.adatbank.ro\/lexikon\/wp-json\/wp\/v2\/product"}],"about":[{"href":"https:\/\/uj.adatbank.ro\/lexikon\/wp-json\/wp\/v2\/types\/product"}],"replies":[{"embeddable":true,"href":"https:\/\/uj.adatbank.ro\/lexikon\/wp-json\/wp\/v2\/comments?post=13883"}],"wp:attachment":[{"href":"https:\/\/uj.adatbank.ro\/lexikon\/wp-json\/wp\/v2\/media?parent=13883"}],"wp:term":[{"taxonomy":"product_brand","embeddable":true,"href":"https:\/\/uj.adatbank.ro\/lexikon\/wp-json\/wp\/v2\/product_brand?post=13883"},{"taxonomy":"product_cat","embeddable":true,"href":"https:\/\/uj.adatbank.ro\/lexikon\/wp-json\/wp\/v2\/product_cat?post=13883"},{"taxonomy":"product_tag","embeddable":true,"href":"https:\/\/uj.adatbank.ro\/lexikon\/wp-json\/wp\/v2\/product_tag?post=13883"}],"curies":[{"name":"wp","href":"https:\/\/api.w.org\/{rel}","templated":true}]}}