{"id":13884,"date":"2025-07-15T12:43:14","date_gmt":"2025-07-15T10:43:14","guid":{"rendered":"https:\/\/uj.adatbank.ro\/lexikon\/termek\/lengyel-gero\/"},"modified":"2025-07-15T12:43:14","modified_gmt":"2025-07-15T10:43:14","slug":"lengyel-gero","status":"publish","type":"product","link":"https:\/\/uj.adatbank.ro\/lexikon\/termek\/lengyel-gero\/","title":{"rendered":"LENGYEL Ger\u0151"},"content":{"rendered":"<p>1875.? \u2020\u00a0Mv.,1929. okt. 9.: p\u00e9nz\u00fcgyi f\u0151tan\u00e1csos. gondnok. \u2013 Testv\u00e9rei: L. J\u00f3zsef; L. Mariska M\u00e1rtonffy Gyul\u00e1n\u00e9; Feles\u00e9ge: ka\u00e1li Nagy Ir\u00e9n. Fi\u00fak: L. J\u00f3zsef. \u2013 Mv.-en p\u00e9nz\u00fcgyi f\u0151tan\u00e1csos \u00e9s a mv.-i Szanat\u00f3rium gondnoka. <br \/><strong>Irod.:<\/strong> Gy\u00e1szjelent\u0151.<\/br><\/p>\n","protected":false},"excerpt":{"rendered":"<p>1875.? \u2020\u00a0Mv.,1929. okt. 9.: p\u00e9nz\u00fcgyi f\u0151tan\u00e1csos. gondnok. \u2013 Testv\u00e9rei: L. J\u00f3zsef; L. Mariska M\u00e1rtonffy Gyul\u00e1n\u00e9; Feles\u00e9ge: ka\u00e1li Nagy Ir\u00e9n. Fi\u00fak: L. J\u00f3zsef. \u2013 Mv.-en p\u00e9nz\u00fcgyi f\u0151tan\u00e1csos \u00e9s a mv.-i Szanat\u00f3rium gondnoka. Irod.: Gy\u00e1szjelent\u0151.<\/p>\n","protected":false},"featured_media":0,"comment_status":"open","ping_status":"closed","template":"","meta":[],"product_brand":[],"product_cat":[137],"product_tag":[],"class_list":{"0":"post-13884","1":"product","2":"type-product","3":"status-publish","5":"product_cat-maros-megyei-eletrajzi-lexikon","7":"first","8":"instock","9":"shipping-taxable","10":"product-type-simple"},"_links":{"self":[{"href":"https:\/\/uj.adatbank.ro\/lexikon\/wp-json\/wp\/v2\/product\/13884","targetHints":{"allow":["GET"]}}],"collection":[{"href":"https:\/\/uj.adatbank.ro\/lexikon\/wp-json\/wp\/v2\/product"}],"about":[{"href":"https:\/\/uj.adatbank.ro\/lexikon\/wp-json\/wp\/v2\/types\/product"}],"replies":[{"embeddable":true,"href":"https:\/\/uj.adatbank.ro\/lexikon\/wp-json\/wp\/v2\/comments?post=13884"}],"wp:attachment":[{"href":"https:\/\/uj.adatbank.ro\/lexikon\/wp-json\/wp\/v2\/media?parent=13884"}],"wp:term":[{"taxonomy":"product_brand","embeddable":true,"href":"https:\/\/uj.adatbank.ro\/lexikon\/wp-json\/wp\/v2\/product_brand?post=13884"},{"taxonomy":"product_cat","embeddable":true,"href":"https:\/\/uj.adatbank.ro\/lexikon\/wp-json\/wp\/v2\/product_cat?post=13884"},{"taxonomy":"product_tag","embeddable":true,"href":"https:\/\/uj.adatbank.ro\/lexikon\/wp-json\/wp\/v2\/product_tag?post=13884"}],"curies":[{"name":"wp","href":"https:\/\/api.w.org\/{rel}","templated":true}]}}