{"id":13885,"date":"2025-07-15T12:43:16","date_gmt":"2025-07-15T10:43:16","guid":{"rendered":"https:\/\/uj.adatbank.ro\/lexikon\/termek\/lengyel-geza\/"},"modified":"2025-07-15T12:43:16","modified_gmt":"2025-07-15T10:43:16","slug":"lengyel-geza","status":"publish","type":"product","link":"https:\/\/uj.adatbank.ro\/lexikon\/termek\/lengyel-geza\/","title":{"rendered":"LENGYEL G\u00e9za"},"content":{"rendered":"<p>1920.,\u2020\u00a0Mv., 2008. aug. 9.: f\u00f6ldbirtokos, agr\u00e1m\u00e9rn\u00f6k. \u2013 Az \u00e1llamos\u00edt\u00e1s ut\u00e1n Mv.-en az \u00e1llami gazdas\u00e1gn\u00e1l dolgozott. <br \/><strong>Irod.:<\/strong> Mik\u00f3; [Nekrol\u00f3g] (N\u00fa., 2008 aug. 11.)<\/br><\/p>\n","protected":false},"excerpt":{"rendered":"<p>1920.,\u2020\u00a0Mv., 2008. aug. 9.: f\u00f6ldbirtokos, agr\u00e1m\u00e9rn\u00f6k. \u2013 Az \u00e1llamos\u00edt\u00e1s ut\u00e1n Mv.-en az \u00e1llami gazdas\u00e1gn\u00e1l dolgozott. Irod.: Mik\u00f3; [Nekrol\u00f3g] (N\u00fa., 2008 aug. 11.)<\/p>\n","protected":false},"featured_media":0,"comment_status":"open","ping_status":"closed","template":"","meta":[],"product_brand":[],"product_cat":[137],"product_tag":[],"class_list":{"0":"post-13885","1":"product","2":"type-product","3":"status-publish","5":"product_cat-maros-megyei-eletrajzi-lexikon","7":"first","8":"instock","9":"shipping-taxable","10":"product-type-simple"},"_links":{"self":[{"href":"https:\/\/uj.adatbank.ro\/lexikon\/wp-json\/wp\/v2\/product\/13885","targetHints":{"allow":["GET"]}}],"collection":[{"href":"https:\/\/uj.adatbank.ro\/lexikon\/wp-json\/wp\/v2\/product"}],"about":[{"href":"https:\/\/uj.adatbank.ro\/lexikon\/wp-json\/wp\/v2\/types\/product"}],"replies":[{"embeddable":true,"href":"https:\/\/uj.adatbank.ro\/lexikon\/wp-json\/wp\/v2\/comments?post=13885"}],"wp:attachment":[{"href":"https:\/\/uj.adatbank.ro\/lexikon\/wp-json\/wp\/v2\/media?parent=13885"}],"wp:term":[{"taxonomy":"product_brand","embeddable":true,"href":"https:\/\/uj.adatbank.ro\/lexikon\/wp-json\/wp\/v2\/product_brand?post=13885"},{"taxonomy":"product_cat","embeddable":true,"href":"https:\/\/uj.adatbank.ro\/lexikon\/wp-json\/wp\/v2\/product_cat?post=13885"},{"taxonomy":"product_tag","embeddable":true,"href":"https:\/\/uj.adatbank.ro\/lexikon\/wp-json\/wp\/v2\/product_tag?post=13885"}],"curies":[{"name":"wp","href":"https:\/\/api.w.org\/{rel}","templated":true}]}}