{"id":13891,"date":"2025-07-15T12:43:27","date_gmt":"2025-07-15T10:43:27","guid":{"rendered":"https:\/\/uj.adatbank.ro\/lexikon\/termek\/lengyel-janos-4\/"},"modified":"2025-07-15T12:43:27","modified_gmt":"2025-07-15T10:43:27","slug":"lengyel-janos-4","status":"publish","type":"product","link":"https:\/\/uj.adatbank.ro\/lexikon\/termek\/lengyel-janos-4\/","title":{"rendered":"LENGYEL J\u00e1nos"},"content":{"rendered":"<p>Marosfelfalu, 1887., \u2020\u00a0?\u00a0: tan\u00edt\u00f3. \u2013 Iskol\u00e1it Mv.-en, a tan\u00edt\u00f3k\u00e9pz\u0151t Kv.-on v\u00e9gezte, szakipariskolai vizsg\u00e1t is tett. Tan\u00edtott Unoka k\u00f6zs\u00e9gben (1912\u2013), H\u00f3dmez\u0151v\u00e1s\u00e1rhelyen (1919\u2013) \u00e9s t\u00f6bb \u00e1llom\u00e1shelye ut\u00e1n Sz\u00e9kelymosonban, ahol igazgat\u00f3 tan\u00edt\u00f3 volt (1941). Az els\u0151 vh,.ban a 22. h. gy. e.-ben 3 \u00e9vig az orosz fronton volt, megsebes\u00fclt. <br \/><strong>Irod.:<\/strong> Ref. egyetemes n\u00e9vt\u00e1r; Sz\u00e9kelyf\u00f6ld \u00ed.k.<\/br><\/p>\n","protected":false},"excerpt":{"rendered":"<p>Marosfelfalu, 1887., \u2020\u00a0?\u00a0: tan\u00edt\u00f3. \u2013 Iskol\u00e1it Mv.-en, a tan\u00edt\u00f3k\u00e9pz\u0151t Kv.-on v\u00e9gezte, szakipariskolai vizsg\u00e1t is tett. Tan\u00edtott Unoka k\u00f6zs\u00e9gben (1912\u2013), H\u00f3dmez\u0151v\u00e1s\u00e1rhelyen (1919\u2013) \u00e9s t\u00f6bb \u00e1llom\u00e1shelye ut\u00e1n Sz\u00e9kelymosonban, ahol igazgat\u00f3 tan\u00edt\u00f3 volt (1941). Az els\u0151 vh,.ban a 22. h. gy. e.-ben 3 \u00e9vig az orosz fronton volt, megsebes\u00fclt. Irod.: Ref. egyetemes n\u00e9vt\u00e1r; Sz\u00e9kelyf\u00f6ld \u00ed.k.<\/p>\n","protected":false},"featured_media":0,"comment_status":"open","ping_status":"closed","template":"","meta":[],"product_brand":[],"product_cat":[137],"product_tag":[],"class_list":{"0":"post-13891","1":"product","2":"type-product","3":"status-publish","5":"product_cat-maros-megyei-eletrajzi-lexikon","7":"first","8":"instock","9":"shipping-taxable","10":"product-type-simple"},"_links":{"self":[{"href":"https:\/\/uj.adatbank.ro\/lexikon\/wp-json\/wp\/v2\/product\/13891","targetHints":{"allow":["GET"]}}],"collection":[{"href":"https:\/\/uj.adatbank.ro\/lexikon\/wp-json\/wp\/v2\/product"}],"about":[{"href":"https:\/\/uj.adatbank.ro\/lexikon\/wp-json\/wp\/v2\/types\/product"}],"replies":[{"embeddable":true,"href":"https:\/\/uj.adatbank.ro\/lexikon\/wp-json\/wp\/v2\/comments?post=13891"}],"wp:attachment":[{"href":"https:\/\/uj.adatbank.ro\/lexikon\/wp-json\/wp\/v2\/media?parent=13891"}],"wp:term":[{"taxonomy":"product_brand","embeddable":true,"href":"https:\/\/uj.adatbank.ro\/lexikon\/wp-json\/wp\/v2\/product_brand?post=13891"},{"taxonomy":"product_cat","embeddable":true,"href":"https:\/\/uj.adatbank.ro\/lexikon\/wp-json\/wp\/v2\/product_cat?post=13891"},{"taxonomy":"product_tag","embeddable":true,"href":"https:\/\/uj.adatbank.ro\/lexikon\/wp-json\/wp\/v2\/product_tag?post=13891"}],"curies":[{"name":"wp","href":"https:\/\/api.w.org\/{rel}","templated":true}]}}