{"id":13893,"date":"2025-07-15T12:43:32","date_gmt":"2025-07-15T10:43:32","guid":{"rendered":"https:\/\/uj.adatbank.ro\/lexikon\/termek\/lengyel-jozsef-felei\/"},"modified":"2025-07-15T12:43:32","modified_gmt":"2025-07-15T10:43:32","slug":"lengyel-jozsef-felei","status":"publish","type":"product","link":"https:\/\/uj.adatbank.ro\/lexikon\/termek\/lengyel-jozsef-felei\/","title":{"rendered":"LENGYEL J\u00f3zsef, felei"},"content":{"rendered":"<p>Mv., 1821. jan. 19., \u2020\u00a0Sz\u00e9kelykereszt\u00far, 1895. aug. 29.: orvos. \u2013 A gimn.-ot Mv.-en v\u00e9gezte, a medico-chirurgiai kurzust Kv. hallgatta \u00e9s nyert seb\u00e9sz-doktori oklevelet (1842). A kv.-i katonai k\u00f3rh\u00e1zban gyakornokoskodott. Az akkori Udvarhelysz\u00e9k markalis gy\u0171l\u00e9se megv\u00e1lasztotta a kereszt\u00fari fi\u00f3ksz\u00e9k orvos\u00e1v\u00e1 (1842. nov.). Seb\u00e9sz-orvosi teend\u0151i mellett Udvarhelysz\u00e9k alorvosak\u00e9nt rendszeresen v\u00e9gezte gy\u00f3gyszert\u00e1ri vizit\u00e1ci\u00f3it (inspekci\u00f3it) Sz\u00e9kelyudvarhelyen \u00e9s Sz\u00e9kelykereszt\u00faron. A sz\u00e9kelykereszt\u00fari Tan\u00edt\u00f3k\u00e9pz\u0151ben d\u00edjmente\u00adsen eg\u00e9szs\u00e9gtant tan\u00edtott. A szabads\u00e1gharc alatt mint orvos teljes\u00edtett szolg\u00e1latot. A Kereszt\u00faron megtartott soroz\u00e1skor (1849. febr.) soroz\u00f3 orvos volt \u00e9s egy h\u00f3nap alatt majdnem k\u00e9tezer ujoncot vett f\u00f6l a m. hadseregbe; ez az ujonccsapat foglalta el m\u00e1rc. 15. rohammal Nagyszebent. A szomor\u00fa segesv\u00e1ri csat\u00e1ban \u00f6nk\u00e9ntes orvosi szolg\u00e1latokat v\u00e9gzett, \u00e9s mint szemtan\u00faja az \u00fctk\u00f6zetnek sok \u00e9rdekes adatot szolg\u00e1ltatott Pet\u0151fi elt\u00fcn\u00e9s\u00e9nek k\u00f6r\u00fclm\u00e9nyeir\u0151l kider\u00edt\u00e9s\u00e9hez \u00d6tven\u00e9ves orvosi jubileum\u00e1t \u00fclte meg (1892. dec.) Figyelemre m\u00e9lt\u00f3 munk\u00e1ss\u00e1got fejtett ki az orvosi szakirodalomban, \u00e9s a hirlapirodalomban. Sok \u00e9vig \u00e1lland\u00f3an munkat\u00e1rsa volt a M. Polg\u00e1r-nak, ennek megsz\u00fcnt\u00e9vel a Kolozsv\u00e1r-nak. Cikkei a Vas\u00e1rnapi Ujs\u00e1gban (1860\u201361). Adatok Pet\u0151fi hal\u00e1l\u00e1hoz, Egy szemtanu Pet\u0151fi hal\u00e1l\u00e1r\u00f3l), a Honban, a M. Polg\u00e1rba ( V\u00e9gszava Pet\u0151fi elt\u00fcn\u00e9s\u00e9hez.). <br \/><strong>Irod.:<\/strong> Rugonfalvi Kiss; Szinnyei<\/br><\/p>\n","protected":false},"excerpt":{"rendered":"<p>Mv., 1821. jan. 19., \u2020\u00a0Sz\u00e9kelykereszt\u00far, 1895. aug. 29.: orvos. \u2013 A gimn.-ot Mv.-en v\u00e9gezte, a medico-chirurgiai kurzust Kv. hallgatta \u00e9s nyert seb\u00e9sz-doktori oklevelet (1842). A kv.-i katonai k\u00f3rh\u00e1zban gyakornokoskodott. Az akkori Udvarhelysz\u00e9k markalis gy\u0171l\u00e9se megv\u00e1lasztotta a kereszt\u00fari fi\u00f3ksz\u00e9k orvos\u00e1v\u00e1 (1842. nov.). Seb\u00e9sz-orvosi teend\u0151i mellett Udvarhelysz\u00e9k alorvosak\u00e9nt rendszeresen v\u00e9gezte gy\u00f3gyszert\u00e1ri vizit\u00e1ci\u00f3it (inspekci\u00f3it) Sz\u00e9kelyudvarhelyen \u00e9s Sz\u00e9kelykereszt\u00faron. A [&hellip;]<\/p>\n","protected":false},"featured_media":0,"comment_status":"open","ping_status":"closed","template":"","meta":[],"product_brand":[],"product_cat":[137],"product_tag":[],"class_list":{"0":"post-13893","1":"product","2":"type-product","3":"status-publish","5":"product_cat-maros-megyei-eletrajzi-lexikon","7":"first","8":"instock","9":"shipping-taxable","10":"product-type-simple"},"_links":{"self":[{"href":"https:\/\/uj.adatbank.ro\/lexikon\/wp-json\/wp\/v2\/product\/13893","targetHints":{"allow":["GET"]}}],"collection":[{"href":"https:\/\/uj.adatbank.ro\/lexikon\/wp-json\/wp\/v2\/product"}],"about":[{"href":"https:\/\/uj.adatbank.ro\/lexikon\/wp-json\/wp\/v2\/types\/product"}],"replies":[{"embeddable":true,"href":"https:\/\/uj.adatbank.ro\/lexikon\/wp-json\/wp\/v2\/comments?post=13893"}],"wp:attachment":[{"href":"https:\/\/uj.adatbank.ro\/lexikon\/wp-json\/wp\/v2\/media?parent=13893"}],"wp:term":[{"taxonomy":"product_brand","embeddable":true,"href":"https:\/\/uj.adatbank.ro\/lexikon\/wp-json\/wp\/v2\/product_brand?post=13893"},{"taxonomy":"product_cat","embeddable":true,"href":"https:\/\/uj.adatbank.ro\/lexikon\/wp-json\/wp\/v2\/product_cat?post=13893"},{"taxonomy":"product_tag","embeddable":true,"href":"https:\/\/uj.adatbank.ro\/lexikon\/wp-json\/wp\/v2\/product_tag?post=13893"}],"curies":[{"name":"wp","href":"https:\/\/api.w.org\/{rel}","templated":true}]}}