{"id":13899,"date":"2025-07-15T12:43:43","date_gmt":"2025-07-15T10:43:43","guid":{"rendered":"https:\/\/uj.adatbank.ro\/lexikon\/termek\/lengyel-marton-ebesfalvi\/"},"modified":"2025-07-15T12:43:43","modified_gmt":"2025-07-15T10:43:43","slug":"lengyel-marton-ebesfalvi","status":"publish","type":"product","link":"https:\/\/uj.adatbank.ro\/lexikon\/termek\/lengyel-marton-ebesfalvi\/","title":{"rendered":"LENGYEL M\u00e1rton, ebesfalvi"},"content":{"rendered":"<p>1844.? \u2020 Mv., 1913. \u00e1pr. 6.: honv\u00e9dsz\u00e1zados, polg\u00e1rmester.Feles\u00e9ge: Hints Ilona. Le\u00e1nyuk: Constancia. \u2013 M. kir. hov\u00e9dsz\u00e1zados, Erzs\u00e9betv\u00e1ros polg\u00e1rmestere. <br \/><strong>Irod.:<\/strong> Gy\u00e1szjelent\u0151<\/br><\/p>\n","protected":false},"excerpt":{"rendered":"<p>1844.? \u2020 Mv., 1913. \u00e1pr. 6.: honv\u00e9dsz\u00e1zados, polg\u00e1rmester.Feles\u00e9ge: Hints Ilona. Le\u00e1nyuk: Constancia. \u2013 M. kir. hov\u00e9dsz\u00e1zados, Erzs\u00e9betv\u00e1ros polg\u00e1rmestere. Irod.: Gy\u00e1szjelent\u0151<\/p>\n","protected":false},"featured_media":0,"comment_status":"open","ping_status":"closed","template":"","meta":[],"product_brand":[],"product_cat":[137],"product_tag":[],"class_list":{"0":"post-13899","1":"product","2":"type-product","3":"status-publish","5":"product_cat-maros-megyei-eletrajzi-lexikon","7":"first","8":"instock","9":"shipping-taxable","10":"product-type-simple"},"_links":{"self":[{"href":"https:\/\/uj.adatbank.ro\/lexikon\/wp-json\/wp\/v2\/product\/13899","targetHints":{"allow":["GET"]}}],"collection":[{"href":"https:\/\/uj.adatbank.ro\/lexikon\/wp-json\/wp\/v2\/product"}],"about":[{"href":"https:\/\/uj.adatbank.ro\/lexikon\/wp-json\/wp\/v2\/types\/product"}],"replies":[{"embeddable":true,"href":"https:\/\/uj.adatbank.ro\/lexikon\/wp-json\/wp\/v2\/comments?post=13899"}],"wp:attachment":[{"href":"https:\/\/uj.adatbank.ro\/lexikon\/wp-json\/wp\/v2\/media?parent=13899"}],"wp:term":[{"taxonomy":"product_brand","embeddable":true,"href":"https:\/\/uj.adatbank.ro\/lexikon\/wp-json\/wp\/v2\/product_brand?post=13899"},{"taxonomy":"product_cat","embeddable":true,"href":"https:\/\/uj.adatbank.ro\/lexikon\/wp-json\/wp\/v2\/product_cat?post=13899"},{"taxonomy":"product_tag","embeddable":true,"href":"https:\/\/uj.adatbank.ro\/lexikon\/wp-json\/wp\/v2\/product_tag?post=13899"}],"curies":[{"name":"wp","href":"https:\/\/api.w.org\/{rel}","templated":true}]}}