{"id":13900,"date":"2025-07-15T12:43:45","date_gmt":"2025-07-15T10:43:45","guid":{"rendered":"https:\/\/uj.adatbank.ro\/lexikon\/termek\/lengyel-simon-marosfelei\/"},"modified":"2025-07-15T12:43:45","modified_gmt":"2025-07-15T10:43:45","slug":"lengyel-simon-marosfelei","status":"publish","type":"product","link":"https:\/\/uj.adatbank.ro\/lexikon\/termek\/lengyel-simon-marosfelei\/","title":{"rendered":"LENGYEL Simon, marosfelei"},"content":{"rendered":"<p>? \u2020\u00a0?: orvos. \u2013 Feles\u00e9ge: \u00d6lyvesi Csisz\u00e1r Karolina. Fi\u00fak: J\u00f3zsef, j\u00e1r\u00e1sorvos (sz. 1821). -Mv.-en volt seb\u00e9sz (chirurgus) (\u20131831), majd Koronk\u00e1n. Marossz\u00e9k tiszts\u00e9g\u00e9t\u0151l nemesi bizonyitv\u00e1nyt kapott (1831). <br \/><strong>Irod.:<\/strong> Kr\u00f3n. F\u00fcz. (1939.4\/6); P\u00e1lmay<\/br><\/p>\n","protected":false},"excerpt":{"rendered":"<p>? \u2020\u00a0?: orvos. \u2013 Feles\u00e9ge: \u00d6lyvesi Csisz\u00e1r Karolina. Fi\u00fak: J\u00f3zsef, j\u00e1r\u00e1sorvos (sz. 1821). -Mv.-en volt seb\u00e9sz (chirurgus) (\u20131831), majd Koronk\u00e1n. Marossz\u00e9k tiszts\u00e9g\u00e9t\u0151l nemesi bizonyitv\u00e1nyt kapott (1831). Irod.: Kr\u00f3n. F\u00fcz. (1939.4\/6); P\u00e1lmay<\/p>\n","protected":false},"featured_media":0,"comment_status":"open","ping_status":"closed","template":"","meta":[],"product_brand":[],"product_cat":[137],"product_tag":[],"class_list":{"0":"post-13900","1":"product","2":"type-product","3":"status-publish","5":"product_cat-maros-megyei-eletrajzi-lexikon","7":"first","8":"instock","9":"shipping-taxable","10":"product-type-simple"},"_links":{"self":[{"href":"https:\/\/uj.adatbank.ro\/lexikon\/wp-json\/wp\/v2\/product\/13900","targetHints":{"allow":["GET"]}}],"collection":[{"href":"https:\/\/uj.adatbank.ro\/lexikon\/wp-json\/wp\/v2\/product"}],"about":[{"href":"https:\/\/uj.adatbank.ro\/lexikon\/wp-json\/wp\/v2\/types\/product"}],"replies":[{"embeddable":true,"href":"https:\/\/uj.adatbank.ro\/lexikon\/wp-json\/wp\/v2\/comments?post=13900"}],"wp:attachment":[{"href":"https:\/\/uj.adatbank.ro\/lexikon\/wp-json\/wp\/v2\/media?parent=13900"}],"wp:term":[{"taxonomy":"product_brand","embeddable":true,"href":"https:\/\/uj.adatbank.ro\/lexikon\/wp-json\/wp\/v2\/product_brand?post=13900"},{"taxonomy":"product_cat","embeddable":true,"href":"https:\/\/uj.adatbank.ro\/lexikon\/wp-json\/wp\/v2\/product_cat?post=13900"},{"taxonomy":"product_tag","embeddable":true,"href":"https:\/\/uj.adatbank.ro\/lexikon\/wp-json\/wp\/v2\/product_tag?post=13900"}],"curies":[{"name":"wp","href":"https:\/\/api.w.org\/{rel}","templated":true}]}}