{"id":13902,"date":"2025-07-15T12:43:49","date_gmt":"2025-07-15T10:43:49","guid":{"rendered":"https:\/\/uj.adatbank.ro\/lexikon\/termek\/leonhard-augustin\/"},"modified":"2025-07-15T12:43:49","modified_gmt":"2025-07-15T10:43:49","slug":"leonhard-augustin","status":"publish","type":"product","link":"https:\/\/uj.adatbank.ro\/lexikon\/termek\/leonhard-augustin\/","title":{"rendered":"LEONHARD Augustin"},"content":{"rendered":"<p>Segesv\u00e1r, 1867. j\u00fan. 16., \u2020\u00a0Segesv\u00e1r, ?: polg\u00e1rmester. \u2013 Az egyetemet Kv.-on, Debrecenben \u00e9s Berlinben v\u00e9gezte, azut\u00e1n \u00fcgyv\u00e9d lett, majd Segesv\u00e1r polg\u00e1rmestere (1910-t\u0151l hal\u00e1l\u00e1ig). A v\u00e1ros az \u0151 polg\u00e1rmesters\u00e9ge ideje alatt indult jelent\u0151s fejl\u0151d\u00e9snek. A Leonhard-h\u00e1z \u00e9p\u00fclt a 18.\u201320.sz.-ban, az \u201cA\u201d kateg\u00f3ri\u00e1ba tartoz\u00f3 m\u0171eml\u00e9k (Cojocarilor u.1.). <br \/><strong>Irod.:<\/strong> Dandea Emil: Dare se seam\u0103 asupra Adun\u0103rii Generale de constituire a Unuinii Ora\u015felor din Rom\u00e2nia (Cluj, 1822); Lexiconul vie\u0163ii publice; Valori mure\u015fene de patrimoniu<\/br><\/p>\n","protected":false},"excerpt":{"rendered":"<p>Segesv\u00e1r, 1867. j\u00fan. 16., \u2020\u00a0Segesv\u00e1r, ?: polg\u00e1rmester. \u2013 Az egyetemet Kv.-on, Debrecenben \u00e9s Berlinben v\u00e9gezte, azut\u00e1n \u00fcgyv\u00e9d lett, majd Segesv\u00e1r polg\u00e1rmestere (1910-t\u0151l hal\u00e1l\u00e1ig). A v\u00e1ros az \u0151 polg\u00e1rmesters\u00e9ge ideje alatt indult jelent\u0151s fejl\u0151d\u00e9snek. A Leonhard-h\u00e1z \u00e9p\u00fclt a 18.\u201320.sz.-ban, az \u201cA\u201d kateg\u00f3ri\u00e1ba tartoz\u00f3 m\u0171eml\u00e9k (Cojocarilor u.1.). Irod.: Dandea Emil: Dare se seam\u0103 asupra Adun\u0103rii Generale de [&hellip;]<\/p>\n","protected":false},"featured_media":0,"comment_status":"open","ping_status":"closed","template":"","meta":[],"product_brand":[],"product_cat":[137],"product_tag":[],"class_list":{"0":"post-13902","1":"product","2":"type-product","3":"status-publish","5":"product_cat-maros-megyei-eletrajzi-lexikon","7":"first","8":"instock","9":"shipping-taxable","10":"product-type-simple"},"_links":{"self":[{"href":"https:\/\/uj.adatbank.ro\/lexikon\/wp-json\/wp\/v2\/product\/13902","targetHints":{"allow":["GET"]}}],"collection":[{"href":"https:\/\/uj.adatbank.ro\/lexikon\/wp-json\/wp\/v2\/product"}],"about":[{"href":"https:\/\/uj.adatbank.ro\/lexikon\/wp-json\/wp\/v2\/types\/product"}],"replies":[{"embeddable":true,"href":"https:\/\/uj.adatbank.ro\/lexikon\/wp-json\/wp\/v2\/comments?post=13902"}],"wp:attachment":[{"href":"https:\/\/uj.adatbank.ro\/lexikon\/wp-json\/wp\/v2\/media?parent=13902"}],"wp:term":[{"taxonomy":"product_brand","embeddable":true,"href":"https:\/\/uj.adatbank.ro\/lexikon\/wp-json\/wp\/v2\/product_brand?post=13902"},{"taxonomy":"product_cat","embeddable":true,"href":"https:\/\/uj.adatbank.ro\/lexikon\/wp-json\/wp\/v2\/product_cat?post=13902"},{"taxonomy":"product_tag","embeddable":true,"href":"https:\/\/uj.adatbank.ro\/lexikon\/wp-json\/wp\/v2\/product_tag?post=13902"}],"curies":[{"name":"wp","href":"https:\/\/api.w.org\/{rel}","templated":true}]}}